{"id":4075,"date":"2015-01-21T08:12:11","date_gmt":"2015-01-21T08:12:11","guid":{"rendered":"http:\/\/nam-viet-voyage.com\/?page_id=4075"},"modified":"2016-05-25T07:45:05","modified_gmt":"2016-05-25T07:45:05","slug":"mekong-riverside-resort","status":"publish","type":"page","link":"http:\/\/nam-viet-voyage.com\/fr\/mekong-riverside-resort\/","title":{"rendered":"Mekong Riverside Resort &#038; Spa"},"content":{"rendered":"<section class=\"l-section wpb_row height_medium\"><div class=\"l-section-h i-cf\"><div class=\"g-cols offset_small\"><div class=\" one-quarter\">[vc_wp_custommenu nav_menu=\u00a0\u00bb166&Prime; title=\u00a0\u00bbVotre h\u00f4tel &#8211; Nature\u00a0\u00bb]<\/div><div class=\" three-quarters\"><div class=\"w-image  align_center\"><img loading=\"lazy\" decoding=\"async\" width=\"730\" height=\"200\" src=\"http:\/\/nam-viet-voyage.com\/wp-content\/uploads\/2015\/01\/mekong-resort-riverside.png\" class=\"attachment-full size-full\" alt=\"mekong-resort-riverside\" srcset=\"http:\/\/nam-viet-voyage.com\/wp-content\/uploads\/2015\/01\/mekong-resort-riverside.png 730w, http:\/\/nam-viet-voyage.com\/wp-content\/uploads\/2015\/01\/mekong-resort-riverside-300x82.png 300w, http:\/\/nam-viet-voyage.com\/wp-content\/uploads\/2015\/01\/mekong-resort-riverside-600x164.png 600w, http:\/\/nam-viet-voyage.com\/wp-content\/uploads\/2015\/01\/mekong-resort-riverside-150x41.png 150w\" sizes=\"auto, (max-width: 730px) 100vw, 730px\" \/><\/div><div class=\"wpb_text_column \"><div class=\"wpb_wrapper\">\n<h2 style=\"text-align: center;\">Mekong Riverside Resort &amp; Spa<\/h2>\n<p style=\"text-align: justify;\">\u00c0 Cai Be, \u00e0 2 heures de route de Saigon, se trouve le Mekong Riverside Resort &amp; Spa. Cet \u00e9co-resort, situ\u00e9 sur le fleuve Mekong, allie confort et int\u00e9r\u00eat environnemental. Sa situation en fait un endroit id\u00e9al pour la relaxation mais aussi pour la d\u00e9couverte de la vie locale.<\/p>\n<p style=\"text-align: justify;\">L\u2019\u00e9tablissement se distingue par son jardin de 7 hectares, qui fournit le restaurant chaque jour en produits frais gr\u00e2ce au potager et \u00e0 la pisciculture, mais qui est \u00e9galement propice \u00e0 la promenade et \u00e0 la d\u00e9tente. L\u2019h\u00f4tel b\u00e9n\u00e9ficie de chambres et de bungalows, dont certains sont directement install\u00e9s sur le fleuve : vous pourrez ainsi profiter d\u2019un panorama sans \u00e9gal sur la vie quotidienne des habitants du delta du Mekong, tout en jouissant d\u2019une paisible tranquillit\u00e9.<\/p>\n<p style=\"text-align: justify;\">En outre, l\u2019eco-resort offre diverses activit\u00e9s : piscine, spa, tour d\u2019observation d\u2019oiseaux, v\u00e9los, kayaks\u2026 Il poss\u00e8de sa propre boulangerie, au sein de laquelle op\u00e8re un chef boulanger-p\u00e2tissier, qui n\u2019est jamais \u00e0 cours d\u2019id\u00e9es pour satisfaire les papilles de ses h\u00f4tes. Des cours de cuisine peuvent \u00e9galement \u00eatre organis\u00e9s \u00e0 la demande.<\/p>\n<\/div> <\/div> <div class=\"g-cols wpb_row offset_small vc_inner \"><div class=\" one-half\"><div class=\"w-image  align_center\"><img loading=\"lazy\" decoding=\"async\" width=\"320\" height=\"215\" src=\"http:\/\/nam-viet-voyage.com\/wp-content\/uploads\/2015\/01\/mekong-riverside-view.jpg\" class=\"attachment-full size-full\" alt=\"Mekong Riverside overview\" srcset=\"http:\/\/nam-viet-voyage.com\/wp-content\/uploads\/2015\/01\/mekong-riverside-view.jpg 320w, http:\/\/nam-viet-voyage.com\/wp-content\/uploads\/2015\/01\/mekong-riverside-view-300x202.jpg 300w, http:\/\/nam-viet-voyage.com\/wp-content\/uploads\/2015\/01\/mekong-riverside-view-150x101.jpg 150w, http:\/\/nam-viet-voyage.com\/wp-content\/uploads\/2015\/01\/mekong-riverside-view-298x200.jpg 298w\" sizes=\"auto, (max-width: 320px) 100vw, 320px\" \/><\/div><div class=\"w-image  align_center\"><img loading=\"lazy\" decoding=\"async\" width=\"320\" height=\"214\" src=\"http:\/\/nam-viet-voyage.com\/wp-content\/uploads\/2015\/01\/mekong-riverside-over-river.jpg\" class=\"attachment-full size-full\" alt=\"Mekong Riverside terrace\" srcset=\"http:\/\/nam-viet-voyage.com\/wp-content\/uploads\/2015\/01\/mekong-riverside-over-river.jpg 320w, http:\/\/nam-viet-voyage.com\/wp-content\/uploads\/2015\/01\/mekong-riverside-over-river-300x200.jpg 300w, http:\/\/nam-viet-voyage.com\/wp-content\/uploads\/2015\/01\/mekong-riverside-over-river-150x100.jpg 150w\" sizes=\"auto, (max-width: 320px) 100vw, 320px\" \/><\/div><\/div><div class=\" one-half\"><div class=\"w-image  align_center\"><img loading=\"lazy\" decoding=\"async\" width=\"320\" height=\"214\" src=\"http:\/\/nam-viet-voyage.com\/wp-content\/uploads\/2015\/01\/mekong-riverside-dinner.jpg\" class=\"attachment-full size-full\" alt=\"Mekong Riverside table for dinner\" srcset=\"http:\/\/nam-viet-voyage.com\/wp-content\/uploads\/2015\/01\/mekong-riverside-dinner.jpg 320w, http:\/\/nam-viet-voyage.com\/wp-content\/uploads\/2015\/01\/mekong-riverside-dinner-300x200.jpg 300w, http:\/\/nam-viet-voyage.com\/wp-content\/uploads\/2015\/01\/mekong-riverside-dinner-150x100.jpg 150w\" sizes=\"auto, (max-width: 320px) 100vw, 320px\" \/><\/div><div class=\"w-image  align_center\"><img loading=\"lazy\" decoding=\"async\" width=\"320\" height=\"216\" src=\"http:\/\/nam-viet-voyage.com\/wp-content\/uploads\/2015\/01\/mekong-riverside-bungalow.jpg\" class=\"attachment-full size-full\" alt=\"Mekong Riverside bungalows along river\" srcset=\"http:\/\/nam-viet-voyage.com\/wp-content\/uploads\/2015\/01\/mekong-riverside-bungalow.jpg 320w, http:\/\/nam-viet-voyage.com\/wp-content\/uploads\/2015\/01\/mekong-riverside-bungalow-300x203.jpg 300w, http:\/\/nam-viet-voyage.com\/wp-content\/uploads\/2015\/01\/mekong-riverside-bungalow-150x101.jpg 150w, http:\/\/nam-viet-voyage.com\/wp-content\/uploads\/2015\/01\/mekong-riverside-bungalow-296x200.jpg 296w\" sizes=\"auto, (max-width: 320px) 100vw, 320px\" \/><\/div><\/div><\/div><\/div><\/div><\/div><\/section><section class=\"l-section wpb_row height_medium color_secondary\"><div class=\"l-section-h i-cf\"><div class=\"g-cols offset_small\"><div class=\" full-width\"><div class=\"g-cols wpb_row offset_small vc_inner \"><div class=\" full-width\">[vc_custom_heading text=\u00a0\u00bbPour tout projet ou information compl\u00e9mentaire, merci de nous contacter !\u00a0\u00bb font_container=\u00a0\u00bbtag:p|font_size:24|text_align:center\u00a0\u00bb google_fonts=\u00a0\u00bbfont_family:Nothing%20You%20Could%20Do%3Aregular|font_style:400%20regular%3A400%3Anormal\u00a0\u00bb]\n<div class=\"wpcf7 no-js\" id=\"wpcf7-f5977-o1\" lang=\"fr-FR\" dir=\"ltr\" data-wpcf7-id=\"5977\">\n<div class=\"screen-reader-response\"><p role=\"status\" aria-live=\"polite\" aria-atomic=\"true\"><\/p> <ul><\/ul><\/div>\n<form action=\"\/fr\/wp-json\/wp\/v2\/pages\/4075#wpcf7-f5977-o1\" method=\"post\" class=\"wpcf7-form init\" aria-label=\"Formulaire de contact\" novalidate=\"novalidate\" data-status=\"init\">\n<fieldset class=\"hidden-fields-container\"><input type=\"hidden\" name=\"_wpcf7\" value=\"5977\" \/><input type=\"hidden\" name=\"_wpcf7_version\" value=\"6.1.5\" \/><input type=\"hidden\" name=\"_wpcf7_locale\" value=\"fr_FR\" \/><input type=\"hidden\" name=\"_wpcf7_unit_tag\" value=\"wpcf7-f5977-o1\" \/><input type=\"hidden\" name=\"_wpcf7_container_post\" value=\"0\" \/><input type=\"hidden\" name=\"_wpcf7_posted_data_hash\" value=\"\" \/>\n<\/fieldset>\n<p>Votre Nom *\n<\/p>\n<p><span class=\"wpcf7-form-control-wrap\" data-name=\"your-name\"><input size=\"40\" maxlength=\"400\" class=\"wpcf7-form-control wpcf7-text wpcf7-validates-as-required\" aria-required=\"true\" aria-invalid=\"false\" value=\"\" type=\"text\" name=\"your-name\" \/><\/span>\n<\/p>\n<p>Votre Email *\n<\/p>\n<p><span class=\"wpcf7-form-control-wrap\" data-name=\"your-email\"><input size=\"40\" maxlength=\"400\" class=\"wpcf7-form-control wpcf7-email wpcf7-validates-as-required wpcf7-text wpcf7-validates-as-email\" aria-required=\"true\" aria-invalid=\"false\" value=\"\" type=\"email\" name=\"your-email\" \/><\/span>\n<\/p>\n<p>Votre Message *\n<\/p>\n<p><span class=\"wpcf7-form-control-wrap\" data-name=\"your-message\"><textarea cols=\"40\" rows=\"10\" maxlength=\"2000\" class=\"wpcf7-form-control wpcf7-textarea wpcf7-validates-as-required\" aria-required=\"true\" aria-invalid=\"false\" name=\"your-message\"><\/textarea><\/span>\n<\/p>\n<p><input class=\"wpcf7-form-control wpcf7-submit has-spinner\" type=\"submit\" value=\"Envoyer\" \/>\n<\/p><div class=\"wpcf7-response-output\" aria-hidden=\"true\"><\/div>\n<\/form>\n<\/div>\n<\/div><\/div><\/div><\/div><\/div><\/section>\n<p><a href=\"\/\/www.pinterest.com\/pin\/create\/button\/\" data-pin-do=\"buttonBookmark\" data-pin-color=\"red\" data-pin-height=\"128\"><img decoding=\"async\" src=\"\/\/assets.pinterest.com\/images\/pidgets\/pinit_fg_en_rect_red_28.png\" \/><\/a><\/p>","protected":false},"excerpt":{"rendered":"[vc_wp_custommenu nav_menu=\"166\" title=\"Votre h\u00f4tel - Nature\"] Mekong Riverside Resort &amp; Spa \u00c0 Cai Be, \u00e0 2 heures de route de Saigon, se trouve le Mekong Riverside Resort &amp; Spa. Cet...","protected":false},"author":2,"featured_media":0,"parent":0,"menu_order":0,"comment_status":"closed","ping_status":"open","template":"","meta":{"_crdt_document":"","footnotes":""},"class_list":["post-4075","page","type-page","status-publish","hentry"],"yoast_head":"<!-- This site is optimized with the Yoast SEO plugin v26.9 - https:\/\/yoast.com\/product\/yoast-seo-wordpress\/ -->\n<title>Mekong Riverside Resort &amp; Spa - Nam Viet Voyage<\/title>\n<meta name=\"description\" content=\"Situ\u00e9 sur le fleuve Mekong, le Mekong Riverside Resort &amp; Spa allie confort et tranquillit\u00e9 dans un cadre naturel et respectueux de l&#039;environnement.\" \/>\n<meta name=\"robots\" content=\"index, follow, max-snippet:-1, max-image-preview:large, max-video-preview:-1\" \/>\n<link rel=\"canonical\" href=\"http:\/\/nam-viet-voyage.com\/fr\/mekong-riverside-resort\/\" \/>\n<meta property=\"og:locale\" content=\"fr_FR\" \/>\n<meta property=\"og:type\" content=\"article\" \/>\n<meta property=\"og:title\" content=\"Mekong Riverside Resort &amp; Spa - Nam Viet Voyage\" \/>\n<meta property=\"og:description\" content=\"Situ\u00e9 sur le fleuve Mekong, le Mekong Riverside Resort &amp; Spa allie confort et tranquillit\u00e9 dans un cadre naturel et respectueux de l&#039;environnement.\" \/>\n<meta property=\"og:url\" content=\"http:\/\/nam-viet-voyage.com\/fr\/mekong-riverside-resort\/\" \/>\n<meta property=\"og:site_name\" content=\"Nam Viet Voyage\" \/>\n<meta property=\"article:publisher\" content=\"https:\/\/www.facebook.com\/NamVietVoyage\" \/>\n<meta property=\"article:modified_time\" content=\"2016-05-25T07:45:05+00:00\" \/>\n<meta name=\"twitter:card\" content=\"summary_large_image\" \/>\n<meta name=\"twitter:site\" content=\"@NamVietVoyage\" \/>\n<meta name=\"twitter:label1\" content=\"Dur\u00e9e de lecture estim\u00e9e\" \/>\n\t<meta name=\"twitter:data1\" content=\"2 minutes\" \/>\n<script type=\"application\/ld+json\" class=\"yoast-schema-graph\">{\"@context\":\"https:\/\/schema.org\",\"@graph\":[{\"@type\":\"WebPage\",\"@id\":\"http:\/\/nam-viet-voyage.com\/fr\/mekong-riverside-resort\/\",\"url\":\"http:\/\/nam-viet-voyage.com\/fr\/mekong-riverside-resort\/\",\"name\":\"Mekong Riverside Resort & Spa - Nam Viet Voyage\",\"isPartOf\":{\"@id\":\"https:\/\/nam-viet-voyage.com\/#website\"},\"datePublished\":\"2015-01-21T08:12:11+00:00\",\"dateModified\":\"2016-05-25T07:45:05+00:00\",\"description\":\"Situ\u00e9 sur le fleuve Mekong, le Mekong Riverside Resort & Spa allie confort et tranquillit\u00e9 dans un cadre naturel et respectueux de l'environnement.\",\"breadcrumb\":{\"@id\":\"http:\/\/nam-viet-voyage.com\/fr\/mekong-riverside-resort\/#breadcrumb\"},\"inLanguage\":\"fr-FR\",\"potentialAction\":[{\"@type\":\"ReadAction\",\"target\":[\"http:\/\/nam-viet-voyage.com\/fr\/mekong-riverside-resort\/\"]}]},{\"@type\":\"BreadcrumbList\",\"@id\":\"http:\/\/nam-viet-voyage.com\/fr\/mekong-riverside-resort\/#breadcrumb\",\"itemListElement\":[{\"@type\":\"ListItem\",\"position\":1,\"name\":\"Home\",\"item\":\"http:\/\/nam-viet-voyage.com\/fr\/\"},{\"@type\":\"ListItem\",\"position\":2,\"name\":\"Mekong Riverside Resort &#038; Spa\"}]},{\"@type\":\"WebSite\",\"@id\":\"https:\/\/nam-viet-voyage.com\/#website\",\"url\":\"https:\/\/nam-viet-voyage.com\/\",\"name\":\"Nam Viet Voyage\",\"description\":\"Voyages en Asie du Sud-Est\",\"potentialAction\":[{\"@type\":\"SearchAction\",\"target\":{\"@type\":\"EntryPoint\",\"urlTemplate\":\"https:\/\/nam-viet-voyage.com\/?s={search_term_string}\"},\"query-input\":{\"@type\":\"PropertyValueSpecification\",\"valueRequired\":true,\"valueName\":\"search_term_string\"}}],\"inLanguage\":\"fr-FR\"}]}<\/script>\n<!-- \/ Yoast SEO plugin. -->","yoast_head_json":{"title":"Mekong Riverside Resort & Spa - Nam Viet Voyage","description":"Situ\u00e9 sur le fleuve Mekong, le Mekong Riverside Resort & Spa allie confort et tranquillit\u00e9 dans un cadre naturel et respectueux de l'environnement.","robots":{"index":"index","follow":"follow","max-snippet":"max-snippet:-1","max-image-preview":"max-image-preview:large","max-video-preview":"max-video-preview:-1"},"canonical":"http:\/\/nam-viet-voyage.com\/fr\/mekong-riverside-resort\/","og_locale":"fr_FR","og_type":"article","og_title":"Mekong Riverside Resort & Spa - Nam Viet Voyage","og_description":"Situ\u00e9 sur le fleuve Mekong, le Mekong Riverside Resort & Spa allie confort et tranquillit\u00e9 dans un cadre naturel et respectueux de l'environnement.","og_url":"http:\/\/nam-viet-voyage.com\/fr\/mekong-riverside-resort\/","og_site_name":"Nam Viet Voyage","article_publisher":"https:\/\/www.facebook.com\/NamVietVoyage","article_modified_time":"2016-05-25T07:45:05+00:00","twitter_card":"summary_large_image","twitter_site":"@NamVietVoyage","twitter_misc":{"Dur\u00e9e de lecture estim\u00e9e":"2 minutes"},"schema":{"@context":"https:\/\/schema.org","@graph":[{"@type":"WebPage","@id":"http:\/\/nam-viet-voyage.com\/fr\/mekong-riverside-resort\/","url":"http:\/\/nam-viet-voyage.com\/fr\/mekong-riverside-resort\/","name":"Mekong Riverside Resort & Spa - Nam Viet Voyage","isPartOf":{"@id":"https:\/\/nam-viet-voyage.com\/#website"},"datePublished":"2015-01-21T08:12:11+00:00","dateModified":"2016-05-25T07:45:05+00:00","description":"Situ\u00e9 sur le fleuve Mekong, le Mekong Riverside Resort & Spa allie confort et tranquillit\u00e9 dans un cadre naturel et respectueux de l'environnement.","breadcrumb":{"@id":"http:\/\/nam-viet-voyage.com\/fr\/mekong-riverside-resort\/#breadcrumb"},"inLanguage":"fr-FR","potentialAction":[{"@type":"ReadAction","target":["http:\/\/nam-viet-voyage.com\/fr\/mekong-riverside-resort\/"]}]},{"@type":"BreadcrumbList","@id":"http:\/\/nam-viet-voyage.com\/fr\/mekong-riverside-resort\/#breadcrumb","itemListElement":[{"@type":"ListItem","position":1,"name":"Home","item":"http:\/\/nam-viet-voyage.com\/fr\/"},{"@type":"ListItem","position":2,"name":"Mekong Riverside Resort &#038; Spa"}]},{"@type":"WebSite","@id":"https:\/\/nam-viet-voyage.com\/#website","url":"https:\/\/nam-viet-voyage.com\/","name":"Nam Viet Voyage","description":"Voyages en Asie du Sud-Est","potentialAction":[{"@type":"SearchAction","target":{"@type":"EntryPoint","urlTemplate":"https:\/\/nam-viet-voyage.com\/?s={search_term_string}"},"query-input":{"@type":"PropertyValueSpecification","valueRequired":true,"valueName":"search_term_string"}}],"inLanguage":"fr-FR"}]}},"_links":{"self":[{"href":"http:\/\/nam-viet-voyage.com\/fr\/wp-json\/wp\/v2\/pages\/4075","targetHints":{"allow":["GET"]}}],"collection":[{"href":"http:\/\/nam-viet-voyage.com\/fr\/wp-json\/wp\/v2\/pages"}],"about":[{"href":"http:\/\/nam-viet-voyage.com\/fr\/wp-json\/wp\/v2\/types\/page"}],"author":[{"embeddable":true,"href":"http:\/\/nam-viet-voyage.com\/fr\/wp-json\/wp\/v2\/users\/2"}],"replies":[{"embeddable":true,"href":"http:\/\/nam-viet-voyage.com\/fr\/wp-json\/wp\/v2\/comments?post=4075"}],"version-history":[{"count":15,"href":"http:\/\/nam-viet-voyage.com\/fr\/wp-json\/wp\/v2\/pages\/4075\/revisions"}],"predecessor-version":[{"id":11374,"href":"http:\/\/nam-viet-voyage.com\/fr\/wp-json\/wp\/v2\/pages\/4075\/revisions\/11374"}],"wp:attachment":[{"href":"http:\/\/nam-viet-voyage.com\/fr\/wp-json\/wp\/v2\/media?parent=4075"}],"curies":[{"name":"wp","href":"https:\/\/api.w.org\/{rel}","templated":true}]}}