{"id":3965,"date":"2015-01-20T02:29:47","date_gmt":"2015-01-20T02:29:47","guid":{"rendered":"http:\/\/nam-viet-voyage.com\/?page_id=3965"},"modified":"2016-05-25T07:45:05","modified_gmt":"2016-05-25T07:45:05","slug":"mia-resort-nha-trang","status":"publish","type":"page","link":"http:\/\/nam-viet-voyage.com\/fr\/mia-resort-nha-trang\/","title":{"rendered":"Mia Resort &#8211; Nha Trang"},"content":{"rendered":"<section class=\"l-section wpb_row height_medium\"><div class=\"l-section-h i-cf\"><div class=\"g-cols offset_small\"><div class=\" one-quarter\">[vc_wp_custommenu nav_menu=\u00a0\u00bb165&Prime; title=\u00a0\u00bbVotre h\u00f4tel &#8211; Baln\u00e9aire\u00a0\u00bb]<\/div><div class=\" three-quarters\"><div class=\"w-image  align_center\"><img loading=\"lazy\" decoding=\"async\" width=\"730\" height=\"200\" src=\"http:\/\/nam-viet-voyage.com\/wp-content\/uploads\/2015\/01\/nha-trang-mia-resort-and-spa-1.png\" class=\"attachment-full size-full\" alt=\"nha-trang-mia-resort-and-spa-\" srcset=\"http:\/\/nam-viet-voyage.com\/wp-content\/uploads\/2015\/01\/nha-trang-mia-resort-and-spa-1.png 730w, http:\/\/nam-viet-voyage.com\/wp-content\/uploads\/2015\/01\/nha-trang-mia-resort-and-spa-1-300x82.png 300w, http:\/\/nam-viet-voyage.com\/wp-content\/uploads\/2015\/01\/nha-trang-mia-resort-and-spa-1-600x164.png 600w, http:\/\/nam-viet-voyage.com\/wp-content\/uploads\/2015\/01\/nha-trang-mia-resort-and-spa-1-150x41.png 150w\" sizes=\"auto, (max-width: 730px) 100vw, 730px\" \/><\/div><div class=\"wpb_text_column \"><div class=\"wpb_wrapper\">\n<div class=\"vc_custom_heading wpb_content_element\">\n<h2 style=\"text-align: center;\">Mia Resort &#8211; Nha Trang<\/h2>\n<p style=\"text-align: left;\">Situ\u00e9 sur la c\u00f4te baln\u00e9aire de Nha Trang, au centre du Vietnam, le Mia Resort se trouve dans un lieu paradisiaque. Au c\u0153ur d\u2019un vaste jardin, plusieurs types de chambres sont disponibles : appartement, villa ou suite, selon votre convenance. Chaque r\u00e9sidence b\u00e9n\u00e9ficie de la vue sur la mer et d\u2019une v\u00e9randa priv\u00e9e. La d\u00e9coration, sobre mais contemporaine, invite \u00e0 la d\u00e9tente et \u00e0 la tranquillit\u00e9. Au sein de l\u2019h\u00f4tel, le Xanh Spa est l\u2019endroit id\u00e9al pour la relaxation. De plus, des cours de yoga, en groupe ou priv\u00e9, sont mis en place pour permettre aux h\u00f4tes d\u2019atteindre un bien-\u00eatre optimal. Au restaurant de l\u2019h\u00f4tel, Sandals, qui sert de la cuisine vietnamienne et occidentale, des cours de cuisine sont dispens\u00e9s \u00e0 la demande. Enfin, gr\u00e2ce \u00e0 la situation id\u00e9ale du lieu, des activit\u00e9s nautiques et aquatiques sont disponibles.<\/p>\n<\/div>\n<\/div> <\/div> <div class=\"g-cols wpb_row offset_small vc_inner \"><div class=\" full-width\">[vc_empty_space height=\u00a0\u00bb30px\u00a0\u00bb]<\/div><\/div><div class=\"g-cols wpb_row offset_small vc_inner \"><div class=\" one-half\"><div class=\"w-image  align_center\"><img loading=\"lazy\" decoding=\"async\" width=\"320\" height=\"213\" src=\"http:\/\/nam-viet-voyage.com\/wp-content\/uploads\/2015\/01\/mia-resort-nha-trang-3.jpg\" class=\"attachment-full size-full\" alt=\"mia resort nha trang 3\" srcset=\"http:\/\/nam-viet-voyage.com\/wp-content\/uploads\/2015\/01\/mia-resort-nha-trang-3.jpg 320w, http:\/\/nam-viet-voyage.com\/wp-content\/uploads\/2015\/01\/mia-resort-nha-trang-3-300x200.jpg 300w, http:\/\/nam-viet-voyage.com\/wp-content\/uploads\/2015\/01\/mia-resort-nha-trang-3-150x100.jpg 150w\" sizes=\"auto, (max-width: 320px) 100vw, 320px\" \/><\/div><div class=\"w-image  align_center\"><img loading=\"lazy\" decoding=\"async\" width=\"320\" height=\"213\" src=\"http:\/\/nam-viet-voyage.com\/wp-content\/uploads\/2015\/01\/mia-resort-nha-trang-4.jpg\" class=\"attachment-full size-full\" alt=\"mia resort nha trang 4\" srcset=\"http:\/\/nam-viet-voyage.com\/wp-content\/uploads\/2015\/01\/mia-resort-nha-trang-4.jpg 320w, http:\/\/nam-viet-voyage.com\/wp-content\/uploads\/2015\/01\/mia-resort-nha-trang-4-300x200.jpg 300w, http:\/\/nam-viet-voyage.com\/wp-content\/uploads\/2015\/01\/mia-resort-nha-trang-4-150x100.jpg 150w\" sizes=\"auto, (max-width: 320px) 100vw, 320px\" \/><\/div><\/div><div class=\" one-half\"><div class=\"w-image  align_center\"><img loading=\"lazy\" decoding=\"async\" width=\"320\" height=\"213\" src=\"http:\/\/nam-viet-voyage.com\/wp-content\/uploads\/2015\/01\/mia-resort-nha-trang-2.jpg\" class=\"attachment-full size-full\" alt=\"mia resort nha trang 2\" srcset=\"http:\/\/nam-viet-voyage.com\/wp-content\/uploads\/2015\/01\/mia-resort-nha-trang-2.jpg 320w, http:\/\/nam-viet-voyage.com\/wp-content\/uploads\/2015\/01\/mia-resort-nha-trang-2-300x200.jpg 300w, http:\/\/nam-viet-voyage.com\/wp-content\/uploads\/2015\/01\/mia-resort-nha-trang-2-150x100.jpg 150w\" sizes=\"auto, (max-width: 320px) 100vw, 320px\" \/><\/div><div class=\"w-image  align_center\"><img loading=\"lazy\" decoding=\"async\" width=\"320\" height=\"213\" src=\"http:\/\/nam-viet-voyage.com\/wp-content\/uploads\/2015\/01\/mia-resort-nha-trang.jpg\" class=\"attachment-full size-full\" alt=\"mia resort nha trang\" srcset=\"http:\/\/nam-viet-voyage.com\/wp-content\/uploads\/2015\/01\/mia-resort-nha-trang.jpg 320w, http:\/\/nam-viet-voyage.com\/wp-content\/uploads\/2015\/01\/mia-resort-nha-trang-300x200.jpg 300w, http:\/\/nam-viet-voyage.com\/wp-content\/uploads\/2015\/01\/mia-resort-nha-trang-150x100.jpg 150w\" sizes=\"auto, (max-width: 320px) 100vw, 320px\" \/><\/div><\/div><\/div><\/div><\/div><\/div><\/section><section class=\"l-section wpb_row height_medium color_secondary\"><div class=\"l-section-h i-cf\"><div class=\"g-cols offset_small\"><div class=\" full-width\"><div class=\"g-cols wpb_row offset_small vc_inner \"><div class=\" full-width\">[vc_custom_heading text=\u00a0\u00bbPour tout projet ou information compl\u00e9mentaire, merci de nous contacter !\u00a0\u00bb font_container=\u00a0\u00bbtag:p|font_size:24|text_align:center\u00a0\u00bb google_fonts=\u00a0\u00bbfont_family:Nothing%20You%20Could%20Do%3Aregular|font_style:400%20regular%3A400%3Anormal\u00a0\u00bb]\n<div class=\"wpcf7 no-js\" id=\"wpcf7-f5977-o1\" lang=\"fr-FR\" dir=\"ltr\" data-wpcf7-id=\"5977\">\n<div class=\"screen-reader-response\"><p role=\"status\" aria-live=\"polite\" aria-atomic=\"true\"><\/p> <ul><\/ul><\/div>\n<form action=\"\/fr\/wp-json\/wp\/v2\/pages\/3965#wpcf7-f5977-o1\" method=\"post\" class=\"wpcf7-form init\" aria-label=\"Formulaire de contact\" novalidate=\"novalidate\" data-status=\"init\">\n<fieldset class=\"hidden-fields-container\"><input type=\"hidden\" name=\"_wpcf7\" value=\"5977\" \/><input type=\"hidden\" name=\"_wpcf7_version\" value=\"6.1.5\" \/><input type=\"hidden\" name=\"_wpcf7_locale\" value=\"fr_FR\" \/><input type=\"hidden\" name=\"_wpcf7_unit_tag\" value=\"wpcf7-f5977-o1\" \/><input type=\"hidden\" name=\"_wpcf7_container_post\" value=\"0\" \/><input type=\"hidden\" name=\"_wpcf7_posted_data_hash\" value=\"\" \/>\n<\/fieldset>\n<p>Votre Nom *\n<\/p>\n<p><span class=\"wpcf7-form-control-wrap\" data-name=\"your-name\"><input size=\"40\" maxlength=\"400\" class=\"wpcf7-form-control wpcf7-text wpcf7-validates-as-required\" aria-required=\"true\" aria-invalid=\"false\" value=\"\" type=\"text\" name=\"your-name\" \/><\/span>\n<\/p>\n<p>Votre Email *\n<\/p>\n<p><span class=\"wpcf7-form-control-wrap\" data-name=\"your-email\"><input size=\"40\" maxlength=\"400\" class=\"wpcf7-form-control wpcf7-email wpcf7-validates-as-required wpcf7-text wpcf7-validates-as-email\" aria-required=\"true\" aria-invalid=\"false\" value=\"\" type=\"email\" name=\"your-email\" \/><\/span>\n<\/p>\n<p>Votre Message *\n<\/p>\n<p><span class=\"wpcf7-form-control-wrap\" data-name=\"your-message\"><textarea cols=\"40\" rows=\"10\" maxlength=\"2000\" class=\"wpcf7-form-control wpcf7-textarea wpcf7-validates-as-required\" aria-required=\"true\" aria-invalid=\"false\" name=\"your-message\"><\/textarea><\/span>\n<\/p>\n<p><input class=\"wpcf7-form-control wpcf7-submit has-spinner\" type=\"submit\" value=\"Envoyer\" \/>\n<\/p><div class=\"wpcf7-response-output\" aria-hidden=\"true\"><\/div>\n<\/form>\n<\/div>\n<\/div><\/div><\/div><\/div><\/div><\/section>\n<p><a href=\"\/\/www.pinterest.com\/pin\/create\/button\/\" data-pin-do=\"buttonBookmark\" data-pin-color=\"red\" data-pin-height=\"128\"><img decoding=\"async\" src=\"\/\/assets.pinterest.com\/images\/pidgets\/pinit_fg_en_rect_red_28.png\" \/><\/a><\/p>","protected":false},"excerpt":{"rendered":"[vc_wp_custommenu nav_menu=\"165\" title=\"Votre h\u00f4tel - Baln\u00e9aire\"] Mia Resort - Nha Trang Situ\u00e9 sur la c\u00f4te baln\u00e9aire de Nha Trang, au centre du Vietnam, le Mia Resort se trouve dans un...","protected":false},"author":2,"featured_media":0,"parent":0,"menu_order":0,"comment_status":"closed","ping_status":"open","template":"","meta":{"_crdt_document":"","footnotes":""},"class_list":["post-3965","page","type-page","status-publish","hentry"],"yoast_head":"<!-- This site is optimized with the Yoast SEO plugin v26.9 - https:\/\/yoast.com\/product\/yoast-seo-wordpress\/ -->\n<title>Mia Resort - Nha Trang - Nam Viet Voyage<\/title>\n<meta name=\"description\" content=\"\u00c0 Nha Trang, au centre du Vietnam, le Mia Resort est un endroit plac\u00e9 sous le signe du bien-\u00eatre et de la relaxation, associ\u00e9 \u00e0 un luxueux confort.\" \/>\n<meta name=\"robots\" content=\"index, follow, max-snippet:-1, max-image-preview:large, max-video-preview:-1\" \/>\n<link rel=\"canonical\" href=\"https:\/\/nam-viet-voyage.com\/fr\/mia-resort-nha-trang\/\" \/>\n<meta property=\"og:locale\" content=\"fr_FR\" \/>\n<meta property=\"og:type\" content=\"article\" \/>\n<meta property=\"og:title\" content=\"Mia Resort - Nha Trang - Nam Viet Voyage\" \/>\n<meta property=\"og:description\" content=\"\u00c0 Nha Trang, au centre du Vietnam, le Mia Resort est un endroit plac\u00e9 sous le signe du bien-\u00eatre et de la relaxation, associ\u00e9 \u00e0 un luxueux confort.\" \/>\n<meta property=\"og:url\" content=\"https:\/\/nam-viet-voyage.com\/fr\/mia-resort-nha-trang\/\" \/>\n<meta property=\"og:site_name\" content=\"Nam Viet Voyage\" \/>\n<meta property=\"article:publisher\" content=\"https:\/\/www.facebook.com\/NamVietVoyage\" \/>\n<meta property=\"article:modified_time\" content=\"2016-05-25T07:45:05+00:00\" \/>\n<meta name=\"twitter:card\" content=\"summary_large_image\" \/>\n<meta name=\"twitter:site\" content=\"@NamVietVoyage\" \/>\n<meta name=\"twitter:label1\" content=\"Dur\u00e9e de lecture estim\u00e9e\" \/>\n\t<meta name=\"twitter:data1\" content=\"2 minutes\" \/>\n<script type=\"application\/ld+json\" class=\"yoast-schema-graph\">{\"@context\":\"https:\/\/schema.org\",\"@graph\":[{\"@type\":\"WebPage\",\"@id\":\"https:\/\/nam-viet-voyage.com\/fr\/mia-resort-nha-trang\/\",\"url\":\"https:\/\/nam-viet-voyage.com\/fr\/mia-resort-nha-trang\/\",\"name\":\"Mia Resort - Nha Trang - Nam Viet Voyage\",\"isPartOf\":{\"@id\":\"http:\/\/nam-viet-voyage.com\/fr\/#website\"},\"datePublished\":\"2015-01-20T02:29:47+00:00\",\"dateModified\":\"2016-05-25T07:45:05+00:00\",\"description\":\"\u00c0 Nha Trang, au centre du Vietnam, le Mia Resort est un endroit plac\u00e9 sous le signe du bien-\u00eatre et de la relaxation, associ\u00e9 \u00e0 un luxueux confort.\",\"breadcrumb\":{\"@id\":\"https:\/\/nam-viet-voyage.com\/fr\/mia-resort-nha-trang\/#breadcrumb\"},\"inLanguage\":\"fr-FR\",\"potentialAction\":[{\"@type\":\"ReadAction\",\"target\":[\"https:\/\/nam-viet-voyage.com\/fr\/mia-resort-nha-trang\/\"]}]},{\"@type\":\"BreadcrumbList\",\"@id\":\"https:\/\/nam-viet-voyage.com\/fr\/mia-resort-nha-trang\/#breadcrumb\",\"itemListElement\":[{\"@type\":\"ListItem\",\"position\":1,\"name\":\"Home\",\"item\":\"http:\/\/nam-viet-voyage.com\/fr\/\"},{\"@type\":\"ListItem\",\"position\":2,\"name\":\"Mia Resort &#8211; Nha Trang\"}]},{\"@type\":\"WebSite\",\"@id\":\"http:\/\/nam-viet-voyage.com\/fr\/#website\",\"url\":\"http:\/\/nam-viet-voyage.com\/fr\/\",\"name\":\"Nam Viet Voyage\",\"description\":\"Voyages en Asie du Sud-Est\",\"potentialAction\":[{\"@type\":\"SearchAction\",\"target\":{\"@type\":\"EntryPoint\",\"urlTemplate\":\"http:\/\/nam-viet-voyage.com\/fr\/?s={search_term_string}\"},\"query-input\":{\"@type\":\"PropertyValueSpecification\",\"valueRequired\":true,\"valueName\":\"search_term_string\"}}],\"inLanguage\":\"fr-FR\"}]}<\/script>\n<!-- \/ Yoast SEO plugin. -->","yoast_head_json":{"title":"Mia Resort - Nha Trang - Nam Viet Voyage","description":"\u00c0 Nha Trang, au centre du Vietnam, le Mia Resort est un endroit plac\u00e9 sous le signe du bien-\u00eatre et de la relaxation, associ\u00e9 \u00e0 un luxueux confort.","robots":{"index":"index","follow":"follow","max-snippet":"max-snippet:-1","max-image-preview":"max-image-preview:large","max-video-preview":"max-video-preview:-1"},"canonical":"https:\/\/nam-viet-voyage.com\/fr\/mia-resort-nha-trang\/","og_locale":"fr_FR","og_type":"article","og_title":"Mia Resort - Nha Trang - Nam Viet Voyage","og_description":"\u00c0 Nha Trang, au centre du Vietnam, le Mia Resort est un endroit plac\u00e9 sous le signe du bien-\u00eatre et de la relaxation, associ\u00e9 \u00e0 un luxueux confort.","og_url":"https:\/\/nam-viet-voyage.com\/fr\/mia-resort-nha-trang\/","og_site_name":"Nam Viet Voyage","article_publisher":"https:\/\/www.facebook.com\/NamVietVoyage","article_modified_time":"2016-05-25T07:45:05+00:00","twitter_card":"summary_large_image","twitter_site":"@NamVietVoyage","twitter_misc":{"Dur\u00e9e de lecture estim\u00e9e":"2 minutes"},"schema":{"@context":"https:\/\/schema.org","@graph":[{"@type":"WebPage","@id":"https:\/\/nam-viet-voyage.com\/fr\/mia-resort-nha-trang\/","url":"https:\/\/nam-viet-voyage.com\/fr\/mia-resort-nha-trang\/","name":"Mia Resort - Nha Trang - Nam Viet Voyage","isPartOf":{"@id":"http:\/\/nam-viet-voyage.com\/fr\/#website"},"datePublished":"2015-01-20T02:29:47+00:00","dateModified":"2016-05-25T07:45:05+00:00","description":"\u00c0 Nha Trang, au centre du Vietnam, le Mia Resort est un endroit plac\u00e9 sous le signe du bien-\u00eatre et de la relaxation, associ\u00e9 \u00e0 un luxueux confort.","breadcrumb":{"@id":"https:\/\/nam-viet-voyage.com\/fr\/mia-resort-nha-trang\/#breadcrumb"},"inLanguage":"fr-FR","potentialAction":[{"@type":"ReadAction","target":["https:\/\/nam-viet-voyage.com\/fr\/mia-resort-nha-trang\/"]}]},{"@type":"BreadcrumbList","@id":"https:\/\/nam-viet-voyage.com\/fr\/mia-resort-nha-trang\/#breadcrumb","itemListElement":[{"@type":"ListItem","position":1,"name":"Home","item":"http:\/\/nam-viet-voyage.com\/fr\/"},{"@type":"ListItem","position":2,"name":"Mia Resort &#8211; Nha Trang"}]},{"@type":"WebSite","@id":"http:\/\/nam-viet-voyage.com\/fr\/#website","url":"http:\/\/nam-viet-voyage.com\/fr\/","name":"Nam Viet Voyage","description":"Voyages en Asie du Sud-Est","potentialAction":[{"@type":"SearchAction","target":{"@type":"EntryPoint","urlTemplate":"http:\/\/nam-viet-voyage.com\/fr\/?s={search_term_string}"},"query-input":{"@type":"PropertyValueSpecification","valueRequired":true,"valueName":"search_term_string"}}],"inLanguage":"fr-FR"}]}},"_links":{"self":[{"href":"http:\/\/nam-viet-voyage.com\/fr\/wp-json\/wp\/v2\/pages\/3965","targetHints":{"allow":["GET"]}}],"collection":[{"href":"http:\/\/nam-viet-voyage.com\/fr\/wp-json\/wp\/v2\/pages"}],"about":[{"href":"http:\/\/nam-viet-voyage.com\/fr\/wp-json\/wp\/v2\/types\/page"}],"author":[{"embeddable":true,"href":"http:\/\/nam-viet-voyage.com\/fr\/wp-json\/wp\/v2\/users\/2"}],"replies":[{"embeddable":true,"href":"http:\/\/nam-viet-voyage.com\/fr\/wp-json\/wp\/v2\/comments?post=3965"}],"version-history":[{"count":17,"href":"http:\/\/nam-viet-voyage.com\/fr\/wp-json\/wp\/v2\/pages\/3965\/revisions"}],"predecessor-version":[{"id":11377,"href":"http:\/\/nam-viet-voyage.com\/fr\/wp-json\/wp\/v2\/pages\/3965\/revisions\/11377"}],"wp:attachment":[{"href":"http:\/\/nam-viet-voyage.com\/fr\/wp-json\/wp\/v2\/media?parent=3965"}],"curies":[{"name":"wp","href":"https:\/\/api.w.org\/{rel}","templated":true}]}}