{"id":3959,"date":"2015-01-20T02:22:50","date_gmt":"2015-01-20T02:22:50","guid":{"rendered":"http:\/\/nam-viet-voyage.com\/?page_id=3959"},"modified":"2016-05-25T07:45:05","modified_gmt":"2016-05-25T07:45:05","slug":"pan-hou-village-ha-giang","status":"publish","type":"page","link":"http:\/\/nam-viet-voyage.com\/fr\/pan-hou-village-ha-giang\/","title":{"rendered":"Pan Hou Village &#8211; Ha Giang"},"content":{"rendered":"<section class=\"l-section wpb_row height_medium\"><div class=\"l-section-h i-cf\"><div class=\"g-cols offset_small\"><div class=\" one-quarter\">[vc_wp_custommenu nav_menu=\u00a0\u00bb166&Prime; title=\u00a0\u00bbVotre h\u00f4tel &#8211; Nature\u00a0\u00bb]<\/div><div class=\" three-quarters\"><div class=\"w-image  align_center\"><img loading=\"lazy\" decoding=\"async\" width=\"730\" height=\"200\" src=\"http:\/\/nam-viet-voyage.com\/wp-content\/uploads\/2015\/01\/hotel-pan-hou-village-ha-giang.png\" class=\"attachment-full size-full\" alt=\"hotel-pan-hou-village-ha-giang\" srcset=\"http:\/\/nam-viet-voyage.com\/wp-content\/uploads\/2015\/01\/hotel-pan-hou-village-ha-giang.png 730w, http:\/\/nam-viet-voyage.com\/wp-content\/uploads\/2015\/01\/hotel-pan-hou-village-ha-giang-300x82.png 300w, http:\/\/nam-viet-voyage.com\/wp-content\/uploads\/2015\/01\/hotel-pan-hou-village-ha-giang-600x164.png 600w, http:\/\/nam-viet-voyage.com\/wp-content\/uploads\/2015\/01\/hotel-pan-hou-village-ha-giang-150x41.png 150w\" sizes=\"auto, (max-width: 730px) 100vw, 730px\" \/><\/div><div class=\"wpb_text_column \"><div class=\"wpb_wrapper\">\n<div class=\"vc_custom_heading wpb_content_element\">\n<h2 style=\"text-align: center;\">Pan Hou Village &#8211; Ha Giang<\/h2>\n<\/div>\n<p style=\"text-align: justify;\">L\u2019\u00e9colodge Pan Hou Village se situe en plein c\u0153ur du massif montagneux de Song Chay, dans la province d\u2019Ha Giang, au nord du Vietnam. Con\u00e7u comme une \u00e9tape reposante pour les randonneurs, son architecture simple, inspir\u00e9e des maisons traditionnelles, et en mat\u00e9riaux naturels se fond parfaitement dans la nature environnante. Les chambres fournissent le confort n\u00e9cessaire pour profiter du lieu tout en respectant l\u2019\u00e9cologie. D\u2019ailleurs, les salles de bain sont aliment\u00e9es par des chauffe-eaux solaires. Les chambres b\u00e9n\u00e9ficient en plus d\u2019une petite terrasse priv\u00e9e ouvrant sur le panorama des montagnes. Au sein de l\u2019\u00e9colodge, les h\u00f4tes peuvent \u00e9galement profiter de soins traditionnels tels que les massages et les bains au th\u00e9 et aux herbes m\u00e9dicinales, une particularit\u00e9 de la tribu Lu Mien. Des randonn\u00e9es d\u2019un \u00e0 cinq jours sont organis\u00e9es par l\u2019h\u00f4tel pour d\u00e9couvrir les paysages et partir \u00e0 la rencontre des populations locales.<\/p>\n<\/div> <\/div> <div class=\"g-cols wpb_row offset_small vc_inner \"><div class=\" one-half\"><div class=\"w-image  align_center\"><img loading=\"lazy\" decoding=\"async\" width=\"320\" height=\"216\" src=\"http:\/\/nam-viet-voyage.com\/wp-content\/uploads\/2015\/01\/resto-vue-cote.jpg\" class=\"attachment-full size-full\" alt=\"resto-vue-cote\" srcset=\"http:\/\/nam-viet-voyage.com\/wp-content\/uploads\/2015\/01\/resto-vue-cote.jpg 320w, http:\/\/nam-viet-voyage.com\/wp-content\/uploads\/2015\/01\/resto-vue-cote-300x203.jpg 300w, http:\/\/nam-viet-voyage.com\/wp-content\/uploads\/2015\/01\/resto-vue-cote-150x101.jpg 150w, http:\/\/nam-viet-voyage.com\/wp-content\/uploads\/2015\/01\/resto-vue-cote-296x200.jpg 296w\" sizes=\"auto, (max-width: 320px) 100vw, 320px\" \/><\/div><div class=\"w-image  align_center\"><img loading=\"lazy\" decoding=\"async\" width=\"320\" height=\"216\" src=\"http:\/\/nam-viet-voyage.com\/wp-content\/uploads\/2015\/01\/Pan-Hou-2-chambres-bis.jpg\" class=\"attachment-full size-full\" alt=\"Pan-Hou-2-chambres-bis\" srcset=\"http:\/\/nam-viet-voyage.com\/wp-content\/uploads\/2015\/01\/Pan-Hou-2-chambres-bis.jpg 320w, http:\/\/nam-viet-voyage.com\/wp-content\/uploads\/2015\/01\/Pan-Hou-2-chambres-bis-300x203.jpg 300w, http:\/\/nam-viet-voyage.com\/wp-content\/uploads\/2015\/01\/Pan-Hou-2-chambres-bis-150x101.jpg 150w, http:\/\/nam-viet-voyage.com\/wp-content\/uploads\/2015\/01\/Pan-Hou-2-chambres-bis-296x200.jpg 296w\" sizes=\"auto, (max-width: 320px) 100vw, 320px\" \/><\/div><\/div><div class=\" one-half\"><div class=\"w-image  align_center\"><img loading=\"lazy\" decoding=\"async\" width=\"320\" height=\"216\" src=\"http:\/\/nam-viet-voyage.com\/wp-content\/uploads\/2015\/01\/Pan-Hou-tasse.jpg\" class=\"attachment-full size-full\" alt=\"Pan-Hou-tasse\" srcset=\"http:\/\/nam-viet-voyage.com\/wp-content\/uploads\/2015\/01\/Pan-Hou-tasse.jpg 320w, http:\/\/nam-viet-voyage.com\/wp-content\/uploads\/2015\/01\/Pan-Hou-tasse-300x203.jpg 300w, http:\/\/nam-viet-voyage.com\/wp-content\/uploads\/2015\/01\/Pan-Hou-tasse-150x101.jpg 150w, http:\/\/nam-viet-voyage.com\/wp-content\/uploads\/2015\/01\/Pan-Hou-tasse-296x200.jpg 296w\" sizes=\"auto, (max-width: 320px) 100vw, 320px\" \/><\/div><div class=\"w-image  align_center\"><img loading=\"lazy\" decoding=\"async\" width=\"320\" height=\"216\" src=\"http:\/\/nam-viet-voyage.com\/wp-content\/uploads\/2015\/01\/Pan-Hou-triplet-bains.jpg\" class=\"attachment-full size-full\" alt=\"Pan-Hou-triplet-bains\" srcset=\"http:\/\/nam-viet-voyage.com\/wp-content\/uploads\/2015\/01\/Pan-Hou-triplet-bains.jpg 320w, http:\/\/nam-viet-voyage.com\/wp-content\/uploads\/2015\/01\/Pan-Hou-triplet-bains-300x203.jpg 300w, http:\/\/nam-viet-voyage.com\/wp-content\/uploads\/2015\/01\/Pan-Hou-triplet-bains-150x101.jpg 150w, http:\/\/nam-viet-voyage.com\/wp-content\/uploads\/2015\/01\/Pan-Hou-triplet-bains-296x200.jpg 296w\" sizes=\"auto, (max-width: 320px) 100vw, 320px\" \/><\/div><\/div><\/div><\/div><\/div><\/div><\/section><section class=\"l-section wpb_row height_medium color_secondary\"><div class=\"l-section-h i-cf\"><div class=\"g-cols offset_small\"><div class=\" full-width\"><div class=\"g-cols wpb_row offset_small vc_inner \"><div class=\" full-width\">[vc_custom_heading text=\u00a0\u00bbPour tout projet ou information compl\u00e9mentaire, merci de nous contacter !\u00a0\u00bb font_container=\u00a0\u00bbtag:p|font_size:24|text_align:center\u00a0\u00bb google_fonts=\u00a0\u00bbfont_family:Nothing%20You%20Could%20Do%3Aregular|font_style:400%20regular%3A400%3Anormal\u00a0\u00bb]\n<div class=\"wpcf7 no-js\" id=\"wpcf7-f5977-o1\" lang=\"fr-FR\" dir=\"ltr\" data-wpcf7-id=\"5977\">\n<div class=\"screen-reader-response\"><p role=\"status\" aria-live=\"polite\" aria-atomic=\"true\"><\/p> <ul><\/ul><\/div>\n<form action=\"\/fr\/wp-json\/wp\/v2\/pages\/3959#wpcf7-f5977-o1\" method=\"post\" class=\"wpcf7-form init\" aria-label=\"Formulaire de contact\" novalidate=\"novalidate\" data-status=\"init\">\n<fieldset class=\"hidden-fields-container\"><input type=\"hidden\" name=\"_wpcf7\" value=\"5977\" \/><input type=\"hidden\" name=\"_wpcf7_version\" value=\"6.1.5\" \/><input type=\"hidden\" name=\"_wpcf7_locale\" value=\"fr_FR\" \/><input type=\"hidden\" name=\"_wpcf7_unit_tag\" value=\"wpcf7-f5977-o1\" \/><input type=\"hidden\" name=\"_wpcf7_container_post\" value=\"0\" \/><input type=\"hidden\" name=\"_wpcf7_posted_data_hash\" value=\"\" \/>\n<\/fieldset>\n<p>Votre Nom *\n<\/p>\n<p><span class=\"wpcf7-form-control-wrap\" data-name=\"your-name\"><input size=\"40\" maxlength=\"400\" class=\"wpcf7-form-control wpcf7-text wpcf7-validates-as-required\" aria-required=\"true\" aria-invalid=\"false\" value=\"\" type=\"text\" name=\"your-name\" \/><\/span>\n<\/p>\n<p>Votre Email *\n<\/p>\n<p><span class=\"wpcf7-form-control-wrap\" data-name=\"your-email\"><input size=\"40\" maxlength=\"400\" class=\"wpcf7-form-control wpcf7-email wpcf7-validates-as-required wpcf7-text wpcf7-validates-as-email\" aria-required=\"true\" aria-invalid=\"false\" value=\"\" type=\"email\" name=\"your-email\" \/><\/span>\n<\/p>\n<p>Votre Message *\n<\/p>\n<p><span class=\"wpcf7-form-control-wrap\" data-name=\"your-message\"><textarea cols=\"40\" rows=\"10\" maxlength=\"2000\" class=\"wpcf7-form-control wpcf7-textarea wpcf7-validates-as-required\" aria-required=\"true\" aria-invalid=\"false\" name=\"your-message\"><\/textarea><\/span>\n<\/p>\n<p><input class=\"wpcf7-form-control wpcf7-submit has-spinner\" type=\"submit\" value=\"Envoyer\" \/>\n<\/p><div class=\"wpcf7-response-output\" aria-hidden=\"true\"><\/div>\n<\/form>\n<\/div>\n<\/div><\/div><\/div><\/div><\/div><\/section>\n<p><a href=\"\/\/www.pinterest.com\/pin\/create\/button\/\" data-pin-do=\"buttonBookmark\" data-pin-color=\"red\" data-pin-height=\"128\"><img decoding=\"async\" src=\"\/\/assets.pinterest.com\/images\/pidgets\/pinit_fg_en_rect_red_28.png\" \/><\/a><\/p>","protected":false},"excerpt":{"rendered":"[vc_wp_custommenu nav_menu=\"166\" title=\"Votre h\u00f4tel - Nature\"] Pan Hou Village - Ha Giang L\u2019\u00e9colodge Pan Hou Village se situe en plein c\u0153ur du massif montagneux de Song Chay, dans la province...","protected":false},"author":2,"featured_media":0,"parent":0,"menu_order":0,"comment_status":"closed","ping_status":"open","template":"","meta":{"_crdt_document":"","footnotes":""},"class_list":["post-3959","page","type-page","status-publish","hentry"],"yoast_head":"<!-- This site is optimized with the Yoast SEO plugin v26.9 - https:\/\/yoast.com\/product\/yoast-seo-wordpress\/ -->\n<title>Pan Hou Village - Ha Giang - Nam Viet Voyage<\/title>\n<meta name=\"description\" content=\"Pan Hou Village est un \u00e9colodge perch\u00e9 au c\u0153ur des montagnes de la r\u00e9gion d\u2019Ha Giang, une base de d\u00e9part id\u00e9ale pour de superbes randonn\u00e9es nature.\" \/>\n<meta name=\"robots\" content=\"index, follow, max-snippet:-1, max-image-preview:large, max-video-preview:-1\" \/>\n<link rel=\"canonical\" href=\"http:\/\/nam-viet-voyage.com\/fr\/pan-hou-village-ha-giang\/\" \/>\n<meta property=\"og:locale\" content=\"fr_FR\" \/>\n<meta property=\"og:type\" content=\"article\" \/>\n<meta property=\"og:title\" content=\"Pan Hou Village - Ha Giang - Nam Viet Voyage\" \/>\n<meta property=\"og:description\" content=\"Pan Hou Village est un \u00e9colodge perch\u00e9 au c\u0153ur des montagnes de la r\u00e9gion d\u2019Ha Giang, une base de d\u00e9part id\u00e9ale pour de superbes randonn\u00e9es nature.\" \/>\n<meta property=\"og:url\" content=\"http:\/\/nam-viet-voyage.com\/fr\/pan-hou-village-ha-giang\/\" \/>\n<meta property=\"og:site_name\" content=\"Nam Viet Voyage\" \/>\n<meta property=\"article:publisher\" content=\"https:\/\/www.facebook.com\/NamVietVoyage\" \/>\n<meta property=\"article:modified_time\" content=\"2016-05-25T07:45:05+00:00\" \/>\n<meta name=\"twitter:card\" content=\"summary_large_image\" \/>\n<meta name=\"twitter:site\" content=\"@NamVietVoyage\" \/>\n<meta name=\"twitter:label1\" content=\"Dur\u00e9e de lecture estim\u00e9e\" \/>\n\t<meta name=\"twitter:data1\" content=\"2 minutes\" \/>\n<script type=\"application\/ld+json\" class=\"yoast-schema-graph\">{\"@context\":\"https:\/\/schema.org\",\"@graph\":[{\"@type\":\"WebPage\",\"@id\":\"http:\/\/nam-viet-voyage.com\/fr\/pan-hou-village-ha-giang\/\",\"url\":\"http:\/\/nam-viet-voyage.com\/fr\/pan-hou-village-ha-giang\/\",\"name\":\"Pan Hou Village - Ha Giang - Nam Viet Voyage\",\"isPartOf\":{\"@id\":\"https:\/\/nam-viet-voyage.com\/#website\"},\"datePublished\":\"2015-01-20T02:22:50+00:00\",\"dateModified\":\"2016-05-25T07:45:05+00:00\",\"description\":\"Pan Hou Village est un \u00e9colodge perch\u00e9 au c\u0153ur des montagnes de la r\u00e9gion d\u2019Ha Giang, une base de d\u00e9part id\u00e9ale pour de superbes randonn\u00e9es nature.\",\"breadcrumb\":{\"@id\":\"http:\/\/nam-viet-voyage.com\/fr\/pan-hou-village-ha-giang\/#breadcrumb\"},\"inLanguage\":\"fr-FR\",\"potentialAction\":[{\"@type\":\"ReadAction\",\"target\":[\"http:\/\/nam-viet-voyage.com\/fr\/pan-hou-village-ha-giang\/\"]}]},{\"@type\":\"BreadcrumbList\",\"@id\":\"http:\/\/nam-viet-voyage.com\/fr\/pan-hou-village-ha-giang\/#breadcrumb\",\"itemListElement\":[{\"@type\":\"ListItem\",\"position\":1,\"name\":\"Home\",\"item\":\"http:\/\/nam-viet-voyage.com\/fr\/\"},{\"@type\":\"ListItem\",\"position\":2,\"name\":\"Pan Hou Village &#8211; Ha Giang\"}]},{\"@type\":\"WebSite\",\"@id\":\"https:\/\/nam-viet-voyage.com\/#website\",\"url\":\"https:\/\/nam-viet-voyage.com\/\",\"name\":\"Nam Viet Voyage\",\"description\":\"Voyages en Asie du Sud-Est\",\"potentialAction\":[{\"@type\":\"SearchAction\",\"target\":{\"@type\":\"EntryPoint\",\"urlTemplate\":\"https:\/\/nam-viet-voyage.com\/?s={search_term_string}\"},\"query-input\":{\"@type\":\"PropertyValueSpecification\",\"valueRequired\":true,\"valueName\":\"search_term_string\"}}],\"inLanguage\":\"fr-FR\"}]}<\/script>\n<!-- \/ Yoast SEO plugin. -->","yoast_head_json":{"title":"Pan Hou Village - Ha Giang - Nam Viet Voyage","description":"Pan Hou Village est un \u00e9colodge perch\u00e9 au c\u0153ur des montagnes de la r\u00e9gion d\u2019Ha Giang, une base de d\u00e9part id\u00e9ale pour de superbes randonn\u00e9es nature.","robots":{"index":"index","follow":"follow","max-snippet":"max-snippet:-1","max-image-preview":"max-image-preview:large","max-video-preview":"max-video-preview:-1"},"canonical":"http:\/\/nam-viet-voyage.com\/fr\/pan-hou-village-ha-giang\/","og_locale":"fr_FR","og_type":"article","og_title":"Pan Hou Village - Ha Giang - Nam Viet Voyage","og_description":"Pan Hou Village est un \u00e9colodge perch\u00e9 au c\u0153ur des montagnes de la r\u00e9gion d\u2019Ha Giang, une base de d\u00e9part id\u00e9ale pour de superbes randonn\u00e9es nature.","og_url":"http:\/\/nam-viet-voyage.com\/fr\/pan-hou-village-ha-giang\/","og_site_name":"Nam Viet Voyage","article_publisher":"https:\/\/www.facebook.com\/NamVietVoyage","article_modified_time":"2016-05-25T07:45:05+00:00","twitter_card":"summary_large_image","twitter_site":"@NamVietVoyage","twitter_misc":{"Dur\u00e9e de lecture estim\u00e9e":"2 minutes"},"schema":{"@context":"https:\/\/schema.org","@graph":[{"@type":"WebPage","@id":"http:\/\/nam-viet-voyage.com\/fr\/pan-hou-village-ha-giang\/","url":"http:\/\/nam-viet-voyage.com\/fr\/pan-hou-village-ha-giang\/","name":"Pan Hou Village - Ha Giang - Nam Viet Voyage","isPartOf":{"@id":"https:\/\/nam-viet-voyage.com\/#website"},"datePublished":"2015-01-20T02:22:50+00:00","dateModified":"2016-05-25T07:45:05+00:00","description":"Pan Hou Village est un \u00e9colodge perch\u00e9 au c\u0153ur des montagnes de la r\u00e9gion d\u2019Ha Giang, une base de d\u00e9part id\u00e9ale pour de superbes randonn\u00e9es nature.","breadcrumb":{"@id":"http:\/\/nam-viet-voyage.com\/fr\/pan-hou-village-ha-giang\/#breadcrumb"},"inLanguage":"fr-FR","potentialAction":[{"@type":"ReadAction","target":["http:\/\/nam-viet-voyage.com\/fr\/pan-hou-village-ha-giang\/"]}]},{"@type":"BreadcrumbList","@id":"http:\/\/nam-viet-voyage.com\/fr\/pan-hou-village-ha-giang\/#breadcrumb","itemListElement":[{"@type":"ListItem","position":1,"name":"Home","item":"http:\/\/nam-viet-voyage.com\/fr\/"},{"@type":"ListItem","position":2,"name":"Pan Hou Village &#8211; Ha Giang"}]},{"@type":"WebSite","@id":"https:\/\/nam-viet-voyage.com\/#website","url":"https:\/\/nam-viet-voyage.com\/","name":"Nam Viet Voyage","description":"Voyages en Asie du Sud-Est","potentialAction":[{"@type":"SearchAction","target":{"@type":"EntryPoint","urlTemplate":"https:\/\/nam-viet-voyage.com\/?s={search_term_string}"},"query-input":{"@type":"PropertyValueSpecification","valueRequired":true,"valueName":"search_term_string"}}],"inLanguage":"fr-FR"}]}},"_links":{"self":[{"href":"http:\/\/nam-viet-voyage.com\/fr\/wp-json\/wp\/v2\/pages\/3959","targetHints":{"allow":["GET"]}}],"collection":[{"href":"http:\/\/nam-viet-voyage.com\/fr\/wp-json\/wp\/v2\/pages"}],"about":[{"href":"http:\/\/nam-viet-voyage.com\/fr\/wp-json\/wp\/v2\/types\/page"}],"author":[{"embeddable":true,"href":"http:\/\/nam-viet-voyage.com\/fr\/wp-json\/wp\/v2\/users\/2"}],"replies":[{"embeddable":true,"href":"http:\/\/nam-viet-voyage.com\/fr\/wp-json\/wp\/v2\/comments?post=3959"}],"version-history":[{"count":14,"href":"http:\/\/nam-viet-voyage.com\/fr\/wp-json\/wp\/v2\/pages\/3959\/revisions"}],"predecessor-version":[{"id":11378,"href":"http:\/\/nam-viet-voyage.com\/fr\/wp-json\/wp\/v2\/pages\/3959\/revisions\/11378"}],"wp:attachment":[{"href":"http:\/\/nam-viet-voyage.com\/fr\/wp-json\/wp\/v2\/media?parent=3959"}],"curies":[{"name":"wp","href":"https:\/\/api.w.org\/{rel}","templated":true}]}}