{"id":3956,"date":"2015-01-20T02:21:27","date_gmt":"2015-01-20T02:21:27","guid":{"rendered":"http:\/\/nam-viet-voyage.com\/?page_id=3956"},"modified":"2016-05-25T07:45:05","modified_gmt":"2016-05-25T07:45:05","slug":"chen-sea-resort-phu-quoc","status":"publish","type":"page","link":"http:\/\/nam-viet-voyage.com\/fr\/chen-sea-resort-phu-quoc\/","title":{"rendered":"Chen Sea Resort &#8211; Phu Quoc"},"content":{"rendered":"<section class=\"l-section wpb_row height_medium\"><div class=\"l-section-h i-cf\"><div class=\"g-cols offset_small\"><div class=\" one-quarter\">[vc_wp_custommenu nav_menu=\u00a0\u00bb165&Prime; title=\u00a0\u00bbVotre h\u00f4tel &#8211; Baln\u00e9aire\u00a0\u00bb]<\/div><div class=\" three-quarters\"><div class=\"w-image  align_center\"><img loading=\"lazy\" decoding=\"async\" width=\"730\" height=\"200\" src=\"http:\/\/nam-viet-voyage.com\/wp-content\/uploads\/2015\/01\/chen-sea-resort-phu-quoc.png\" class=\"attachment-full size-full\" alt=\"chen-sea-resort-phu-quoc\" srcset=\"http:\/\/nam-viet-voyage.com\/wp-content\/uploads\/2015\/01\/chen-sea-resort-phu-quoc.png 730w, http:\/\/nam-viet-voyage.com\/wp-content\/uploads\/2015\/01\/chen-sea-resort-phu-quoc-300x82.png 300w, http:\/\/nam-viet-voyage.com\/wp-content\/uploads\/2015\/01\/chen-sea-resort-phu-quoc-600x164.png 600w, http:\/\/nam-viet-voyage.com\/wp-content\/uploads\/2015\/01\/chen-sea-resort-phu-quoc-150x41.png 150w\" sizes=\"auto, (max-width: 730px) 100vw, 730px\" \/><\/div><div class=\"wpb_text_column \"><div class=\"wpb_wrapper\">\n<div class=\"vc_custom_heading wpb_content_element\">\n<h2 style=\"text-align: center;\">Chen Sea Resort &#8211; Phu Quoc<\/h2>\n<\/div>\n<div class=\"vc_custom_heading wpb_content_element\" style=\"text-align: justify;\">C\u2019est dans l\u2019un des plus beaux endroits du Vietnam qu\u2019est install\u00e9 le Chen Sea Resort, sur l\u2019\u00eele de Phu Quoc, dans le golfe de Tha\u00eflande. Les bungalows et villas avec terrasse priv\u00e9e se d\u00e9ploient au bord de la mer, le long d\u2019une bande de sable blanc immacul\u00e9. Toutes sont d\u00e9cor\u00e9es avec simplicit\u00e9 et \u00e9l\u00e9gance, dans une architecture inspir\u00e9e de l\u2019environnement local. Certaines d\u2019entre elles b\u00e9n\u00e9ficient d\u2019une piscine priv\u00e9e avec jacuzzi. Au c\u0153ur du resort, les h\u00f4tes peuvent profiter d\u2019activit\u00e9s baln\u00e9aires, nautiques et sportives. En outre, la piscine \u00e0 d\u00e9bordement de l\u2019h\u00f4tel offre un panorama incroyable sur l\u2019oc\u00e9an : rien de mieux pour se d\u00e9tendre. Toujours c\u00f4t\u00e9 bien-\u00eatre, le Spa Cenvaree, qui fait partie d\u2019une prestigieuse cha\u00eene de spas \u00e0 travers l\u2019Asie, propose des soins inspir\u00e9s de la tradition tha\u00eflandaise, qui sauront ravir tous vos sens.<\/div>\n<\/div> <\/div> <div class=\"g-cols wpb_row offset_small vc_inner \"><div class=\" full-width\">[vc_empty_space height=\u00a0\u00bb30px\u00a0\u00bb]<\/div><\/div><div class=\"g-cols wpb_row offset_small vc_inner \"><div class=\" one-half\"><div class=\"w-image  align_center\"><img loading=\"lazy\" decoding=\"async\" width=\"320\" height=\"213\" src=\"http:\/\/nam-viet-voyage.com\/wp-content\/uploads\/2015\/01\/chensea-Beachfront_Pool_06.jpg\" class=\"attachment-full size-full\" alt=\"chensea Beachfront_Pool_06\" srcset=\"http:\/\/nam-viet-voyage.com\/wp-content\/uploads\/2015\/01\/chensea-Beachfront_Pool_06.jpg 320w, http:\/\/nam-viet-voyage.com\/wp-content\/uploads\/2015\/01\/chensea-Beachfront_Pool_06-300x200.jpg 300w, http:\/\/nam-viet-voyage.com\/wp-content\/uploads\/2015\/01\/chensea-Beachfront_Pool_06-150x100.jpg 150w\" sizes=\"auto, (max-width: 320px) 100vw, 320px\" \/><\/div><div class=\"w-image  align_center\"><img loading=\"lazy\" decoding=\"async\" width=\"320\" height=\"213\" src=\"http:\/\/nam-viet-voyage.com\/wp-content\/uploads\/2015\/01\/chensea-Seaview_Pool_Villa_03.jpg\" class=\"attachment-full size-full\" alt=\"chensea Seaview_Pool_Villa_03\" srcset=\"http:\/\/nam-viet-voyage.com\/wp-content\/uploads\/2015\/01\/chensea-Seaview_Pool_Villa_03.jpg 320w, http:\/\/nam-viet-voyage.com\/wp-content\/uploads\/2015\/01\/chensea-Seaview_Pool_Villa_03-300x200.jpg 300w, http:\/\/nam-viet-voyage.com\/wp-content\/uploads\/2015\/01\/chensea-Seaview_Pool_Villa_03-150x100.jpg 150w\" sizes=\"auto, (max-width: 320px) 100vw, 320px\" \/><\/div><\/div><div class=\" one-half\"><div class=\"w-image  align_center\"><img loading=\"lazy\" decoding=\"async\" width=\"320\" height=\"213\" src=\"http:\/\/nam-viet-voyage.com\/wp-content\/uploads\/2015\/01\/chensea-resort_Seaview_Pool_Villa_01.jpg\" class=\"attachment-full size-full\" alt=\"chensea resort_Seaview_Pool_Villa_01\" srcset=\"http:\/\/nam-viet-voyage.com\/wp-content\/uploads\/2015\/01\/chensea-resort_Seaview_Pool_Villa_01.jpg 320w, http:\/\/nam-viet-voyage.com\/wp-content\/uploads\/2015\/01\/chensea-resort_Seaview_Pool_Villa_01-300x200.jpg 300w, http:\/\/nam-viet-voyage.com\/wp-content\/uploads\/2015\/01\/chensea-resort_Seaview_Pool_Villa_01-150x100.jpg 150w\" sizes=\"auto, (max-width: 320px) 100vw, 320px\" \/><\/div><div class=\"w-image  align_center\"><img loading=\"lazy\" decoding=\"async\" width=\"320\" height=\"213\" src=\"http:\/\/nam-viet-voyage.com\/wp-content\/uploads\/2015\/01\/chensea-Exterior_05.jpg\" class=\"attachment-full size-full\" alt=\"chensea Exterior_05\" srcset=\"http:\/\/nam-viet-voyage.com\/wp-content\/uploads\/2015\/01\/chensea-Exterior_05.jpg 320w, http:\/\/nam-viet-voyage.com\/wp-content\/uploads\/2015\/01\/chensea-Exterior_05-300x200.jpg 300w, http:\/\/nam-viet-voyage.com\/wp-content\/uploads\/2015\/01\/chensea-Exterior_05-150x100.jpg 150w\" sizes=\"auto, (max-width: 320px) 100vw, 320px\" \/><\/div><\/div><\/div><\/div><\/div><\/div><\/section><section class=\"l-section wpb_row height_medium color_secondary\"><div class=\"l-section-h i-cf\"><div class=\"g-cols offset_small\"><div class=\" full-width\"><div class=\"g-cols wpb_row offset_small vc_inner \"><div class=\" full-width\">[vc_custom_heading text=\u00a0\u00bbPour tout projet ou information compl\u00e9mentaire, merci de nous contacter !\u00a0\u00bb font_container=\u00a0\u00bbtag:p|font_size:24|text_align:center\u00a0\u00bb google_fonts=\u00a0\u00bbfont_family:Nothing%20You%20Could%20Do%3Aregular|font_style:400%20regular%3A400%3Anormal\u00a0\u00bb]\n<div class=\"wpcf7 no-js\" id=\"wpcf7-f5977-o1\" lang=\"fr-FR\" dir=\"ltr\" data-wpcf7-id=\"5977\">\n<div class=\"screen-reader-response\"><p role=\"status\" aria-live=\"polite\" aria-atomic=\"true\"><\/p> <ul><\/ul><\/div>\n<form action=\"\/fr\/wp-json\/wp\/v2\/pages\/3956#wpcf7-f5977-o1\" method=\"post\" class=\"wpcf7-form init\" aria-label=\"Formulaire de contact\" novalidate=\"novalidate\" data-status=\"init\">\n<fieldset class=\"hidden-fields-container\"><input type=\"hidden\" name=\"_wpcf7\" value=\"5977\" \/><input type=\"hidden\" name=\"_wpcf7_version\" value=\"6.1.5\" \/><input type=\"hidden\" name=\"_wpcf7_locale\" value=\"fr_FR\" \/><input type=\"hidden\" name=\"_wpcf7_unit_tag\" value=\"wpcf7-f5977-o1\" \/><input type=\"hidden\" name=\"_wpcf7_container_post\" value=\"0\" \/><input type=\"hidden\" name=\"_wpcf7_posted_data_hash\" value=\"\" \/>\n<\/fieldset>\n<p>Votre Nom *\n<\/p>\n<p><span class=\"wpcf7-form-control-wrap\" data-name=\"your-name\"><input size=\"40\" maxlength=\"400\" class=\"wpcf7-form-control wpcf7-text wpcf7-validates-as-required\" aria-required=\"true\" aria-invalid=\"false\" value=\"\" type=\"text\" name=\"your-name\" \/><\/span>\n<\/p>\n<p>Votre Email *\n<\/p>\n<p><span class=\"wpcf7-form-control-wrap\" data-name=\"your-email\"><input size=\"40\" maxlength=\"400\" class=\"wpcf7-form-control wpcf7-email wpcf7-validates-as-required wpcf7-text wpcf7-validates-as-email\" aria-required=\"true\" aria-invalid=\"false\" value=\"\" type=\"email\" name=\"your-email\" \/><\/span>\n<\/p>\n<p>Votre Message *\n<\/p>\n<p><span class=\"wpcf7-form-control-wrap\" data-name=\"your-message\"><textarea cols=\"40\" rows=\"10\" maxlength=\"2000\" class=\"wpcf7-form-control wpcf7-textarea wpcf7-validates-as-required\" aria-required=\"true\" aria-invalid=\"false\" name=\"your-message\"><\/textarea><\/span>\n<\/p>\n<p><input class=\"wpcf7-form-control wpcf7-submit has-spinner\" type=\"submit\" value=\"Envoyer\" \/>\n<\/p><div class=\"wpcf7-response-output\" aria-hidden=\"true\"><\/div>\n<\/form>\n<\/div>\n<\/div><\/div><\/div><\/div><\/div><\/section>\n<p><a href=\"\/\/www.pinterest.com\/pin\/create\/button\/\" data-pin-do=\"buttonBookmark\" data-pin-color=\"red\" data-pin-height=\"128\"><img decoding=\"async\" src=\"\/\/assets.pinterest.com\/images\/pidgets\/pinit_fg_en_rect_red_28.png\" \/><\/a><\/p>","protected":false},"excerpt":{"rendered":"[vc_wp_custommenu nav_menu=\"165\" title=\"Votre h\u00f4tel - Baln\u00e9aire\"] Chen Sea Resort - Phu Quoc C\u2019est dans l\u2019un des plus beaux endroits du Vietnam qu\u2019est install\u00e9 le Chen Sea Resort, sur l\u2019\u00eele de...","protected":false},"author":2,"featured_media":0,"parent":0,"menu_order":0,"comment_status":"closed","ping_status":"open","template":"","meta":{"_crdt_document":"","footnotes":""},"class_list":["post-3956","page","type-page","status-publish","hentry"],"yoast_head":"<!-- This site is optimized with the Yoast SEO plugin v26.9 - https:\/\/yoast.com\/product\/yoast-seo-wordpress\/ -->\n<title>Chen Sea Resort - Phu Quoc - Nam Viet Voyage<\/title>\n<meta name=\"description\" content=\"Le Chen Sea Resort se trouve sur l\u2019une des plus belles \u00eeles du Vietnam, Phu Quoc. Plage priv\u00e9e, piscine \u00e0 d\u00e9bordement et spa: c\u2019est un paradis du bien-\u00eatre.\" \/>\n<meta name=\"robots\" content=\"index, follow, max-snippet:-1, max-image-preview:large, max-video-preview:-1\" \/>\n<link rel=\"canonical\" href=\"http:\/\/nam-viet-voyage.com\/fr\/chen-sea-resort-phu-quoc\/\" \/>\n<meta property=\"og:locale\" content=\"fr_FR\" \/>\n<meta property=\"og:type\" content=\"article\" \/>\n<meta property=\"og:title\" content=\"Chen Sea Resort - Phu Quoc - Nam Viet Voyage\" \/>\n<meta property=\"og:description\" content=\"Le Chen Sea Resort se trouve sur l\u2019une des plus belles \u00eeles du Vietnam, Phu Quoc. Plage priv\u00e9e, piscine \u00e0 d\u00e9bordement et spa: c\u2019est un paradis du bien-\u00eatre.\" \/>\n<meta property=\"og:url\" content=\"http:\/\/nam-viet-voyage.com\/fr\/chen-sea-resort-phu-quoc\/\" \/>\n<meta property=\"og:site_name\" content=\"Nam Viet Voyage\" \/>\n<meta property=\"article:publisher\" content=\"https:\/\/www.facebook.com\/NamVietVoyage\" \/>\n<meta property=\"article:modified_time\" content=\"2016-05-25T07:45:05+00:00\" \/>\n<meta name=\"twitter:card\" content=\"summary_large_image\" \/>\n<meta name=\"twitter:site\" content=\"@NamVietVoyage\" \/>\n<meta name=\"twitter:label1\" content=\"Dur\u00e9e de lecture estim\u00e9e\" \/>\n\t<meta name=\"twitter:data1\" content=\"2 minutes\" \/>\n<script type=\"application\/ld+json\" class=\"yoast-schema-graph\">{\"@context\":\"https:\/\/schema.org\",\"@graph\":[{\"@type\":\"WebPage\",\"@id\":\"http:\/\/nam-viet-voyage.com\/fr\/chen-sea-resort-phu-quoc\/\",\"url\":\"http:\/\/nam-viet-voyage.com\/fr\/chen-sea-resort-phu-quoc\/\",\"name\":\"Chen Sea Resort - Phu Quoc - Nam Viet Voyage\",\"isPartOf\":{\"@id\":\"https:\/\/nam-viet-voyage.com\/#website\"},\"datePublished\":\"2015-01-20T02:21:27+00:00\",\"dateModified\":\"2016-05-25T07:45:05+00:00\",\"description\":\"Le Chen Sea Resort se trouve sur l\u2019une des plus belles \u00eeles du Vietnam, Phu Quoc. Plage priv\u00e9e, piscine \u00e0 d\u00e9bordement et spa: c\u2019est un paradis du bien-\u00eatre.\",\"breadcrumb\":{\"@id\":\"http:\/\/nam-viet-voyage.com\/fr\/chen-sea-resort-phu-quoc\/#breadcrumb\"},\"inLanguage\":\"fr-FR\",\"potentialAction\":[{\"@type\":\"ReadAction\",\"target\":[\"http:\/\/nam-viet-voyage.com\/fr\/chen-sea-resort-phu-quoc\/\"]}]},{\"@type\":\"BreadcrumbList\",\"@id\":\"http:\/\/nam-viet-voyage.com\/fr\/chen-sea-resort-phu-quoc\/#breadcrumb\",\"itemListElement\":[{\"@type\":\"ListItem\",\"position\":1,\"name\":\"Home\",\"item\":\"https:\/\/nam-viet-voyage.com\/fr\/sample-page-2\/\"},{\"@type\":\"ListItem\",\"position\":2,\"name\":\"Chen Sea Resort &#8211; Phu Quoc\"}]},{\"@type\":\"WebSite\",\"@id\":\"https:\/\/nam-viet-voyage.com\/#website\",\"url\":\"https:\/\/nam-viet-voyage.com\/\",\"name\":\"Nam Viet Voyage\",\"description\":\"Voyages en Asie du Sud-Est\",\"potentialAction\":[{\"@type\":\"SearchAction\",\"target\":{\"@type\":\"EntryPoint\",\"urlTemplate\":\"https:\/\/nam-viet-voyage.com\/?s={search_term_string}\"},\"query-input\":{\"@type\":\"PropertyValueSpecification\",\"valueRequired\":true,\"valueName\":\"search_term_string\"}}],\"inLanguage\":\"fr-FR\"}]}<\/script>\n<!-- \/ Yoast SEO plugin. -->","yoast_head_json":{"title":"Chen Sea Resort - Phu Quoc - Nam Viet Voyage","description":"Le Chen Sea Resort se trouve sur l\u2019une des plus belles \u00eeles du Vietnam, Phu Quoc. Plage priv\u00e9e, piscine \u00e0 d\u00e9bordement et spa: c\u2019est un paradis du bien-\u00eatre.","robots":{"index":"index","follow":"follow","max-snippet":"max-snippet:-1","max-image-preview":"max-image-preview:large","max-video-preview":"max-video-preview:-1"},"canonical":"http:\/\/nam-viet-voyage.com\/fr\/chen-sea-resort-phu-quoc\/","og_locale":"fr_FR","og_type":"article","og_title":"Chen Sea Resort - Phu Quoc - Nam Viet Voyage","og_description":"Le Chen Sea Resort se trouve sur l\u2019une des plus belles \u00eeles du Vietnam, Phu Quoc. Plage priv\u00e9e, piscine \u00e0 d\u00e9bordement et spa: c\u2019est un paradis du bien-\u00eatre.","og_url":"http:\/\/nam-viet-voyage.com\/fr\/chen-sea-resort-phu-quoc\/","og_site_name":"Nam Viet Voyage","article_publisher":"https:\/\/www.facebook.com\/NamVietVoyage","article_modified_time":"2016-05-25T07:45:05+00:00","twitter_card":"summary_large_image","twitter_site":"@NamVietVoyage","twitter_misc":{"Dur\u00e9e de lecture estim\u00e9e":"2 minutes"},"schema":{"@context":"https:\/\/schema.org","@graph":[{"@type":"WebPage","@id":"http:\/\/nam-viet-voyage.com\/fr\/chen-sea-resort-phu-quoc\/","url":"http:\/\/nam-viet-voyage.com\/fr\/chen-sea-resort-phu-quoc\/","name":"Chen Sea Resort - Phu Quoc - Nam Viet Voyage","isPartOf":{"@id":"https:\/\/nam-viet-voyage.com\/#website"},"datePublished":"2015-01-20T02:21:27+00:00","dateModified":"2016-05-25T07:45:05+00:00","description":"Le Chen Sea Resort se trouve sur l\u2019une des plus belles \u00eeles du Vietnam, Phu Quoc. Plage priv\u00e9e, piscine \u00e0 d\u00e9bordement et spa: c\u2019est un paradis du bien-\u00eatre.","breadcrumb":{"@id":"http:\/\/nam-viet-voyage.com\/fr\/chen-sea-resort-phu-quoc\/#breadcrumb"},"inLanguage":"fr-FR","potentialAction":[{"@type":"ReadAction","target":["http:\/\/nam-viet-voyage.com\/fr\/chen-sea-resort-phu-quoc\/"]}]},{"@type":"BreadcrumbList","@id":"http:\/\/nam-viet-voyage.com\/fr\/chen-sea-resort-phu-quoc\/#breadcrumb","itemListElement":[{"@type":"ListItem","position":1,"name":"Home","item":"https:\/\/nam-viet-voyage.com\/fr\/sample-page-2\/"},{"@type":"ListItem","position":2,"name":"Chen Sea Resort &#8211; Phu Quoc"}]},{"@type":"WebSite","@id":"https:\/\/nam-viet-voyage.com\/#website","url":"https:\/\/nam-viet-voyage.com\/","name":"Nam Viet Voyage","description":"Voyages en Asie du Sud-Est","potentialAction":[{"@type":"SearchAction","target":{"@type":"EntryPoint","urlTemplate":"https:\/\/nam-viet-voyage.com\/?s={search_term_string}"},"query-input":{"@type":"PropertyValueSpecification","valueRequired":true,"valueName":"search_term_string"}}],"inLanguage":"fr-FR"}]}},"_links":{"self":[{"href":"http:\/\/nam-viet-voyage.com\/fr\/wp-json\/wp\/v2\/pages\/3956","targetHints":{"allow":["GET"]}}],"collection":[{"href":"http:\/\/nam-viet-voyage.com\/fr\/wp-json\/wp\/v2\/pages"}],"about":[{"href":"http:\/\/nam-viet-voyage.com\/fr\/wp-json\/wp\/v2\/types\/page"}],"author":[{"embeddable":true,"href":"http:\/\/nam-viet-voyage.com\/fr\/wp-json\/wp\/v2\/users\/2"}],"replies":[{"embeddable":true,"href":"http:\/\/nam-viet-voyage.com\/fr\/wp-json\/wp\/v2\/comments?post=3956"}],"version-history":[{"count":13,"href":"http:\/\/nam-viet-voyage.com\/fr\/wp-json\/wp\/v2\/pages\/3956\/revisions"}],"predecessor-version":[{"id":11379,"href":"http:\/\/nam-viet-voyage.com\/fr\/wp-json\/wp\/v2\/pages\/3956\/revisions\/11379"}],"wp:attachment":[{"href":"http:\/\/nam-viet-voyage.com\/fr\/wp-json\/wp\/v2\/media?parent=3956"}],"curies":[{"name":"wp","href":"https:\/\/api.w.org\/{rel}","templated":true}]}}