{"id":3948,"date":"2015-01-20T02:16:22","date_gmt":"2015-01-20T02:16:22","guid":{"rendered":"http:\/\/nam-viet-voyage.com\/?page_id=3948"},"modified":"2016-05-25T07:45:05","modified_gmt":"2016-05-25T07:45:05","slug":"topas-sapa","status":"publish","type":"page","link":"http:\/\/nam-viet-voyage.com\/fr\/topas-sapa\/","title":{"rendered":"Topas Ecolodge &#8211; Sapa"},"content":{"rendered":"<section class=\"l-section wpb_row height_medium\"><div class=\"l-section-h i-cf\"><div class=\"g-cols offset_small\"><div class=\" one-quarter\">[vc_wp_custommenu nav_menu=\u00a0\u00bb166&Prime; title=\u00a0\u00bbVotre h\u00f4tel &#8211; Nature\u00a0\u00bb]<\/div><div class=\" three-quarters\"><div class=\"w-image  align_center\"><img loading=\"lazy\" decoding=\"async\" width=\"730\" height=\"200\" src=\"http:\/\/nam-viet-voyage.com\/wp-content\/uploads\/2015\/01\/topas-sapa-ecolodge-1.png\" class=\"attachment-full size-full\" alt=\"topas-sapa-ecolodge\" srcset=\"http:\/\/nam-viet-voyage.com\/wp-content\/uploads\/2015\/01\/topas-sapa-ecolodge-1.png 730w, http:\/\/nam-viet-voyage.com\/wp-content\/uploads\/2015\/01\/topas-sapa-ecolodge-1-300x82.png 300w, http:\/\/nam-viet-voyage.com\/wp-content\/uploads\/2015\/01\/topas-sapa-ecolodge-1-600x164.png 600w, http:\/\/nam-viet-voyage.com\/wp-content\/uploads\/2015\/01\/topas-sapa-ecolodge-1-150x41.png 150w\" sizes=\"auto, (max-width: 730px) 100vw, 730px\" \/><\/div><div class=\"wpb_text_column \"><div class=\"wpb_wrapper\">\n<div class=\"vc_custom_heading wpb_content_element\">\n<h2 style=\"text-align: center;\">Topas Ecolodge &#8211; Sapa<\/h2>\n<\/div>\n<p style=\"text-align: justify;\">Le Topas Ecolodge n\u2019est pas un h\u00f4tel comme les autres. Situ\u00e9 \u00e0 18 km de la ville de Sapa, dans les montagnes du nord du Vietnam, il se distingue par sa simplicit\u00e9 et sa proximit\u00e9 avec la nature et les populations locales. Perch\u00e9 entre deux montagnes, voisin du mont Fansipan, le plus haut d\u2019Indochine (3 143 m\u00e8tres), il offre une vue imprenable sur la vall\u00e9e de Sapa et un calme absolu. Sur place, point de piscine ou de spa ; l\u2019accent est mis sur la rencontre avec la culture locale et le respect de l\u2019environnement. L\u2019h\u00f4tel emploie de nombreuses personnes appartenant aux minorit\u00e9s, et sert de la nourriture essentiellement produite dans la r\u00e9gion. Les bungalows sont \u00e9l\u00e9gamment d\u00e9cor\u00e9s et b\u00e9n\u00e9ficient d\u2019une terrasse priv\u00e9e pour profiter pleinement de la vue qui s\u2019offre au regard. Le restaurant de l\u2019h\u00f4tel se constitue de deux maisons Tay traditionnelles sur pilotis qui ont \u00e9t\u00e9 transport\u00e9es de leur emplacement originel jusqu\u2019au Topas. Au c\u0153ur de cet exemple d\u2019architecture locale, les h\u00f4tes peuvent profiter d\u2019une d\u00e9licieuse cuisine vietnamienne.<\/p>\n<\/div> <\/div> <div class=\"g-cols wpb_row offset_small vc_inner \"><div class=\" full-width\">[vc_empty_space height=\u00a0\u00bb30px\u00a0\u00bb]<\/div><\/div><div class=\"g-cols wpb_row offset_small vc_inner \"><div class=\" one-half\"><div class=\"w-image  align_center\"><img loading=\"lazy\" decoding=\"async\" width=\"320\" height=\"213\" src=\"http:\/\/nam-viet-voyage.com\/wp-content\/uploads\/2015\/01\/topas-sapa.jpg\" class=\"attachment-full size-full\" alt=\"topas sapa\" srcset=\"http:\/\/nam-viet-voyage.com\/wp-content\/uploads\/2015\/01\/topas-sapa.jpg 320w, http:\/\/nam-viet-voyage.com\/wp-content\/uploads\/2015\/01\/topas-sapa-300x200.jpg 300w, http:\/\/nam-viet-voyage.com\/wp-content\/uploads\/2015\/01\/topas-sapa-150x100.jpg 150w\" sizes=\"auto, (max-width: 320px) 100vw, 320px\" \/><\/div><div class=\"w-image  align_center\"><img loading=\"lazy\" decoding=\"async\" width=\"320\" height=\"213\" src=\"http:\/\/nam-viet-voyage.com\/wp-content\/uploads\/2015\/01\/topas-sapa-view.jpg\" class=\"attachment-full size-full\" alt=\"topas sapa view\" srcset=\"http:\/\/nam-viet-voyage.com\/wp-content\/uploads\/2015\/01\/topas-sapa-view.jpg 320w, http:\/\/nam-viet-voyage.com\/wp-content\/uploads\/2015\/01\/topas-sapa-view-300x200.jpg 300w, http:\/\/nam-viet-voyage.com\/wp-content\/uploads\/2015\/01\/topas-sapa-view-150x100.jpg 150w\" sizes=\"auto, (max-width: 320px) 100vw, 320px\" \/><\/div><\/div><div class=\" one-half\"><div class=\"w-image  align_center\"><img loading=\"lazy\" decoding=\"async\" width=\"320\" height=\"213\" src=\"http:\/\/nam-viet-voyage.com\/wp-content\/uploads\/2015\/01\/topas-sapa-nuit.jpg\" class=\"attachment-full size-full\" alt=\"topas sapa nuit\" srcset=\"http:\/\/nam-viet-voyage.com\/wp-content\/uploads\/2015\/01\/topas-sapa-nuit.jpg 320w, http:\/\/nam-viet-voyage.com\/wp-content\/uploads\/2015\/01\/topas-sapa-nuit-300x200.jpg 300w, http:\/\/nam-viet-voyage.com\/wp-content\/uploads\/2015\/01\/topas-sapa-nuit-150x100.jpg 150w\" sizes=\"auto, (max-width: 320px) 100vw, 320px\" \/><\/div><div class=\"w-image  align_center\"><img loading=\"lazy\" decoding=\"async\" width=\"320\" height=\"213\" src=\"http:\/\/nam-viet-voyage.com\/wp-content\/uploads\/2015\/01\/topas-sapa-rizieres.jpg\" class=\"attachment-full size-full\" alt=\"topas sapa rizieres\" srcset=\"http:\/\/nam-viet-voyage.com\/wp-content\/uploads\/2015\/01\/topas-sapa-rizieres.jpg 320w, http:\/\/nam-viet-voyage.com\/wp-content\/uploads\/2015\/01\/topas-sapa-rizieres-300x200.jpg 300w, http:\/\/nam-viet-voyage.com\/wp-content\/uploads\/2015\/01\/topas-sapa-rizieres-150x100.jpg 150w\" sizes=\"auto, (max-width: 320px) 100vw, 320px\" \/><\/div><\/div><\/div><\/div><\/div><\/div><\/section><section class=\"l-section wpb_row height_medium color_secondary\"><div class=\"l-section-h i-cf\"><div class=\"g-cols offset_small\"><div class=\" full-width\"><div class=\"g-cols wpb_row offset_small vc_inner \"><div class=\" full-width\">[vc_custom_heading text=\u00a0\u00bbPour tout projet ou information compl\u00e9mentaire, merci de nous contacter !\u00a0\u00bb font_container=\u00a0\u00bbtag:p|font_size:24|text_align:center\u00a0\u00bb google_fonts=\u00a0\u00bbfont_family:Nothing%20You%20Could%20Do%3Aregular|font_style:400%20regular%3A400%3Anormal\u00a0\u00bb]\n<div class=\"wpcf7 no-js\" id=\"wpcf7-f5977-o1\" lang=\"fr-FR\" dir=\"ltr\" data-wpcf7-id=\"5977\">\n<div class=\"screen-reader-response\"><p role=\"status\" aria-live=\"polite\" aria-atomic=\"true\"><\/p> <ul><\/ul><\/div>\n<form action=\"\/fr\/wp-json\/wp\/v2\/pages\/3948#wpcf7-f5977-o1\" method=\"post\" class=\"wpcf7-form init\" aria-label=\"Formulaire de contact\" novalidate=\"novalidate\" data-status=\"init\">\n<fieldset class=\"hidden-fields-container\"><input type=\"hidden\" name=\"_wpcf7\" value=\"5977\" \/><input type=\"hidden\" name=\"_wpcf7_version\" value=\"6.1.5\" \/><input type=\"hidden\" name=\"_wpcf7_locale\" value=\"fr_FR\" \/><input type=\"hidden\" name=\"_wpcf7_unit_tag\" value=\"wpcf7-f5977-o1\" \/><input type=\"hidden\" name=\"_wpcf7_container_post\" value=\"0\" \/><input type=\"hidden\" name=\"_wpcf7_posted_data_hash\" value=\"\" \/>\n<\/fieldset>\n<p>Votre Nom *\n<\/p>\n<p><span class=\"wpcf7-form-control-wrap\" data-name=\"your-name\"><input size=\"40\" maxlength=\"400\" class=\"wpcf7-form-control wpcf7-text wpcf7-validates-as-required\" aria-required=\"true\" aria-invalid=\"false\" value=\"\" type=\"text\" name=\"your-name\" \/><\/span>\n<\/p>\n<p>Votre Email *\n<\/p>\n<p><span class=\"wpcf7-form-control-wrap\" data-name=\"your-email\"><input size=\"40\" maxlength=\"400\" class=\"wpcf7-form-control wpcf7-email wpcf7-validates-as-required wpcf7-text wpcf7-validates-as-email\" aria-required=\"true\" aria-invalid=\"false\" value=\"\" type=\"email\" name=\"your-email\" \/><\/span>\n<\/p>\n<p>Votre Message *\n<\/p>\n<p><span class=\"wpcf7-form-control-wrap\" data-name=\"your-message\"><textarea cols=\"40\" rows=\"10\" maxlength=\"2000\" class=\"wpcf7-form-control wpcf7-textarea wpcf7-validates-as-required\" aria-required=\"true\" aria-invalid=\"false\" name=\"your-message\"><\/textarea><\/span>\n<\/p>\n<p><input class=\"wpcf7-form-control wpcf7-submit has-spinner\" type=\"submit\" value=\"Envoyer\" \/>\n<\/p><div class=\"wpcf7-response-output\" aria-hidden=\"true\"><\/div>\n<\/form>\n<\/div>\n<\/div><\/div><\/div><\/div><\/div><\/section>\n<p><a href=\"\/\/www.pinterest.com\/pin\/create\/button\/\" data-pin-do=\"buttonBookmark\" data-pin-color=\"red\" data-pin-height=\"128\"><img decoding=\"async\" src=\"\/\/assets.pinterest.com\/images\/pidgets\/pinit_fg_en_rect_red_28.png\" \/><\/a><\/p>","protected":false},"excerpt":{"rendered":"[vc_wp_custommenu nav_menu=\"166\" title=\"Votre h\u00f4tel - Nature\"] Topas Ecolodge - Sapa Le Topas Ecolodge n\u2019est pas un h\u00f4tel comme les autres. Situ\u00e9 \u00e0 18 km de la ville de Sapa, dans...","protected":false},"author":2,"featured_media":0,"parent":0,"menu_order":0,"comment_status":"closed","ping_status":"open","template":"","meta":{"_crdt_document":"","footnotes":""},"class_list":["post-3948","page","type-page","status-publish","hentry"],"yoast_head":"<!-- This site is optimized with the Yoast SEO plugin v26.9 - https:\/\/yoast.com\/product\/yoast-seo-wordpress\/ -->\n<title>Topas Ecolodge - Sapa - Nam Viet Voyage<\/title>\n<meta name=\"description\" content=\"Perch\u00e9 au c\u0153ur de la vall\u00e9e de Sapa, le Topas Ecolodge est l\u2019endroit id\u00e9al pour profiter d\u2019une escapade montagnarde, au plus proche de la culture locale.\" \/>\n<meta name=\"robots\" content=\"index, follow, max-snippet:-1, max-image-preview:large, max-video-preview:-1\" \/>\n<link rel=\"canonical\" href=\"http:\/\/nam-viet-voyage.com\/fr\/topas-sapa\/\" \/>\n<meta property=\"og:locale\" content=\"fr_FR\" \/>\n<meta property=\"og:type\" content=\"article\" \/>\n<meta property=\"og:title\" content=\"Topas Ecolodge - Sapa - Nam Viet Voyage\" \/>\n<meta property=\"og:description\" content=\"Perch\u00e9 au c\u0153ur de la vall\u00e9e de Sapa, le Topas Ecolodge est l\u2019endroit id\u00e9al pour profiter d\u2019une escapade montagnarde, au plus proche de la culture locale.\" \/>\n<meta property=\"og:url\" content=\"http:\/\/nam-viet-voyage.com\/fr\/topas-sapa\/\" \/>\n<meta property=\"og:site_name\" content=\"Nam Viet Voyage\" \/>\n<meta property=\"article:publisher\" content=\"https:\/\/www.facebook.com\/NamVietVoyage\" \/>\n<meta property=\"article:modified_time\" content=\"2016-05-25T07:45:05+00:00\" \/>\n<meta name=\"twitter:card\" content=\"summary_large_image\" \/>\n<meta name=\"twitter:site\" content=\"@NamVietVoyage\" \/>\n<meta name=\"twitter:label1\" content=\"Dur\u00e9e de lecture estim\u00e9e\" \/>\n\t<meta name=\"twitter:data1\" content=\"2 minutes\" \/>\n<script type=\"application\/ld+json\" class=\"yoast-schema-graph\">{\"@context\":\"https:\/\/schema.org\",\"@graph\":[{\"@type\":\"WebPage\",\"@id\":\"http:\/\/nam-viet-voyage.com\/fr\/topas-sapa\/\",\"url\":\"http:\/\/nam-viet-voyage.com\/fr\/topas-sapa\/\",\"name\":\"Topas Ecolodge - Sapa - Nam Viet Voyage\",\"isPartOf\":{\"@id\":\"https:\/\/nam-viet-voyage.com\/#website\"},\"datePublished\":\"2015-01-20T02:16:22+00:00\",\"dateModified\":\"2016-05-25T07:45:05+00:00\",\"description\":\"Perch\u00e9 au c\u0153ur de la vall\u00e9e de Sapa, le Topas Ecolodge est l\u2019endroit id\u00e9al pour profiter d\u2019une escapade montagnarde, au plus proche de la culture locale.\",\"breadcrumb\":{\"@id\":\"http:\/\/nam-viet-voyage.com\/fr\/topas-sapa\/#breadcrumb\"},\"inLanguage\":\"fr-FR\",\"potentialAction\":[{\"@type\":\"ReadAction\",\"target\":[\"http:\/\/nam-viet-voyage.com\/fr\/topas-sapa\/\"]}]},{\"@type\":\"BreadcrumbList\",\"@id\":\"http:\/\/nam-viet-voyage.com\/fr\/topas-sapa\/#breadcrumb\",\"itemListElement\":[{\"@type\":\"ListItem\",\"position\":1,\"name\":\"Home\",\"item\":\"http:\/\/nam-viet-voyage.com\/fr\/\"},{\"@type\":\"ListItem\",\"position\":2,\"name\":\"Topas Ecolodge &#8211; Sapa\"}]},{\"@type\":\"WebSite\",\"@id\":\"https:\/\/nam-viet-voyage.com\/#website\",\"url\":\"https:\/\/nam-viet-voyage.com\/\",\"name\":\"Nam Viet Voyage\",\"description\":\"Voyages en Asie du Sud-Est\",\"potentialAction\":[{\"@type\":\"SearchAction\",\"target\":{\"@type\":\"EntryPoint\",\"urlTemplate\":\"https:\/\/nam-viet-voyage.com\/?s={search_term_string}\"},\"query-input\":{\"@type\":\"PropertyValueSpecification\",\"valueRequired\":true,\"valueName\":\"search_term_string\"}}],\"inLanguage\":\"fr-FR\"}]}<\/script>\n<!-- \/ Yoast SEO plugin. -->","yoast_head_json":{"title":"Topas Ecolodge - Sapa - Nam Viet Voyage","description":"Perch\u00e9 au c\u0153ur de la vall\u00e9e de Sapa, le Topas Ecolodge est l\u2019endroit id\u00e9al pour profiter d\u2019une escapade montagnarde, au plus proche de la culture locale.","robots":{"index":"index","follow":"follow","max-snippet":"max-snippet:-1","max-image-preview":"max-image-preview:large","max-video-preview":"max-video-preview:-1"},"canonical":"http:\/\/nam-viet-voyage.com\/fr\/topas-sapa\/","og_locale":"fr_FR","og_type":"article","og_title":"Topas Ecolodge - Sapa - Nam Viet Voyage","og_description":"Perch\u00e9 au c\u0153ur de la vall\u00e9e de Sapa, le Topas Ecolodge est l\u2019endroit id\u00e9al pour profiter d\u2019une escapade montagnarde, au plus proche de la culture locale.","og_url":"http:\/\/nam-viet-voyage.com\/fr\/topas-sapa\/","og_site_name":"Nam Viet Voyage","article_publisher":"https:\/\/www.facebook.com\/NamVietVoyage","article_modified_time":"2016-05-25T07:45:05+00:00","twitter_card":"summary_large_image","twitter_site":"@NamVietVoyage","twitter_misc":{"Dur\u00e9e de lecture estim\u00e9e":"2 minutes"},"schema":{"@context":"https:\/\/schema.org","@graph":[{"@type":"WebPage","@id":"http:\/\/nam-viet-voyage.com\/fr\/topas-sapa\/","url":"http:\/\/nam-viet-voyage.com\/fr\/topas-sapa\/","name":"Topas Ecolodge - Sapa - Nam Viet Voyage","isPartOf":{"@id":"https:\/\/nam-viet-voyage.com\/#website"},"datePublished":"2015-01-20T02:16:22+00:00","dateModified":"2016-05-25T07:45:05+00:00","description":"Perch\u00e9 au c\u0153ur de la vall\u00e9e de Sapa, le Topas Ecolodge est l\u2019endroit id\u00e9al pour profiter d\u2019une escapade montagnarde, au plus proche de la culture locale.","breadcrumb":{"@id":"http:\/\/nam-viet-voyage.com\/fr\/topas-sapa\/#breadcrumb"},"inLanguage":"fr-FR","potentialAction":[{"@type":"ReadAction","target":["http:\/\/nam-viet-voyage.com\/fr\/topas-sapa\/"]}]},{"@type":"BreadcrumbList","@id":"http:\/\/nam-viet-voyage.com\/fr\/topas-sapa\/#breadcrumb","itemListElement":[{"@type":"ListItem","position":1,"name":"Home","item":"http:\/\/nam-viet-voyage.com\/fr\/"},{"@type":"ListItem","position":2,"name":"Topas Ecolodge &#8211; Sapa"}]},{"@type":"WebSite","@id":"https:\/\/nam-viet-voyage.com\/#website","url":"https:\/\/nam-viet-voyage.com\/","name":"Nam Viet Voyage","description":"Voyages en Asie du Sud-Est","potentialAction":[{"@type":"SearchAction","target":{"@type":"EntryPoint","urlTemplate":"https:\/\/nam-viet-voyage.com\/?s={search_term_string}"},"query-input":{"@type":"PropertyValueSpecification","valueRequired":true,"valueName":"search_term_string"}}],"inLanguage":"fr-FR"}]}},"_links":{"self":[{"href":"http:\/\/nam-viet-voyage.com\/fr\/wp-json\/wp\/v2\/pages\/3948","targetHints":{"allow":["GET"]}}],"collection":[{"href":"http:\/\/nam-viet-voyage.com\/fr\/wp-json\/wp\/v2\/pages"}],"about":[{"href":"http:\/\/nam-viet-voyage.com\/fr\/wp-json\/wp\/v2\/types\/page"}],"author":[{"embeddable":true,"href":"http:\/\/nam-viet-voyage.com\/fr\/wp-json\/wp\/v2\/users\/2"}],"replies":[{"embeddable":true,"href":"http:\/\/nam-viet-voyage.com\/fr\/wp-json\/wp\/v2\/comments?post=3948"}],"version-history":[{"count":14,"href":"http:\/\/nam-viet-voyage.com\/fr\/wp-json\/wp\/v2\/pages\/3948\/revisions"}],"predecessor-version":[{"id":11380,"href":"http:\/\/nam-viet-voyage.com\/fr\/wp-json\/wp\/v2\/pages\/3948\/revisions\/11380"}],"wp:attachment":[{"href":"http:\/\/nam-viet-voyage.com\/fr\/wp-json\/wp\/v2\/media?parent=3948"}],"curies":[{"name":"wp","href":"https:\/\/api.w.org\/{rel}","templated":true}]}}