{"id":3944,"date":"2015-01-20T02:10:30","date_gmt":"2015-01-20T02:10:30","guid":{"rendered":"http:\/\/nam-viet-voyage.com\/?page_id=3944"},"modified":"2016-05-25T07:45:05","modified_gmt":"2016-05-25T07:45:05","slug":"six-senses-resort-con-dao","status":"publish","type":"page","link":"http:\/\/nam-viet-voyage.com\/fr\/six-senses-resort-con-dao\/","title":{"rendered":"Six Senses Resort &#8211; Con Dao"},"content":{"rendered":"<section class=\"l-section wpb_row height_medium\"><div class=\"l-section-h i-cf\"><div class=\"g-cols offset_small\"><div class=\" one-quarter\">[vc_wp_custommenu nav_menu=\u00a0\u00bb165&Prime; title=\u00a0\u00bbVotre h\u00f4tel &#8211; Baln\u00e9aire\u00a0\u00bb]<\/div><div class=\" three-quarters\"><div class=\"w-image  align_center\"><img loading=\"lazy\" decoding=\"async\" width=\"730\" height=\"200\" src=\"http:\/\/nam-viet-voyage.com\/wp-content\/uploads\/2015\/01\/six-senses-con-dao-resort-.png\" class=\"attachment-full size-full\" alt=\"six-senses-con-dao-resort-\" srcset=\"http:\/\/nam-viet-voyage.com\/wp-content\/uploads\/2015\/01\/six-senses-con-dao-resort-.png 730w, http:\/\/nam-viet-voyage.com\/wp-content\/uploads\/2015\/01\/six-senses-con-dao-resort--300x82.png 300w, http:\/\/nam-viet-voyage.com\/wp-content\/uploads\/2015\/01\/six-senses-con-dao-resort--600x164.png 600w, http:\/\/nam-viet-voyage.com\/wp-content\/uploads\/2015\/01\/six-senses-con-dao-resort--150x41.png 150w\" sizes=\"auto, (max-width: 730px) 100vw, 730px\" \/><\/div><div class=\"wpb_text_column \"><div class=\"wpb_wrapper\">\n<div class=\"vc_custom_heading wpb_content_element\">\n<h2 style=\"text-align: center;\">Six Senses Resort &#8211; Con Dao<\/h2>\n<\/div>\n<div class=\"vc_custom_heading wpb_content_element\">\n<p>Au c\u0153ur de l\u2019archipel de Con Dao, dans le sud du Vietnam, le resort Six Senses se situe dans un endroit paradisiaque. R\u00e9serve naturelle et marine, l\u2019archipel offre des panoramas \u00e0 couper le souffle, dont les h\u00f4tes du resort b\u00e9n\u00e9ficient \u00e0 tout instant. De par son int\u00e9r\u00eat pour l\u2019environnement, Six Senses a \u00e9t\u00e9 class\u00e9 parmi les meilleurs \u00e9co-lodges du monde par National Geographic Traveler.<\/p>\n<p>L\u2019h\u00f4tel propose des villas et des suites \u00e0 la d\u00e9coration simple et soign\u00e9e, qui jouissent toutes de la vue sur l\u2019oc\u00e9an. Le Six Senses Spa constitue le lieu id\u00e9al pour la relaxation, b\u00e9n\u00e9ficiant d\u2019un d\u00e9cor sans pareil, au c\u0153ur des montagnes Lo Voi. En plus de cela, quatre restaurants proposent diff\u00e9rents services aux h\u00f4tes. Vietnamese at the Market se veut traditionnel et local, tandis que Deli\u2019cious offre la possibilit\u00e9 de manger sur place ou d\u2019emporter. Le restaurant principal, By the Beach, pr\u00e9sente une carte all\u00e9chante et vari\u00e9e au bord de la plage. Enfin Destination Dining permet d\u2019organiser des barbecues et de piques-niques \u00e0 n\u2019importe quel endroit. L\u2019h\u00f4tel propose \u00e9galement de nombreuses activit\u00e9s nautiques, aquatiques et de plein air. Des cours de yoga et de cuisine sont en outre disponibles \u00e0 la demande.<\/p>\n<\/div>\n<\/div> <\/div> <div class=\"g-cols wpb_row offset_small vc_inner \"><div class=\" full-width\">[vc_empty_space height=\u00a0\u00bb30px\u00a0\u00bb]<\/div><\/div><div class=\"g-cols wpb_row offset_small vc_inner \"><div class=\" one-half\"><div class=\"w-image  align_center\"><img loading=\"lazy\" decoding=\"async\" width=\"320\" height=\"213\" src=\"http:\/\/nam-viet-voyage.com\/wp-content\/uploads\/2015\/01\/4.-Ocean_Front_Deluxe_Bathroom_six-senses-con-dao.jpg\" class=\"attachment-full size-full\" alt=\"4.-Ocean_Front_Deluxe_Bathroom_six senses con dao\" srcset=\"http:\/\/nam-viet-voyage.com\/wp-content\/uploads\/2015\/01\/4.-Ocean_Front_Deluxe_Bathroom_six-senses-con-dao.jpg 320w, http:\/\/nam-viet-voyage.com\/wp-content\/uploads\/2015\/01\/4.-Ocean_Front_Deluxe_Bathroom_six-senses-con-dao-300x200.jpg 300w, http:\/\/nam-viet-voyage.com\/wp-content\/uploads\/2015\/01\/4.-Ocean_Front_Deluxe_Bathroom_six-senses-con-dao-150x100.jpg 150w\" sizes=\"auto, (max-width: 320px) 100vw, 320px\" \/><\/div><div class=\"w-image  align_center\"><img loading=\"lazy\" decoding=\"async\" width=\"320\" height=\"213\" src=\"http:\/\/nam-viet-voyage.com\/wp-content\/uploads\/2015\/01\/14.-4Bedroom_Villa_night_six-senses.jpg\" class=\"attachment-full size-full\" alt=\"14.-4Bedroom_Villa_night_six senses\" srcset=\"http:\/\/nam-viet-voyage.com\/wp-content\/uploads\/2015\/01\/14.-4Bedroom_Villa_night_six-senses.jpg 320w, http:\/\/nam-viet-voyage.com\/wp-content\/uploads\/2015\/01\/14.-4Bedroom_Villa_night_six-senses-300x200.jpg 300w, http:\/\/nam-viet-voyage.com\/wp-content\/uploads\/2015\/01\/14.-4Bedroom_Villa_night_six-senses-150x100.jpg 150w\" sizes=\"auto, (max-width: 320px) 100vw, 320px\" \/><\/div><\/div><div class=\" one-half\"><div class=\"w-image  align_center\"><img loading=\"lazy\" decoding=\"async\" width=\"320\" height=\"213\" src=\"http:\/\/nam-viet-voyage.com\/wp-content\/uploads\/2015\/01\/12.-Ocean-Front-Villa-view_six-senses.jpg\" class=\"attachment-full size-full\" alt=\"12.-Ocean-Front-Villa-view_six senses\" srcset=\"http:\/\/nam-viet-voyage.com\/wp-content\/uploads\/2015\/01\/12.-Ocean-Front-Villa-view_six-senses.jpg 320w, http:\/\/nam-viet-voyage.com\/wp-content\/uploads\/2015\/01\/12.-Ocean-Front-Villa-view_six-senses-300x200.jpg 300w, http:\/\/nam-viet-voyage.com\/wp-content\/uploads\/2015\/01\/12.-Ocean-Front-Villa-view_six-senses-150x100.jpg 150w\" sizes=\"auto, (max-width: 320px) 100vw, 320px\" \/><\/div><div class=\"w-image  align_center\"><img loading=\"lazy\" decoding=\"async\" width=\"320\" height=\"213\" src=\"http:\/\/nam-viet-voyage.com\/wp-content\/uploads\/2015\/01\/13.-Ocean-View-4Bedroom-villa-pool-deck_six-senses.jpg\" class=\"attachment-full size-full\" alt=\"13.-Ocean-View-4Bedroom-villa-pool-deck_six senses\" srcset=\"http:\/\/nam-viet-voyage.com\/wp-content\/uploads\/2015\/01\/13.-Ocean-View-4Bedroom-villa-pool-deck_six-senses.jpg 320w, http:\/\/nam-viet-voyage.com\/wp-content\/uploads\/2015\/01\/13.-Ocean-View-4Bedroom-villa-pool-deck_six-senses-300x200.jpg 300w, http:\/\/nam-viet-voyage.com\/wp-content\/uploads\/2015\/01\/13.-Ocean-View-4Bedroom-villa-pool-deck_six-senses-150x100.jpg 150w\" sizes=\"auto, (max-width: 320px) 100vw, 320px\" \/><\/div><\/div><\/div><\/div><\/div><\/div><\/section><section class=\"l-section wpb_row height_medium color_secondary\"><div class=\"l-section-h i-cf\"><div class=\"g-cols offset_small\"><div class=\" full-width\"><div class=\"g-cols wpb_row offset_small vc_inner \"><div class=\" full-width\">[vc_custom_heading text=\u00a0\u00bbPour tout projet ou information compl\u00e9mentaire, merci de nous contacter !\u00a0\u00bb font_container=\u00a0\u00bbtag:p|font_size:24|text_align:center\u00a0\u00bb google_fonts=\u00a0\u00bbfont_family:Nothing%20You%20Could%20Do%3Aregular|font_style:400%20regular%3A400%3Anormal\u00a0\u00bb]\n<div class=\"wpcf7 no-js\" id=\"wpcf7-f5977-o1\" lang=\"fr-FR\" dir=\"ltr\" data-wpcf7-id=\"5977\">\n<div class=\"screen-reader-response\"><p role=\"status\" aria-live=\"polite\" aria-atomic=\"true\"><\/p> <ul><\/ul><\/div>\n<form action=\"\/fr\/wp-json\/wp\/v2\/pages\/3944#wpcf7-f5977-o1\" method=\"post\" class=\"wpcf7-form init\" aria-label=\"Formulaire de contact\" novalidate=\"novalidate\" data-status=\"init\">\n<fieldset class=\"hidden-fields-container\"><input type=\"hidden\" name=\"_wpcf7\" value=\"5977\" \/><input type=\"hidden\" name=\"_wpcf7_version\" value=\"6.1.5\" \/><input type=\"hidden\" name=\"_wpcf7_locale\" value=\"fr_FR\" \/><input type=\"hidden\" name=\"_wpcf7_unit_tag\" value=\"wpcf7-f5977-o1\" \/><input type=\"hidden\" name=\"_wpcf7_container_post\" value=\"0\" \/><input type=\"hidden\" name=\"_wpcf7_posted_data_hash\" value=\"\" \/>\n<\/fieldset>\n<p>Votre Nom *\n<\/p>\n<p><span class=\"wpcf7-form-control-wrap\" data-name=\"your-name\"><input size=\"40\" maxlength=\"400\" class=\"wpcf7-form-control wpcf7-text wpcf7-validates-as-required\" aria-required=\"true\" aria-invalid=\"false\" value=\"\" type=\"text\" name=\"your-name\" \/><\/span>\n<\/p>\n<p>Votre Email *\n<\/p>\n<p><span class=\"wpcf7-form-control-wrap\" data-name=\"your-email\"><input size=\"40\" maxlength=\"400\" class=\"wpcf7-form-control wpcf7-email wpcf7-validates-as-required wpcf7-text wpcf7-validates-as-email\" aria-required=\"true\" aria-invalid=\"false\" value=\"\" type=\"email\" name=\"your-email\" \/><\/span>\n<\/p>\n<p>Votre Message *\n<\/p>\n<p><span class=\"wpcf7-form-control-wrap\" data-name=\"your-message\"><textarea cols=\"40\" rows=\"10\" maxlength=\"2000\" class=\"wpcf7-form-control wpcf7-textarea wpcf7-validates-as-required\" aria-required=\"true\" aria-invalid=\"false\" name=\"your-message\"><\/textarea><\/span>\n<\/p>\n<p><input class=\"wpcf7-form-control wpcf7-submit has-spinner\" type=\"submit\" value=\"Envoyer\" \/>\n<\/p><div class=\"wpcf7-response-output\" aria-hidden=\"true\"><\/div>\n<\/form>\n<\/div>\n<\/div><\/div><\/div><\/div><\/div><\/section>\n<p><a href=\"\/\/www.pinterest.com\/pin\/create\/button\/\" data-pin-do=\"buttonBookmark\" data-pin-color=\"red\" data-pin-height=\"128\"><img decoding=\"async\" src=\"\/\/assets.pinterest.com\/images\/pidgets\/pinit_fg_en_rect_red_28.png\" \/><\/a><\/p>","protected":false},"excerpt":{"rendered":"[vc_wp_custommenu nav_menu=\"165\" title=\"Votre h\u00f4tel - Baln\u00e9aire\"] Six Senses Resort - Con Dao Au c\u0153ur de l\u2019archipel de Con Dao, dans le sud du Vietnam, le resort Six Senses se situe...","protected":false},"author":2,"featured_media":0,"parent":0,"menu_order":0,"comment_status":"closed","ping_status":"open","template":"","meta":{"_crdt_document":"","footnotes":""},"class_list":["post-3944","page","type-page","status-publish","hentry"],"yoast_head":"<!-- This site is optimized with the Yoast SEO plugin v26.9 - https:\/\/yoast.com\/product\/yoast-seo-wordpress\/ -->\n<title>Six Senses Resort - Con Dao - Nam Viet Voyage<\/title>\n<meta name=\"description\" content=\"Dans l&#039;archipel de Con Dao dans le sud du Vietnam, le Six Senses Resort offre une exp\u00e9rience de d\u00e9tente et de luxe sans \u00e9gal.\" \/>\n<meta name=\"robots\" content=\"index, follow, max-snippet:-1, max-image-preview:large, max-video-preview:-1\" \/>\n<link rel=\"canonical\" href=\"http:\/\/nam-viet-voyage.com\/fr\/six-senses-resort-con-dao\/\" \/>\n<meta property=\"og:locale\" content=\"fr_FR\" \/>\n<meta property=\"og:type\" content=\"article\" \/>\n<meta property=\"og:title\" content=\"Six Senses Resort - Con Dao - Nam Viet Voyage\" \/>\n<meta property=\"og:description\" content=\"Dans l&#039;archipel de Con Dao dans le sud du Vietnam, le Six Senses Resort offre une exp\u00e9rience de d\u00e9tente et de luxe sans \u00e9gal.\" \/>\n<meta property=\"og:url\" content=\"http:\/\/nam-viet-voyage.com\/fr\/six-senses-resort-con-dao\/\" \/>\n<meta property=\"og:site_name\" content=\"Nam Viet Voyage\" \/>\n<meta property=\"article:publisher\" content=\"https:\/\/www.facebook.com\/NamVietVoyage\" \/>\n<meta property=\"article:modified_time\" content=\"2016-05-25T07:45:05+00:00\" \/>\n<meta name=\"twitter:card\" content=\"summary_large_image\" \/>\n<meta name=\"twitter:site\" content=\"@NamVietVoyage\" \/>\n<meta name=\"twitter:label1\" content=\"Dur\u00e9e de lecture estim\u00e9e\" \/>\n\t<meta name=\"twitter:data1\" content=\"2 minutes\" \/>\n<script type=\"application\/ld+json\" class=\"yoast-schema-graph\">{\"@context\":\"https:\/\/schema.org\",\"@graph\":[{\"@type\":\"WebPage\",\"@id\":\"http:\/\/nam-viet-voyage.com\/fr\/six-senses-resort-con-dao\/\",\"url\":\"http:\/\/nam-viet-voyage.com\/fr\/six-senses-resort-con-dao\/\",\"name\":\"Six Senses Resort - Con Dao - Nam Viet Voyage\",\"isPartOf\":{\"@id\":\"https:\/\/nam-viet-voyage.com\/#website\"},\"datePublished\":\"2015-01-20T02:10:30+00:00\",\"dateModified\":\"2016-05-25T07:45:05+00:00\",\"description\":\"Dans l'archipel de Con Dao dans le sud du Vietnam, le Six Senses Resort offre une exp\u00e9rience de d\u00e9tente et de luxe sans \u00e9gal.\",\"breadcrumb\":{\"@id\":\"http:\/\/nam-viet-voyage.com\/fr\/six-senses-resort-con-dao\/#breadcrumb\"},\"inLanguage\":\"fr-FR\",\"potentialAction\":[{\"@type\":\"ReadAction\",\"target\":[\"http:\/\/nam-viet-voyage.com\/fr\/six-senses-resort-con-dao\/\"]}]},{\"@type\":\"BreadcrumbList\",\"@id\":\"http:\/\/nam-viet-voyage.com\/fr\/six-senses-resort-con-dao\/#breadcrumb\",\"itemListElement\":[{\"@type\":\"ListItem\",\"position\":1,\"name\":\"Home\",\"item\":\"http:\/\/nam-viet-voyage.com\/fr\/\"},{\"@type\":\"ListItem\",\"position\":2,\"name\":\"Six Senses Resort &#8211; Con Dao\"}]},{\"@type\":\"WebSite\",\"@id\":\"https:\/\/nam-viet-voyage.com\/#website\",\"url\":\"https:\/\/nam-viet-voyage.com\/\",\"name\":\"Nam Viet Voyage\",\"description\":\"Voyages en Asie du Sud-Est\",\"potentialAction\":[{\"@type\":\"SearchAction\",\"target\":{\"@type\":\"EntryPoint\",\"urlTemplate\":\"https:\/\/nam-viet-voyage.com\/?s={search_term_string}\"},\"query-input\":{\"@type\":\"PropertyValueSpecification\",\"valueRequired\":true,\"valueName\":\"search_term_string\"}}],\"inLanguage\":\"fr-FR\"}]}<\/script>\n<!-- \/ Yoast SEO plugin. -->","yoast_head_json":{"title":"Six Senses Resort - Con Dao - Nam Viet Voyage","description":"Dans l'archipel de Con Dao dans le sud du Vietnam, le Six Senses Resort offre une exp\u00e9rience de d\u00e9tente et de luxe sans \u00e9gal.","robots":{"index":"index","follow":"follow","max-snippet":"max-snippet:-1","max-image-preview":"max-image-preview:large","max-video-preview":"max-video-preview:-1"},"canonical":"http:\/\/nam-viet-voyage.com\/fr\/six-senses-resort-con-dao\/","og_locale":"fr_FR","og_type":"article","og_title":"Six Senses Resort - Con Dao - Nam Viet Voyage","og_description":"Dans l'archipel de Con Dao dans le sud du Vietnam, le Six Senses Resort offre une exp\u00e9rience de d\u00e9tente et de luxe sans \u00e9gal.","og_url":"http:\/\/nam-viet-voyage.com\/fr\/six-senses-resort-con-dao\/","og_site_name":"Nam Viet Voyage","article_publisher":"https:\/\/www.facebook.com\/NamVietVoyage","article_modified_time":"2016-05-25T07:45:05+00:00","twitter_card":"summary_large_image","twitter_site":"@NamVietVoyage","twitter_misc":{"Dur\u00e9e de lecture estim\u00e9e":"2 minutes"},"schema":{"@context":"https:\/\/schema.org","@graph":[{"@type":"WebPage","@id":"http:\/\/nam-viet-voyage.com\/fr\/six-senses-resort-con-dao\/","url":"http:\/\/nam-viet-voyage.com\/fr\/six-senses-resort-con-dao\/","name":"Six Senses Resort - Con Dao - Nam Viet Voyage","isPartOf":{"@id":"https:\/\/nam-viet-voyage.com\/#website"},"datePublished":"2015-01-20T02:10:30+00:00","dateModified":"2016-05-25T07:45:05+00:00","description":"Dans l'archipel de Con Dao dans le sud du Vietnam, le Six Senses Resort offre une exp\u00e9rience de d\u00e9tente et de luxe sans \u00e9gal.","breadcrumb":{"@id":"http:\/\/nam-viet-voyage.com\/fr\/six-senses-resort-con-dao\/#breadcrumb"},"inLanguage":"fr-FR","potentialAction":[{"@type":"ReadAction","target":["http:\/\/nam-viet-voyage.com\/fr\/six-senses-resort-con-dao\/"]}]},{"@type":"BreadcrumbList","@id":"http:\/\/nam-viet-voyage.com\/fr\/six-senses-resort-con-dao\/#breadcrumb","itemListElement":[{"@type":"ListItem","position":1,"name":"Home","item":"http:\/\/nam-viet-voyage.com\/fr\/"},{"@type":"ListItem","position":2,"name":"Six Senses Resort &#8211; Con Dao"}]},{"@type":"WebSite","@id":"https:\/\/nam-viet-voyage.com\/#website","url":"https:\/\/nam-viet-voyage.com\/","name":"Nam Viet Voyage","description":"Voyages en Asie du Sud-Est","potentialAction":[{"@type":"SearchAction","target":{"@type":"EntryPoint","urlTemplate":"https:\/\/nam-viet-voyage.com\/?s={search_term_string}"},"query-input":{"@type":"PropertyValueSpecification","valueRequired":true,"valueName":"search_term_string"}}],"inLanguage":"fr-FR"}]}},"_links":{"self":[{"href":"http:\/\/nam-viet-voyage.com\/fr\/wp-json\/wp\/v2\/pages\/3944","targetHints":{"allow":["GET"]}}],"collection":[{"href":"http:\/\/nam-viet-voyage.com\/fr\/wp-json\/wp\/v2\/pages"}],"about":[{"href":"http:\/\/nam-viet-voyage.com\/fr\/wp-json\/wp\/v2\/types\/page"}],"author":[{"embeddable":true,"href":"http:\/\/nam-viet-voyage.com\/fr\/wp-json\/wp\/v2\/users\/2"}],"replies":[{"embeddable":true,"href":"http:\/\/nam-viet-voyage.com\/fr\/wp-json\/wp\/v2\/comments?post=3944"}],"version-history":[{"count":15,"href":"http:\/\/nam-viet-voyage.com\/fr\/wp-json\/wp\/v2\/pages\/3944\/revisions"}],"predecessor-version":[{"id":11381,"href":"http:\/\/nam-viet-voyage.com\/fr\/wp-json\/wp\/v2\/pages\/3944\/revisions\/11381"}],"wp:attachment":[{"href":"http:\/\/nam-viet-voyage.com\/fr\/wp-json\/wp\/v2\/media?parent=3944"}],"curies":[{"name":"wp","href":"https:\/\/api.w.org\/{rel}","templated":true}]}}