{"id":3938,"date":"2015-01-20T02:08:45","date_gmt":"2015-01-20T02:08:45","guid":{"rendered":"http:\/\/nam-viet-voyage.com\/?page_id=3938"},"modified":"2016-05-25T07:45:06","modified_gmt":"2016-05-25T07:45:06","slug":"vedana-lagoon-resort-hue","status":"publish","type":"page","link":"http:\/\/nam-viet-voyage.com\/fr\/vedana-lagoon-resort-hue\/","title":{"rendered":"Vedana Lagoon Resort &#8211; Hue"},"content":{"rendered":"<section class=\"l-section wpb_row height_medium\"><div class=\"l-section-h i-cf\"><div class=\"g-cols offset_small\"><div class=\" one-quarter\">[vc_wp_custommenu nav_menu=\u00a0\u00bb165&Prime; title=\u00a0\u00bbVotre h\u00f4tel &#8211; Baln\u00e9aire\u00a0\u00bb]<\/div><div class=\" three-quarters\"><div class=\"w-image  align_center\"><img loading=\"lazy\" decoding=\"async\" width=\"730\" height=\"200\" src=\"http:\/\/nam-viet-voyage.com\/wp-content\/uploads\/2015\/01\/vedana-lagoon-resort-hue.png\" class=\"attachment-full size-full\" alt=\"vedana-lagoon-resort-hue\" srcset=\"http:\/\/nam-viet-voyage.com\/wp-content\/uploads\/2015\/01\/vedana-lagoon-resort-hue.png 730w, http:\/\/nam-viet-voyage.com\/wp-content\/uploads\/2015\/01\/vedana-lagoon-resort-hue-300x82.png 300w, http:\/\/nam-viet-voyage.com\/wp-content\/uploads\/2015\/01\/vedana-lagoon-resort-hue-600x164.png 600w, http:\/\/nam-viet-voyage.com\/wp-content\/uploads\/2015\/01\/vedana-lagoon-resort-hue-150x41.png 150w\" sizes=\"auto, (max-width: 730px) 100vw, 730px\" \/><\/div><div class=\"wpb_text_column \"><div class=\"wpb_wrapper\">\n<div class=\"vc_custom_heading wpb_content_element\">\n<h2 style=\"text-align: center;\">Vedana Lagoon Resort &#8211; Hue<\/h2>\n<\/div>\n<div class=\"vc_custom_heading wpb_content_element\" style=\"text-align: justify;\">Entre Hue et Hoi An, dans le centre du Vietnam, le Vedana Lagoon Resort se situe au bord d\u2019un des plus grands lagons du pays, offrant des panoramas incomparables. Il se caract\u00e9rise par ses villas, \u00e0 l\u2019architecture soign\u00e9e et \u00e0 la d\u00e9coration raffin\u00e9e. Certaines d\u2019entre elles sont mont\u00e9es sur pilotis, une v\u00e9ritable exclusivit\u00e9 au Vietnam, et jouissent d\u2019une vue imprenable sur le lagon. Les autres villas sont quant \u00e0 elles nich\u00e9es dans la nature au c\u0153ur du jardin de l\u2019h\u00f4tel, face \u00e0 la surface ondulante du lagon. Le spa de l\u2019h\u00f4tel propose une large gamme de soins aux produits naturels, ainsi que des cours de yoga et de tai-chi, afin de permettre aux h\u00f4tes d\u2019atteindre un bien-\u00eatre complet. Diff\u00e9rents restaurants et bars offrent un choix de cuisine, aussi bien occidentale que vietnamienne. Nul doute que l\u2019atmosph\u00e8re apaisante de cet endroit extraordinaire saura vous d\u00e9tendre.<\/div>\n<\/div> <\/div> <div class=\"g-cols wpb_row offset_small vc_inner \"><div class=\" full-width\">[vc_empty_space height=\u00a0\u00bb30px\u00a0\u00bb]<\/div><\/div><div class=\"g-cols wpb_row offset_small vc_inner \"><div class=\" one-half\"><div class=\"w-image  align_center\"><img loading=\"lazy\" decoding=\"async\" width=\"320\" height=\"213\" src=\"http:\/\/nam-viet-voyage.com\/wp-content\/uploads\/2015\/01\/2.-vedana-honeymoon.jpeg\" class=\"attachment-full size-full\" alt=\"2.-vedana-honeymoon\" srcset=\"http:\/\/nam-viet-voyage.com\/wp-content\/uploads\/2015\/01\/2.-vedana-honeymoon.jpeg 320w, http:\/\/nam-viet-voyage.com\/wp-content\/uploads\/2015\/01\/2.-vedana-honeymoon-300x200.jpeg 300w, http:\/\/nam-viet-voyage.com\/wp-content\/uploads\/2015\/01\/2.-vedana-honeymoon-150x100.jpeg 150w\" sizes=\"auto, (max-width: 320px) 100vw, 320px\" \/><\/div><div class=\"w-image  align_center\"><img loading=\"lazy\" decoding=\"async\" width=\"320\" height=\"213\" src=\"http:\/\/nam-viet-voyage.com\/wp-content\/uploads\/2015\/01\/3.-hue_vedana_main-pool.jpg\" class=\"attachment-full size-full\" alt=\"3.-hue_vedana_main-pool\" srcset=\"http:\/\/nam-viet-voyage.com\/wp-content\/uploads\/2015\/01\/3.-hue_vedana_main-pool.jpg 320w, http:\/\/nam-viet-voyage.com\/wp-content\/uploads\/2015\/01\/3.-hue_vedana_main-pool-300x200.jpg 300w, http:\/\/nam-viet-voyage.com\/wp-content\/uploads\/2015\/01\/3.-hue_vedana_main-pool-150x100.jpg 150w\" sizes=\"auto, (max-width: 320px) 100vw, 320px\" \/><\/div><\/div><div class=\" one-half\"><div class=\"w-image  align_center\"><img loading=\"lazy\" decoding=\"async\" width=\"320\" height=\"213\" src=\"http:\/\/nam-viet-voyage.com\/wp-content\/uploads\/2015\/01\/1.-vedana-lagoon.jpg\" class=\"attachment-full size-full\" alt=\"1.-vedana-lagoon\" srcset=\"http:\/\/nam-viet-voyage.com\/wp-content\/uploads\/2015\/01\/1.-vedana-lagoon.jpg 320w, http:\/\/nam-viet-voyage.com\/wp-content\/uploads\/2015\/01\/1.-vedana-lagoon-300x200.jpg 300w, http:\/\/nam-viet-voyage.com\/wp-content\/uploads\/2015\/01\/1.-vedana-lagoon-150x100.jpg 150w\" sizes=\"auto, (max-width: 320px) 100vw, 320px\" \/><\/div><div class=\"w-image  align_center\"><img loading=\"lazy\" decoding=\"async\" width=\"320\" height=\"213\" src=\"http:\/\/nam-viet-voyage.com\/wp-content\/uploads\/2015\/01\/vedana-lagoon-hue.jpg\" class=\"attachment-full size-full\" alt=\"vedana lagoon hue\" srcset=\"http:\/\/nam-viet-voyage.com\/wp-content\/uploads\/2015\/01\/vedana-lagoon-hue.jpg 320w, http:\/\/nam-viet-voyage.com\/wp-content\/uploads\/2015\/01\/vedana-lagoon-hue-300x200.jpg 300w, http:\/\/nam-viet-voyage.com\/wp-content\/uploads\/2015\/01\/vedana-lagoon-hue-150x100.jpg 150w\" sizes=\"auto, (max-width: 320px) 100vw, 320px\" \/><\/div><\/div><\/div><\/div><\/div><\/div><\/section><section class=\"l-section wpb_row height_medium color_secondary\"><div class=\"l-section-h i-cf\"><div class=\"g-cols offset_small\"><div class=\" full-width\"><div class=\"g-cols wpb_row offset_small vc_inner \"><div class=\" full-width\">[vc_custom_heading text=\u00a0\u00bbPour tout projet ou information compl\u00e9mentaire, merci de nous contacter !\u00a0\u00bb font_container=\u00a0\u00bbtag:p|font_size:24|text_align:center\u00a0\u00bb google_fonts=\u00a0\u00bbfont_family:Nothing%20You%20Could%20Do%3Aregular|font_style:400%20regular%3A400%3Anormal\u00a0\u00bb]\n<div class=\"wpcf7 no-js\" id=\"wpcf7-f5977-o1\" lang=\"fr-FR\" dir=\"ltr\" data-wpcf7-id=\"5977\">\n<div class=\"screen-reader-response\"><p role=\"status\" aria-live=\"polite\" aria-atomic=\"true\"><\/p> <ul><\/ul><\/div>\n<form action=\"\/fr\/wp-json\/wp\/v2\/pages\/3938#wpcf7-f5977-o1\" method=\"post\" class=\"wpcf7-form init\" aria-label=\"Formulaire de contact\" novalidate=\"novalidate\" data-status=\"init\">\n<fieldset class=\"hidden-fields-container\"><input type=\"hidden\" name=\"_wpcf7\" value=\"5977\" \/><input type=\"hidden\" name=\"_wpcf7_version\" value=\"6.1.5\" \/><input type=\"hidden\" name=\"_wpcf7_locale\" value=\"fr_FR\" \/><input type=\"hidden\" name=\"_wpcf7_unit_tag\" value=\"wpcf7-f5977-o1\" \/><input type=\"hidden\" name=\"_wpcf7_container_post\" value=\"0\" \/><input type=\"hidden\" name=\"_wpcf7_posted_data_hash\" value=\"\" \/>\n<\/fieldset>\n<p>Votre Nom *\n<\/p>\n<p><span class=\"wpcf7-form-control-wrap\" data-name=\"your-name\"><input size=\"40\" maxlength=\"400\" class=\"wpcf7-form-control wpcf7-text wpcf7-validates-as-required\" aria-required=\"true\" aria-invalid=\"false\" value=\"\" type=\"text\" name=\"your-name\" \/><\/span>\n<\/p>\n<p>Votre Email *\n<\/p>\n<p><span class=\"wpcf7-form-control-wrap\" data-name=\"your-email\"><input size=\"40\" maxlength=\"400\" class=\"wpcf7-form-control wpcf7-email wpcf7-validates-as-required wpcf7-text wpcf7-validates-as-email\" aria-required=\"true\" aria-invalid=\"false\" value=\"\" type=\"email\" name=\"your-email\" \/><\/span>\n<\/p>\n<p>Votre Message *\n<\/p>\n<p><span class=\"wpcf7-form-control-wrap\" data-name=\"your-message\"><textarea cols=\"40\" rows=\"10\" maxlength=\"2000\" class=\"wpcf7-form-control wpcf7-textarea wpcf7-validates-as-required\" aria-required=\"true\" aria-invalid=\"false\" name=\"your-message\"><\/textarea><\/span>\n<\/p>\n<p><input class=\"wpcf7-form-control wpcf7-submit has-spinner\" type=\"submit\" value=\"Envoyer\" \/>\n<\/p><div class=\"wpcf7-response-output\" aria-hidden=\"true\"><\/div>\n<\/form>\n<\/div>\n<\/div><\/div><\/div><\/div><\/div><\/section>\n<p><a href=\"\/\/www.pinterest.com\/pin\/create\/button\/\" data-pin-do=\"buttonBookmark\" data-pin-color=\"red\" data-pin-height=\"128\"><img decoding=\"async\" src=\"\/\/assets.pinterest.com\/images\/pidgets\/pinit_fg_en_rect_red_28.png\" \/><\/a><\/p>","protected":false},"excerpt":{"rendered":"[vc_wp_custommenu nav_menu=\"165\" title=\"Votre h\u00f4tel - Baln\u00e9aire\"] Vedana Lagoon Resort - Hue Entre Hue et Hoi An, dans le centre du Vietnam, le Vedana Lagoon Resort se situe au bord d\u2019un...","protected":false},"author":2,"featured_media":0,"parent":0,"menu_order":0,"comment_status":"closed","ping_status":"open","template":"","meta":{"_crdt_document":"","footnotes":""},"class_list":["post-3938","page","type-page","status-publish","hentry"],"yoast_head":"<!-- This site is optimized with the Yoast SEO plugin v26.9 - https:\/\/yoast.com\/product\/yoast-seo-wordpress\/ -->\n<title>Vedana Lagoon Resort - Hue - Nam Viet Voyage<\/title>\n<meta name=\"description\" content=\"Entre Hue et Hoi An, le Vedana Lagoon Resort d\u00e9ploie ses villas sur pilotis au-dessus d\u2019un superbe lagon, pour une escapade on ne peut plus relaxante.\" \/>\n<meta name=\"robots\" content=\"index, follow, max-snippet:-1, max-image-preview:large, max-video-preview:-1\" \/>\n<link rel=\"canonical\" href=\"https:\/\/nam-viet-voyage.com\/fr\/vedana-lagoon-resort-hue\/\" \/>\n<meta property=\"og:locale\" content=\"fr_FR\" \/>\n<meta property=\"og:type\" content=\"article\" \/>\n<meta property=\"og:title\" content=\"Vedana Lagoon Resort - Hue - Nam Viet Voyage\" \/>\n<meta property=\"og:description\" content=\"Entre Hue et Hoi An, le Vedana Lagoon Resort d\u00e9ploie ses villas sur pilotis au-dessus d\u2019un superbe lagon, pour une escapade on ne peut plus relaxante.\" \/>\n<meta property=\"og:url\" content=\"https:\/\/nam-viet-voyage.com\/fr\/vedana-lagoon-resort-hue\/\" \/>\n<meta property=\"og:site_name\" content=\"Nam Viet Voyage\" \/>\n<meta property=\"article:publisher\" content=\"https:\/\/www.facebook.com\/NamVietVoyage\" \/>\n<meta property=\"article:modified_time\" content=\"2016-05-25T07:45:06+00:00\" \/>\n<meta name=\"twitter:card\" content=\"summary_large_image\" \/>\n<meta name=\"twitter:site\" content=\"@NamVietVoyage\" \/>\n<meta name=\"twitter:label1\" content=\"Dur\u00e9e de lecture estim\u00e9e\" \/>\n\t<meta name=\"twitter:data1\" content=\"2 minutes\" \/>\n<script type=\"application\/ld+json\" class=\"yoast-schema-graph\">{\"@context\":\"https:\/\/schema.org\",\"@graph\":[{\"@type\":\"WebPage\",\"@id\":\"https:\/\/nam-viet-voyage.com\/fr\/vedana-lagoon-resort-hue\/\",\"url\":\"https:\/\/nam-viet-voyage.com\/fr\/vedana-lagoon-resort-hue\/\",\"name\":\"Vedana Lagoon Resort - Hue - Nam Viet Voyage\",\"isPartOf\":{\"@id\":\"https:\/\/nam-viet-voyage.com\/#website\"},\"datePublished\":\"2015-01-20T02:08:45+00:00\",\"dateModified\":\"2016-05-25T07:45:06+00:00\",\"description\":\"Entre Hue et Hoi An, le Vedana Lagoon Resort d\u00e9ploie ses villas sur pilotis au-dessus d\u2019un superbe lagon, pour une escapade on ne peut plus relaxante.\",\"breadcrumb\":{\"@id\":\"https:\/\/nam-viet-voyage.com\/fr\/vedana-lagoon-resort-hue\/#breadcrumb\"},\"inLanguage\":\"fr-FR\",\"potentialAction\":[{\"@type\":\"ReadAction\",\"target\":[\"https:\/\/nam-viet-voyage.com\/fr\/vedana-lagoon-resort-hue\/\"]}]},{\"@type\":\"BreadcrumbList\",\"@id\":\"https:\/\/nam-viet-voyage.com\/fr\/vedana-lagoon-resort-hue\/#breadcrumb\",\"itemListElement\":[{\"@type\":\"ListItem\",\"position\":1,\"name\":\"Home\",\"item\":\"https:\/\/nam-viet-voyage.com\/fr\/sample-page-2\/\"},{\"@type\":\"ListItem\",\"position\":2,\"name\":\"Vedana Lagoon Resort &#8211; Hue\"}]},{\"@type\":\"WebSite\",\"@id\":\"https:\/\/nam-viet-voyage.com\/#website\",\"url\":\"https:\/\/nam-viet-voyage.com\/\",\"name\":\"Nam Viet Voyage\",\"description\":\"Voyages en Asie du Sud-Est\",\"potentialAction\":[{\"@type\":\"SearchAction\",\"target\":{\"@type\":\"EntryPoint\",\"urlTemplate\":\"https:\/\/nam-viet-voyage.com\/?s={search_term_string}\"},\"query-input\":{\"@type\":\"PropertyValueSpecification\",\"valueRequired\":true,\"valueName\":\"search_term_string\"}}],\"inLanguage\":\"fr-FR\"}]}<\/script>\n<!-- \/ Yoast SEO plugin. -->","yoast_head_json":{"title":"Vedana Lagoon Resort - Hue - Nam Viet Voyage","description":"Entre Hue et Hoi An, le Vedana Lagoon Resort d\u00e9ploie ses villas sur pilotis au-dessus d\u2019un superbe lagon, pour une escapade on ne peut plus relaxante.","robots":{"index":"index","follow":"follow","max-snippet":"max-snippet:-1","max-image-preview":"max-image-preview:large","max-video-preview":"max-video-preview:-1"},"canonical":"https:\/\/nam-viet-voyage.com\/fr\/vedana-lagoon-resort-hue\/","og_locale":"fr_FR","og_type":"article","og_title":"Vedana Lagoon Resort - Hue - Nam Viet Voyage","og_description":"Entre Hue et Hoi An, le Vedana Lagoon Resort d\u00e9ploie ses villas sur pilotis au-dessus d\u2019un superbe lagon, pour une escapade on ne peut plus relaxante.","og_url":"https:\/\/nam-viet-voyage.com\/fr\/vedana-lagoon-resort-hue\/","og_site_name":"Nam Viet Voyage","article_publisher":"https:\/\/www.facebook.com\/NamVietVoyage","article_modified_time":"2016-05-25T07:45:06+00:00","twitter_card":"summary_large_image","twitter_site":"@NamVietVoyage","twitter_misc":{"Dur\u00e9e de lecture estim\u00e9e":"2 minutes"},"schema":{"@context":"https:\/\/schema.org","@graph":[{"@type":"WebPage","@id":"https:\/\/nam-viet-voyage.com\/fr\/vedana-lagoon-resort-hue\/","url":"https:\/\/nam-viet-voyage.com\/fr\/vedana-lagoon-resort-hue\/","name":"Vedana Lagoon Resort - Hue - Nam Viet Voyage","isPartOf":{"@id":"https:\/\/nam-viet-voyage.com\/#website"},"datePublished":"2015-01-20T02:08:45+00:00","dateModified":"2016-05-25T07:45:06+00:00","description":"Entre Hue et Hoi An, le Vedana Lagoon Resort d\u00e9ploie ses villas sur pilotis au-dessus d\u2019un superbe lagon, pour une escapade on ne peut plus relaxante.","breadcrumb":{"@id":"https:\/\/nam-viet-voyage.com\/fr\/vedana-lagoon-resort-hue\/#breadcrumb"},"inLanguage":"fr-FR","potentialAction":[{"@type":"ReadAction","target":["https:\/\/nam-viet-voyage.com\/fr\/vedana-lagoon-resort-hue\/"]}]},{"@type":"BreadcrumbList","@id":"https:\/\/nam-viet-voyage.com\/fr\/vedana-lagoon-resort-hue\/#breadcrumb","itemListElement":[{"@type":"ListItem","position":1,"name":"Home","item":"https:\/\/nam-viet-voyage.com\/fr\/sample-page-2\/"},{"@type":"ListItem","position":2,"name":"Vedana Lagoon Resort &#8211; Hue"}]},{"@type":"WebSite","@id":"https:\/\/nam-viet-voyage.com\/#website","url":"https:\/\/nam-viet-voyage.com\/","name":"Nam Viet Voyage","description":"Voyages en Asie du Sud-Est","potentialAction":[{"@type":"SearchAction","target":{"@type":"EntryPoint","urlTemplate":"https:\/\/nam-viet-voyage.com\/?s={search_term_string}"},"query-input":{"@type":"PropertyValueSpecification","valueRequired":true,"valueName":"search_term_string"}}],"inLanguage":"fr-FR"}]}},"_links":{"self":[{"href":"http:\/\/nam-viet-voyage.com\/fr\/wp-json\/wp\/v2\/pages\/3938","targetHints":{"allow":["GET"]}}],"collection":[{"href":"http:\/\/nam-viet-voyage.com\/fr\/wp-json\/wp\/v2\/pages"}],"about":[{"href":"http:\/\/nam-viet-voyage.com\/fr\/wp-json\/wp\/v2\/types\/page"}],"author":[{"embeddable":true,"href":"http:\/\/nam-viet-voyage.com\/fr\/wp-json\/wp\/v2\/users\/2"}],"replies":[{"embeddable":true,"href":"http:\/\/nam-viet-voyage.com\/fr\/wp-json\/wp\/v2\/comments?post=3938"}],"version-history":[{"count":16,"href":"http:\/\/nam-viet-voyage.com\/fr\/wp-json\/wp\/v2\/pages\/3938\/revisions"}],"predecessor-version":[{"id":11382,"href":"http:\/\/nam-viet-voyage.com\/fr\/wp-json\/wp\/v2\/pages\/3938\/revisions\/11382"}],"wp:attachment":[{"href":"http:\/\/nam-viet-voyage.com\/fr\/wp-json\/wp\/v2\/media?parent=3938"}],"curies":[{"name":"wp","href":"https:\/\/api.w.org\/{rel}","templated":true}]}}