{"id":3879,"date":"2015-01-19T08:27:13","date_gmt":"2015-01-19T08:27:13","guid":{"rendered":"http:\/\/nam-viet-voyage.com\/?page_id=3879"},"modified":"2016-05-25T07:45:06","modified_gmt":"2016-05-25T07:45:06","slug":"con-dao-les-plus-belles-plages","status":"publish","type":"page","link":"http:\/\/nam-viet-voyage.com\/fr\/con-dao-les-plus-belles-plages\/","title":{"rendered":"Les plus belles plages du Vietnam et du Cambodge"},"content":{"rendered":"<section class=\"l-section wpb_row height_medium\"><div class=\"l-section-h i-cf\"><div class=\"g-cols offset_small\"><div class=\" one-quarter\">[vc_wp_custommenu nav_menu=\u00a0\u00bb175&Prime; title=\u00a0\u00bbLes plus belles plages Vietnam &amp; Cambodge\u00a0\u00bb]<\/div><div class=\" three-quarters\"><div class=\"w-image  align_center\"><img loading=\"lazy\" decoding=\"async\" width=\"730\" height=\"200\" src=\"http:\/\/nam-viet-voyage.com\/wp-content\/uploads\/2015\/01\/con-dao-.png\" class=\"attachment-full size-full\" alt=\"con-dao-\" srcset=\"http:\/\/nam-viet-voyage.com\/wp-content\/uploads\/2015\/01\/con-dao-.png 730w, http:\/\/nam-viet-voyage.com\/wp-content\/uploads\/2015\/01\/con-dao--300x82.png 300w, http:\/\/nam-viet-voyage.com\/wp-content\/uploads\/2015\/01\/con-dao--600x164.png 600w, http:\/\/nam-viet-voyage.com\/wp-content\/uploads\/2015\/01\/con-dao--150x41.png 150w\" sizes=\"auto, (max-width: 730px) 100vw, 730px\" \/><\/div>[vc_empty_space height=\u00a0\u00bb20px\u00a0\u00bb][vc_custom_heading text=\u00a0\u00bbL&rsquo;archipel de Con Dao\u00a0\u00bb font_container=\u00a0\u00bbtag:h2|font_size:26|text_align:center\u00a0\u00bb google_fonts=\u00a0\u00bbfont_family:Droid%20Sans%3Aregular%2C700|font_style:400%20regular%3A400%3Anormal\u00a0\u00bb]<div class=\"wpb_text_column \"><div class=\"wpb_wrapper\"><strong>Localisation :<\/strong> Vietnam Sud<\/p>\n<p><strong>Meilleure p\u00e9riode :<\/strong> Mai \u00e0 septembre<\/p>\n<p><strong>Caract\u00e9ristiques :<\/strong> Ancien bagne, l&rsquo;archipel de Con Dao constitue aujourd&rsquo;hui une destination baln\u00e9aire privil\u00e9gi\u00e9e au Vietnam. On y trouve une r\u00e9serve naturelle o\u00f9 l&rsquo;on peut observer la ponte des tortues vertes de juin \u00e0 septembre. Ses fonds marins sont sans doute les plus int\u00e9ressants du pays : la faune et la flore y sont tr\u00e8s diversifi\u00e9es, appr\u00e9ci\u00e9es de nombreux plongeurs. Enfin, les plages de sable blanc et l&rsquo;eau turquoise font de ce lieu un petit paradis sur terre.<\/p>\n<p><a href=\"http:\/\/nam-viet-voyage.com\/con-dao\/\" target=\"_blank\">Tout savoir sur Con Dao<\/a><\/div> <\/div> <\/div><\/div><\/div><\/section><section class=\"l-section wpb_row height_medium\"><div class=\"l-section-h i-cf\"><div class=\"g-cols offset_small\"><div class=\" full-width\"><div class=\"w-gallery layout_default cols_3 with_indents link_media\"><div class=\"w-gallery-list\"><a class=\"w-gallery-item order_1\" href=\"http:\/\/nam-viet-voyage.com\/wp-content\/uploads\/2015\/01\/con-dao-vietnam.jpg\" title=\"plage con dao\"><img loading=\"lazy\" decoding=\"async\" width=\"576\" height=\"329\" src=\"http:\/\/nam-viet-voyage.com\/wp-content\/uploads\/2015\/01\/con-dao-vietnam.jpg\" class=\"w-gallery-item-img\" alt=\"plage con dao\" srcset=\"http:\/\/nam-viet-voyage.com\/wp-content\/uploads\/2015\/01\/con-dao-vietnam.jpg 576w, http:\/\/nam-viet-voyage.com\/wp-content\/uploads\/2015\/01\/con-dao-vietnam-300x171.jpg 300w, http:\/\/nam-viet-voyage.com\/wp-content\/uploads\/2015\/01\/con-dao-vietnam-150x86.jpg 150w\" sizes=\"auto, (max-width: 576px) 100vw, 576px\" \/><span class=\"w-gallery-item-hover\"><\/span><span class=\"w-gallery-item-title\">plage con dao<\/span><\/a><a class=\"w-gallery-item order_2\" href=\"http:\/\/nam-viet-voyage.com\/wp-content\/uploads\/2015\/01\/con-dao-mer-vietnam.jpg\" title=\"con dao bateau\"><img loading=\"lazy\" decoding=\"async\" width=\"566\" height=\"332\" src=\"http:\/\/nam-viet-voyage.com\/wp-content\/uploads\/2015\/01\/con-dao-mer-vietnam.jpg\" class=\"w-gallery-item-img\" alt=\"con dao bateau\" srcset=\"http:\/\/nam-viet-voyage.com\/wp-content\/uploads\/2015\/01\/con-dao-mer-vietnam.jpg 566w, http:\/\/nam-viet-voyage.com\/wp-content\/uploads\/2015\/01\/con-dao-mer-vietnam-300x176.jpg 300w, http:\/\/nam-viet-voyage.com\/wp-content\/uploads\/2015\/01\/con-dao-mer-vietnam-150x88.jpg 150w\" sizes=\"auto, (max-width: 566px) 100vw, 566px\" \/><span class=\"w-gallery-item-hover\"><\/span><span class=\"w-gallery-item-title\">con dao bateau<\/span><\/a><a class=\"w-gallery-item order_3\" href=\"http:\/\/nam-viet-voyage.com\/wp-content\/uploads\/2015\/01\/plage-con-dao-vietnam.jpg\" title=\"con dao plage\"><img loading=\"lazy\" decoding=\"async\" width=\"562\" height=\"330\" src=\"http:\/\/nam-viet-voyage.com\/wp-content\/uploads\/2015\/01\/plage-con-dao-vietnam.jpg\" class=\"w-gallery-item-img\" alt=\"con dao plage\" srcset=\"http:\/\/nam-viet-voyage.com\/wp-content\/uploads\/2015\/01\/plage-con-dao-vietnam.jpg 562w, http:\/\/nam-viet-voyage.com\/wp-content\/uploads\/2015\/01\/plage-con-dao-vietnam-300x176.jpg 300w, http:\/\/nam-viet-voyage.com\/wp-content\/uploads\/2015\/01\/plage-con-dao-vietnam-150x88.jpg 150w\" sizes=\"auto, (max-width: 562px) 100vw, 562px\" \/><span class=\"w-gallery-item-hover\"><\/span><span class=\"w-gallery-item-title\">con dao plage<\/span><\/a><\/div><\/div>\n<\/div><\/div><\/div><\/section><section class=\"l-section wpb_row height_medium color_secondary\"><div class=\"l-section-h i-cf\"><div class=\"g-cols offset_small\"><div class=\" full-width\">[vc_custom_heading text=\u00a0\u00bbPour tout projet ou information compl\u00e9mentaire, merci de nous contacter !\u00a0\u00bb font_container=\u00a0\u00bbtag:p|font_size:24|text_align:center\u00a0\u00bb google_fonts=\u00a0\u00bbfont_family:Nothing%20You%20Could%20Do%3Aregular|font_style:400%20regular%3A400%3Anormal\u00a0\u00bb]\n<div class=\"wpcf7 no-js\" id=\"wpcf7-f5977-o1\" lang=\"fr-FR\" dir=\"ltr\" data-wpcf7-id=\"5977\">\n<div class=\"screen-reader-response\"><p role=\"status\" aria-live=\"polite\" aria-atomic=\"true\"><\/p> <ul><\/ul><\/div>\n<form action=\"\/fr\/wp-json\/wp\/v2\/pages\/3879#wpcf7-f5977-o1\" method=\"post\" class=\"wpcf7-form init\" aria-label=\"Formulaire de contact\" novalidate=\"novalidate\" data-status=\"init\">\n<fieldset class=\"hidden-fields-container\"><input type=\"hidden\" name=\"_wpcf7\" value=\"5977\" \/><input type=\"hidden\" name=\"_wpcf7_version\" value=\"6.1.5\" \/><input type=\"hidden\" name=\"_wpcf7_locale\" value=\"fr_FR\" \/><input type=\"hidden\" name=\"_wpcf7_unit_tag\" value=\"wpcf7-f5977-o1\" \/><input type=\"hidden\" name=\"_wpcf7_container_post\" value=\"0\" \/><input type=\"hidden\" name=\"_wpcf7_posted_data_hash\" value=\"\" \/>\n<\/fieldset>\n<p>Votre Nom *\n<\/p>\n<p><span class=\"wpcf7-form-control-wrap\" data-name=\"your-name\"><input size=\"40\" maxlength=\"400\" class=\"wpcf7-form-control wpcf7-text wpcf7-validates-as-required\" aria-required=\"true\" aria-invalid=\"false\" value=\"\" type=\"text\" name=\"your-name\" \/><\/span>\n<\/p>\n<p>Votre Email *\n<\/p>\n<p><span class=\"wpcf7-form-control-wrap\" data-name=\"your-email\"><input size=\"40\" maxlength=\"400\" class=\"wpcf7-form-control wpcf7-email wpcf7-validates-as-required wpcf7-text wpcf7-validates-as-email\" aria-required=\"true\" aria-invalid=\"false\" value=\"\" type=\"email\" name=\"your-email\" \/><\/span>\n<\/p>\n<p>Votre Message *\n<\/p>\n<p><span class=\"wpcf7-form-control-wrap\" data-name=\"your-message\"><textarea cols=\"40\" rows=\"10\" maxlength=\"2000\" class=\"wpcf7-form-control wpcf7-textarea wpcf7-validates-as-required\" aria-required=\"true\" aria-invalid=\"false\" name=\"your-message\"><\/textarea><\/span>\n<\/p>\n<p><input class=\"wpcf7-form-control wpcf7-submit has-spinner\" type=\"submit\" value=\"Envoyer\" \/>\n<\/p><div class=\"wpcf7-response-output\" aria-hidden=\"true\"><\/div>\n<\/form>\n<\/div>\n<\/div><\/div><\/div><\/section>\n<p><a href=\"\/\/www.pinterest.com\/pin\/create\/button\/\" data-pin-do=\"buttonBookmark\" data-pin-color=\"red\" data-pin-height=\"128\"><img decoding=\"async\" src=\"\/\/assets.pinterest.com\/images\/pidgets\/pinit_fg_en_rect_red_28.png\" \/><\/a><\/p>","protected":false},"excerpt":{"rendered":"[vc_wp_custommenu nav_menu=\"175\" title=\"Les plus belles plages Vietnam &amp; Cambodge\"][vc_empty_space height=\"20px\"][vc_custom_heading text=\"L'archipel de Con Dao\" font_container=\"tag:h2|font_size:26|text_align:center\" google_fonts=\"font_family:Droid%20Sans%3Aregular%2C700|font_style:400%20regular%3A400%3Anormal\"]Localisation : Vietnam Sud Meilleure p\u00e9riode : Mai \u00e0 septembre Caract\u00e9ristiques : Ancien bagne, l'archipel...","protected":false},"author":2,"featured_media":10919,"parent":0,"menu_order":0,"comment_status":"closed","ping_status":"closed","template":"","meta":{"_crdt_document":"","footnotes":""},"class_list":["post-3879","page","type-page","status-publish","has-post-thumbnail","hentry"],"yoast_head":"<!-- This site is optimized with the Yoast SEO plugin v26.9 - https:\/\/yoast.com\/product\/yoast-seo-wordpress\/ -->\n<title>Les plus belles plages du Vietnam et du Cambodge - Nam Viet Voyage<\/title>\n<meta name=\"description\" content=\"En Asie, d\u00e9couvrez les plus belles plages du Vietnam et du Cambodge.\" \/>\n<meta name=\"robots\" content=\"index, follow, max-snippet:-1, max-image-preview:large, max-video-preview:-1\" \/>\n<link rel=\"canonical\" href=\"http:\/\/nam-viet-voyage.com\/fr\/con-dao-les-plus-belles-plages\/\" \/>\n<meta property=\"og:locale\" content=\"fr_FR\" \/>\n<meta property=\"og:type\" content=\"article\" \/>\n<meta property=\"og:title\" content=\"Les plus belles plages au Vietnam et au Cambodge\" \/>\n<meta property=\"og:description\" content=\"Vous reprendrez bien un peu de sable blanc, d&#039;eau turquoise et de ciel bleu ?\" \/>\n<meta property=\"og:url\" content=\"http:\/\/nam-viet-voyage.com\/fr\/con-dao-les-plus-belles-plages\/\" \/>\n<meta property=\"og:site_name\" content=\"Nam Viet Voyage\" \/>\n<meta property=\"article:publisher\" content=\"https:\/\/www.facebook.com\/NamVietVoyage\" \/>\n<meta property=\"article:modified_time\" content=\"2016-05-25T07:45:06+00:00\" \/>\n<meta property=\"og:image\" content=\"http:\/\/nam-viet-voyage.com\/wp-content\/uploads\/2015\/01\/belles-plages-vietnam-cambodge-fb.jpg\" \/>\n\t<meta property=\"og:image:width\" content=\"1200\" \/>\n\t<meta property=\"og:image:height\" content=\"627\" \/>\n\t<meta property=\"og:image:type\" content=\"image\/jpeg\" \/>\n<meta name=\"twitter:card\" content=\"summary_large_image\" \/>\n<meta name=\"twitter:site\" content=\"@NamVietVoyage\" \/>\n<meta name=\"twitter:label1\" content=\"Dur\u00e9e de lecture estim\u00e9e\" \/>\n\t<meta name=\"twitter:data1\" content=\"1 minute\" \/>\n<script type=\"application\/ld+json\" class=\"yoast-schema-graph\">{\"@context\":\"https:\/\/schema.org\",\"@graph\":[{\"@type\":\"WebPage\",\"@id\":\"http:\/\/nam-viet-voyage.com\/fr\/con-dao-les-plus-belles-plages\/\",\"url\":\"http:\/\/nam-viet-voyage.com\/fr\/con-dao-les-plus-belles-plages\/\",\"name\":\"Les plus belles plages du Vietnam et du Cambodge - Nam Viet Voyage\",\"isPartOf\":{\"@id\":\"https:\/\/nam-viet-voyage.com\/#website\"},\"primaryImageOfPage\":{\"@id\":\"http:\/\/nam-viet-voyage.com\/fr\/con-dao-les-plus-belles-plages\/#primaryimage\"},\"image\":{\"@id\":\"http:\/\/nam-viet-voyage.com\/fr\/con-dao-les-plus-belles-plages\/#primaryimage\"},\"thumbnailUrl\":\"http:\/\/nam-viet-voyage.com\/wp-content\/uploads\/2015\/01\/belles-plages-vietnam-cambodge-fb.jpg\",\"datePublished\":\"2015-01-19T08:27:13+00:00\",\"dateModified\":\"2016-05-25T07:45:06+00:00\",\"description\":\"En Asie, d\u00e9couvrez les plus belles plages du Vietnam et du Cambodge.\",\"breadcrumb\":{\"@id\":\"http:\/\/nam-viet-voyage.com\/fr\/con-dao-les-plus-belles-plages\/#breadcrumb\"},\"inLanguage\":\"fr-FR\",\"potentialAction\":[{\"@type\":\"ReadAction\",\"target\":[\"http:\/\/nam-viet-voyage.com\/fr\/con-dao-les-plus-belles-plages\/\"]}]},{\"@type\":\"ImageObject\",\"inLanguage\":\"fr-FR\",\"@id\":\"http:\/\/nam-viet-voyage.com\/fr\/con-dao-les-plus-belles-plages\/#primaryimage\",\"url\":\"http:\/\/nam-viet-voyage.com\/wp-content\/uploads\/2015\/01\/belles-plages-vietnam-cambodge-fb.jpg\",\"contentUrl\":\"http:\/\/nam-viet-voyage.com\/wp-content\/uploads\/2015\/01\/belles-plages-vietnam-cambodge-fb.jpg\",\"width\":1200,\"height\":627,\"caption\":\"Plage de Phu Quoc\"},{\"@type\":\"BreadcrumbList\",\"@id\":\"http:\/\/nam-viet-voyage.com\/fr\/con-dao-les-plus-belles-plages\/#breadcrumb\",\"itemListElement\":[{\"@type\":\"ListItem\",\"position\":1,\"name\":\"Home\",\"item\":\"https:\/\/nam-viet-voyage.com\/fr\/sample-page-2\/\"},{\"@type\":\"ListItem\",\"position\":2,\"name\":\"Les plus belles plages du Vietnam et du Cambodge\"}]},{\"@type\":\"WebSite\",\"@id\":\"https:\/\/nam-viet-voyage.com\/#website\",\"url\":\"https:\/\/nam-viet-voyage.com\/\",\"name\":\"Nam Viet Voyage\",\"description\":\"Voyages en Asie du Sud-Est\",\"potentialAction\":[{\"@type\":\"SearchAction\",\"target\":{\"@type\":\"EntryPoint\",\"urlTemplate\":\"https:\/\/nam-viet-voyage.com\/?s={search_term_string}\"},\"query-input\":{\"@type\":\"PropertyValueSpecification\",\"valueRequired\":true,\"valueName\":\"search_term_string\"}}],\"inLanguage\":\"fr-FR\"}]}<\/script>\n<!-- \/ Yoast SEO plugin. -->","yoast_head_json":{"title":"Les plus belles plages du Vietnam et du Cambodge - Nam Viet Voyage","description":"En Asie, d\u00e9couvrez les plus belles plages du Vietnam et du Cambodge.","robots":{"index":"index","follow":"follow","max-snippet":"max-snippet:-1","max-image-preview":"max-image-preview:large","max-video-preview":"max-video-preview:-1"},"canonical":"http:\/\/nam-viet-voyage.com\/fr\/con-dao-les-plus-belles-plages\/","og_locale":"fr_FR","og_type":"article","og_title":"Les plus belles plages au Vietnam et au Cambodge","og_description":"Vous reprendrez bien un peu de sable blanc, d'eau turquoise et de ciel bleu ?","og_url":"http:\/\/nam-viet-voyage.com\/fr\/con-dao-les-plus-belles-plages\/","og_site_name":"Nam Viet Voyage","article_publisher":"https:\/\/www.facebook.com\/NamVietVoyage","article_modified_time":"2016-05-25T07:45:06+00:00","og_image":[{"width":1200,"height":627,"url":"http:\/\/nam-viet-voyage.com\/wp-content\/uploads\/2015\/01\/belles-plages-vietnam-cambodge-fb.jpg","type":"image\/jpeg"}],"twitter_card":"summary_large_image","twitter_site":"@NamVietVoyage","twitter_misc":{"Dur\u00e9e de lecture estim\u00e9e":"1 minute"},"schema":{"@context":"https:\/\/schema.org","@graph":[{"@type":"WebPage","@id":"http:\/\/nam-viet-voyage.com\/fr\/con-dao-les-plus-belles-plages\/","url":"http:\/\/nam-viet-voyage.com\/fr\/con-dao-les-plus-belles-plages\/","name":"Les plus belles plages du Vietnam et du Cambodge - Nam Viet Voyage","isPartOf":{"@id":"https:\/\/nam-viet-voyage.com\/#website"},"primaryImageOfPage":{"@id":"http:\/\/nam-viet-voyage.com\/fr\/con-dao-les-plus-belles-plages\/#primaryimage"},"image":{"@id":"http:\/\/nam-viet-voyage.com\/fr\/con-dao-les-plus-belles-plages\/#primaryimage"},"thumbnailUrl":"http:\/\/nam-viet-voyage.com\/wp-content\/uploads\/2015\/01\/belles-plages-vietnam-cambodge-fb.jpg","datePublished":"2015-01-19T08:27:13+00:00","dateModified":"2016-05-25T07:45:06+00:00","description":"En Asie, d\u00e9couvrez les plus belles plages du Vietnam et du Cambodge.","breadcrumb":{"@id":"http:\/\/nam-viet-voyage.com\/fr\/con-dao-les-plus-belles-plages\/#breadcrumb"},"inLanguage":"fr-FR","potentialAction":[{"@type":"ReadAction","target":["http:\/\/nam-viet-voyage.com\/fr\/con-dao-les-plus-belles-plages\/"]}]},{"@type":"ImageObject","inLanguage":"fr-FR","@id":"http:\/\/nam-viet-voyage.com\/fr\/con-dao-les-plus-belles-plages\/#primaryimage","url":"http:\/\/nam-viet-voyage.com\/wp-content\/uploads\/2015\/01\/belles-plages-vietnam-cambodge-fb.jpg","contentUrl":"http:\/\/nam-viet-voyage.com\/wp-content\/uploads\/2015\/01\/belles-plages-vietnam-cambodge-fb.jpg","width":1200,"height":627,"caption":"Plage de Phu Quoc"},{"@type":"BreadcrumbList","@id":"http:\/\/nam-viet-voyage.com\/fr\/con-dao-les-plus-belles-plages\/#breadcrumb","itemListElement":[{"@type":"ListItem","position":1,"name":"Home","item":"https:\/\/nam-viet-voyage.com\/fr\/sample-page-2\/"},{"@type":"ListItem","position":2,"name":"Les plus belles plages du Vietnam et du Cambodge"}]},{"@type":"WebSite","@id":"https:\/\/nam-viet-voyage.com\/#website","url":"https:\/\/nam-viet-voyage.com\/","name":"Nam Viet Voyage","description":"Voyages en Asie du Sud-Est","potentialAction":[{"@type":"SearchAction","target":{"@type":"EntryPoint","urlTemplate":"https:\/\/nam-viet-voyage.com\/?s={search_term_string}"},"query-input":{"@type":"PropertyValueSpecification","valueRequired":true,"valueName":"search_term_string"}}],"inLanguage":"fr-FR"}]}},"_links":{"self":[{"href":"http:\/\/nam-viet-voyage.com\/fr\/wp-json\/wp\/v2\/pages\/3879","targetHints":{"allow":["GET"]}}],"collection":[{"href":"http:\/\/nam-viet-voyage.com\/fr\/wp-json\/wp\/v2\/pages"}],"about":[{"href":"http:\/\/nam-viet-voyage.com\/fr\/wp-json\/wp\/v2\/types\/page"}],"author":[{"embeddable":true,"href":"http:\/\/nam-viet-voyage.com\/fr\/wp-json\/wp\/v2\/users\/2"}],"replies":[{"embeddable":true,"href":"http:\/\/nam-viet-voyage.com\/fr\/wp-json\/wp\/v2\/comments?post=3879"}],"version-history":[{"count":18,"href":"http:\/\/nam-viet-voyage.com\/fr\/wp-json\/wp\/v2\/pages\/3879\/revisions"}],"predecessor-version":[{"id":9736,"href":"http:\/\/nam-viet-voyage.com\/fr\/wp-json\/wp\/v2\/pages\/3879\/revisions\/9736"}],"wp:featuredmedia":[{"embeddable":true,"href":"http:\/\/nam-viet-voyage.com\/fr\/wp-json\/wp\/v2\/media\/10919"}],"wp:attachment":[{"href":"http:\/\/nam-viet-voyage.com\/fr\/wp-json\/wp\/v2\/media?parent=3879"}],"curies":[{"name":"wp","href":"https:\/\/api.w.org\/{rel}","templated":true}]}}