{"id":3753,"date":"2015-01-15T08:49:47","date_gmt":"2015-01-15T08:49:47","guid":{"rendered":"http:\/\/nam-viet-voyage.com\/?page_id=3753"},"modified":"2016-05-25T07:45:07","modified_gmt":"2016-05-25T07:45:07","slug":"mui-ne","status":"publish","type":"page","link":"http:\/\/nam-viet-voyage.com\/fr\/mui-ne\/","title":{"rendered":"Mui Ne"},"content":{"rendered":"<section class=\"l-section wpb_row height_medium\"><div class=\"l-section-h i-cf\"><div class=\"g-cols offset_small\"><div class=\" one-quarter\">[vc_wp_custommenu nav_menu=\u00a0\u00bb172&Prime; title=\u00a0\u00bbVietnam Sud &#8211; L&rsquo;essentiel\u00a0\u00bb]<\/div><div class=\" three-quarters\"><div class=\"w-image  align_center\"><img loading=\"lazy\" decoding=\"async\" width=\"730\" height=\"200\" src=\"http:\/\/nam-viet-voyage.com\/wp-content\/uploads\/2015\/01\/mui-ne-destination.png\" class=\"attachment-full size-full\" alt=\"mui-ne-destination\" srcset=\"http:\/\/nam-viet-voyage.com\/wp-content\/uploads\/2015\/01\/mui-ne-destination.png 730w, http:\/\/nam-viet-voyage.com\/wp-content\/uploads\/2015\/01\/mui-ne-destination-300x82.png 300w, http:\/\/nam-viet-voyage.com\/wp-content\/uploads\/2015\/01\/mui-ne-destination-600x164.png 600w, http:\/\/nam-viet-voyage.com\/wp-content\/uploads\/2015\/01\/mui-ne-destination-150x41.png 150w\" sizes=\"auto, (max-width: 730px) 100vw, 730px\" \/><\/div>[vc_empty_space height=\u00a0\u00bb20px\u00a0\u00bb][vc_custom_heading text=\u00a0\u00bbMui Ne\u00a0\u00bb font_container=\u00a0\u00bbtag:h2|font_size:26|text_align:center\u00a0\u00bb google_fonts=\u00a0\u00bbfont_family:Droid%20Sans%3Aregular%2C700|font_style:400%20regular%3A400%3Anormal\u00a0\u00bb]<div class=\"wpb_text_column \"><div class=\"wpb_wrapper\"><p>Envie d\u2019un petit tour \u00e0 la plage pendant votre voyage au Vietnam ? Pourquoi ne pas choisir Mui Ne ? Cette jolie station baln\u00e9aire impressionne par ses immenses dunes de sables et sa plage, qui compte parmi les plus belles d\u2019Asie du Sud-Est. Entre d\u00e9sert et mer cristalline, Mui Ne est une destination \u00e0 ne pas laisser de c\u00f4t\u00e9.<\/p><\/div> <\/div> <\/div><\/div><\/div><\/section><section class=\"l-section wpb_row height_medium color_secondary with_img\"><div class=\"l-section-img\" style=\"background-image: url(http:\/\/nam-viet-voyage.com\/wp-content\/uploads\/2015\/01\/fond-ardoise-reduit-meilleur.jpg);\" data-img-width=\"1200\" data-img-height=\"960\"><\/div><div class=\"l-section-h i-cf\"><div class=\"g-cols offset_small\"><div class=\" full-width\"><div class=\"g-cols wpb_row offset_small vc_inner \"><div class=\" one-third\"><div class=\"wpb_text_column \"><div class=\"wpb_wrapper\">\n<h5 style=\"text-align: center;\"><a ref=\"magnificPopup\" href=\"http:\/\/nam-viet-voyage.com\/wp-content\/uploads\/2015\/01\/dunes-de-sable-mui-ne-activite1.png\"><img loading=\"lazy\" decoding=\"async\" class=\"aligncenter wp-image-3764\" src=\"http:\/\/nam-viet-voyage.com\/wp-content\/uploads\/2015\/01\/dunes-de-sable-mui-ne-activite1.png\" alt=\"dunes-de-sable-mui-ne-activite\" width=\"230\" height=\"285\" srcset=\"http:\/\/nam-viet-voyage.com\/wp-content\/uploads\/2015\/01\/dunes-de-sable-mui-ne-activite1.png 297w, http:\/\/nam-viet-voyage.com\/wp-content\/uploads\/2015\/01\/dunes-de-sable-mui-ne-activite1-242x300.png 242w, http:\/\/nam-viet-voyage.com\/wp-content\/uploads\/2015\/01\/dunes-de-sable-mui-ne-activite1-150x185.png 150w, http:\/\/nam-viet-voyage.com\/wp-content\/uploads\/2015\/01\/dunes-de-sable-mui-ne-activite1-161x200.png 161w\" sizes=\"auto, (max-width: 230px) 100vw, 230px\" \/><\/a><\/h5>\n<p style=\"text-align: justify;\">Ses montagnes de sable se d\u00e9clinent en deux couleurs. Soit orang\u00e9es qui se situent \u00e0 la sortie de Mui Ne, soit les <strong>dunes blanches<\/strong> qui sont, elles \u00e0 40 kilom\u00e8tres de l\u00e0.\u00a0 D\u00e9conseill\u00e9es sous le <strong>soleil ardent<\/strong> de midi qui rend le sable br\u00fblant, ces dunes sont un terrain de jeu id\u00e9al pour faire de la luge. Ainsi vous croiserez des enfants qui vous proposeront de leur louer une luge improvis\u00e9e en plastique pour quelques dizaines de dongs.<\/p>\n<\/div> <\/div> <\/div><div class=\" one-third\"><div class=\"wpb_text_column \"><div class=\"wpb_wrapper\">\n<h5 style=\"text-align: center;\"><a ref=\"magnificPopup\" href=\"http:\/\/nam-viet-voyage.com\/wp-content\/uploads\/2015\/01\/vallee-des-fees-mui-ne.png\"><img loading=\"lazy\" decoding=\"async\" class=\"aligncenter wp-image-3765\" src=\"http:\/\/nam-viet-voyage.com\/wp-content\/uploads\/2015\/01\/vallee-des-fees-mui-ne.png\" alt=\"vallee-des-fees-mui-ne\" width=\"230\" height=\"285\" srcset=\"http:\/\/nam-viet-voyage.com\/wp-content\/uploads\/2015\/01\/vallee-des-fees-mui-ne.png 297w, http:\/\/nam-viet-voyage.com\/wp-content\/uploads\/2015\/01\/vallee-des-fees-mui-ne-242x300.png 242w, http:\/\/nam-viet-voyage.com\/wp-content\/uploads\/2015\/01\/vallee-des-fees-mui-ne-150x185.png 150w, http:\/\/nam-viet-voyage.com\/wp-content\/uploads\/2015\/01\/vallee-des-fees-mui-ne-161x200.png 161w\" sizes=\"auto, (max-width: 230px) 100vw, 230px\" \/><\/a><\/h5>\n<p style=\"text-align: justify;\">Ce canyon, entre <strong>dunes flamboyantes<\/strong> et <strong>v\u00e9g\u00e9tation luxuriante<\/strong>, vous emm\u00e8nera les pieds dans l\u2019eau pour une promenade sympathique. Vous passerez \u00e0 c\u00f4t\u00e9 d\u2019un \u00e9levage d\u2019<strong>autruches<\/strong> que vous pourrez d\u2019ailleurs chevaucher, puis continuerez de remonter le ruisseau jusqu&rsquo;\u00e0 de petites <strong>cascades<\/strong>. Cette <strong>balade<\/strong> loin de l\u2019agitation de Mui Ne est tr\u00e8s agr\u00e9able en fin de journ\u00e9e quand le soleil d\u00e9cline et laisse place \u00e0 un peu de fra\u00eecheur.<\/p>\n<\/div> <\/div> <\/div><div class=\" one-third\"><div class=\"wpb_text_column \"><div class=\"wpb_wrapper\">\n<h5><a ref=\"magnificPopup\" href=\"http:\/\/nam-viet-voyage.com\/wp-content\/uploads\/2015\/01\/kitesurf-mui-ne-sport-vitenam.png\"><img loading=\"lazy\" decoding=\"async\" class=\"aligncenter wp-image-3766\" src=\"http:\/\/nam-viet-voyage.com\/wp-content\/uploads\/2015\/01\/kitesurf-mui-ne-sport-vitenam.png\" alt=\"kitesurf-mui-ne-sport-vitenam\" width=\"230\" height=\"285\" srcset=\"http:\/\/nam-viet-voyage.com\/wp-content\/uploads\/2015\/01\/kitesurf-mui-ne-sport-vitenam.png 297w, http:\/\/nam-viet-voyage.com\/wp-content\/uploads\/2015\/01\/kitesurf-mui-ne-sport-vitenam-242x300.png 242w, http:\/\/nam-viet-voyage.com\/wp-content\/uploads\/2015\/01\/kitesurf-mui-ne-sport-vitenam-150x185.png 150w, http:\/\/nam-viet-voyage.com\/wp-content\/uploads\/2015\/01\/kitesurf-mui-ne-sport-vitenam-161x200.png 161w\" sizes=\"auto, (max-width: 230px) 100vw, 230px\" \/><\/a><\/h5>\n<p style=\"text-align: justify;\">Mui Ne dispose des conditions id\u00e9ales pour la pratique de <strong>kitesurf<\/strong>. Ses longues plages qui bordent un <strong>oc\u00e9an<\/strong> souvent vent\u00e9 sans \u00eatre agit\u00e9, permettent de pratiquer ce sport physique dans un cadre propice. Des comp\u00e9titions o\u00f9 se regroupent des professionnels de kitesurf ont souvent lieu \u00e0 Mui Ne. De plus, cette <strong>destination baln\u00e9aire<\/strong> tr\u00e8s pris\u00e9e par les touristes russes est dot\u00e9e de tr\u00e8s belles <strong>plages de sable blanc.<\/strong><\/p>\n<\/div> <\/div> <\/div><\/div><\/div><\/div><\/div><\/section><section class=\"l-section wpb_row height_auto\"><div class=\"l-section-h i-cf\"><div class=\"g-cols offset_small\"><div class=\" full-width\">[vc_empty_space height=\u00a0\u00bb30px\u00a0\u00bb]<\/div><\/div><\/div><\/section><section class=\"l-section wpb_row height_auto color_secondary\"><div class=\"l-section-h i-cf\"><div class=\"g-cols offset_small\"><div class=\" full-width\"><div class=\"w-separator type_default size_small thick_1 style_solid color_border cont_text\"><span class=\"w-separator-h\"><h6>Une halte \u00e0 la mer<\/h6><\/span><\/div><\/div><\/div><\/div><\/section><section class=\"l-section wpb_row height_medium\"><div class=\"l-section-h i-cf\"><div class=\"g-cols offset_small\"><div class=\" full-width\"><div class=\"g-cols wpb_row offset_small vc_inner \"><div class=\" one-half\"><div class=\"w-image  align_center\"><img loading=\"lazy\" decoding=\"async\" width=\"1024\" height=\"641\" src=\"http:\/\/nam-viet-voyage.com\/wp-content\/uploads\/2015\/01\/8190586740_2d60794933_b.jpg\" class=\"attachment-full size-full\" alt=\"Dune de sable \u00e0 Mui Ne\" srcset=\"http:\/\/nam-viet-voyage.com\/wp-content\/uploads\/2015\/01\/8190586740_2d60794933_b.jpg 1024w, http:\/\/nam-viet-voyage.com\/wp-content\/uploads\/2015\/01\/8190586740_2d60794933_b-300x188.jpg 300w, http:\/\/nam-viet-voyage.com\/wp-content\/uploads\/2015\/01\/8190586740_2d60794933_b-600x376.jpg 600w, http:\/\/nam-viet-voyage.com\/wp-content\/uploads\/2015\/01\/8190586740_2d60794933_b-150x94.jpg 150w\" sizes=\"auto, (max-width: 1024px) 100vw, 1024px\" \/><\/div><\/div><div class=\" one-half\"><div class=\"wpb_text_column \"><div class=\"wpb_wrapper\"><p>\u00c0 20 km de <strong>Phan Thiet<\/strong> dans le Sud du Vietnam, Mui Ne est r\u00e9put\u00e9e pour sa plage, une immense bande de sable blanc de pr\u00e8s de 16 km, id\u00e9ale pour les voyageurs \u00e0 la recherche de <em>sea, sand and sun.<\/em> L&rsquo;endroit est d\u2019ailleurs le plus ensoleill\u00e9 du Vietnam gr\u00e2ce \u00e0 un <strong>microclimat<\/strong>, d\u00fb \u00e0 ses immenses dunes qui prot\u00e8gent les plages. Le tourisme tend \u00e0 s\u2019y d\u00e9velopper de plus en plus, comme on peut le voir avec la hausse du nombre de complexes h\u00f4teliers. On y voit aussi des <strong>p\u00eacheurs<\/strong> accoster t\u00f4t le matin avec leur p\u00eache du jour, dans de dr\u00f4les de barques en formes de cuvette, reconnaissables au premier coup d\u2019\u0153il.<\/p>\n<p>Mui Ne surprend surtout par <strong>ses immenses dunes blanches et orang\u00e9es<\/strong> lui donnant des allures de Sahara, ce qui est rare dans un pays tropical. Les dunes de ce mini-d\u00e9sert sont d\u2019une telle beaut\u00e9 que beaucoup d\u2019artistes et photographes essaient de les immortaliser. C\u2019est au coucher du soleil que le paysage est le plus inoubliable.<\/p><\/div> <\/div> <\/div><\/div><div class=\"g-cols wpb_row offset_small vc_inner \"><div class=\" full-width\">[vc_empty_space height=\u00a0\u00bb40&Prime;]<\/div><\/div><div class=\"g-cols wpb_row offset_small vc_inner \"><div class=\" full-width\"><div class=\"wpb_text_column \"><div class=\"wpb_wrapper\"><p>On peut voir des dunes rouge\u00e2tres \u00e0 la Source des F\u00e9es, ou canyon des F\u00e9es qui est, comme vous l\u2019avez compris, un genre de canyon de petite taille creus\u00e9 au milieu des dunes, avec un petit ruisseau. Cette curiosit\u00e9 de la nature rappelle le d\u00e9sert rouge d\u2019Australie par ses couleurs. Il est possible de faire du sandboard, ou surf sur le sable.<\/p><\/div> <\/div> <\/div><\/div><div class=\"g-cols wpb_row offset_small vc_inner \"><div class=\" full-width\">[vc_empty_space height=\u00a0\u00bb40&Prime;]<\/div><\/div><div class=\"g-cols wpb_row offset_small vc_inner \"><div class=\" one-half\"><div class=\"wpb_text_column \"><div class=\"wpb_wrapper\"><p>\u00c0 Mui Ne, il n\u2019y a pas que la bronzette et la baignade. Il n\u2019y a pas de plong\u00e9e en bouteille mais contrairement \u00e0 d\u2019autres plages, plus calmes au Vietnam, Mui Ne permet, gr\u00e2ce \u00e0 ses vagues, de faire des sports nautiques tels que <strong>le surf, le kitesurf, et la planche \u00e0 voile<\/strong>. Du <strong>quad<\/strong> sur les dunes est possible, et m\u00eame une course\u2026 d\u2019autruche !<\/p>\n<p>Mui Ne n\u2019est pas une destination culturelle, mais vous pouvez cependant visiter le temple Champa Sah Inu, qui rassemble trois tours, vestiges de la civilisation Cham.<\/p>\n<p>On y mange surtout des plats \u00e0 base de <strong>fruits de mer<\/strong> (beaucoup de villages de p\u00eacheurs aux alentours), avec la c\u00e9l\u00e8bre sauce <a href=\"http:\/\/nam-viet-voyage.com\/nuoc-mam\/\" target=\"_blank\">nuoc mam<\/a>. Une usine de cette sauce odorante se trouve d\u2019ailleurs \u00e0 Mui Ne, et il est possible de la visiter pour mieux se rendre compte de sa fabrication.<\/p><\/div> <\/div> <\/div><div class=\" one-half\"><div class=\"w-image  align_center\"><img loading=\"lazy\" decoding=\"async\" width=\"350\" height=\"400\" src=\"http:\/\/nam-viet-voyage.com\/wp-content\/uploads\/2015\/01\/mui-ne-cascade.jpg\" class=\"attachment-full size-full\" alt=\"Cascade des f\u00e9es \u00e0 Mui Ne\" srcset=\"http:\/\/nam-viet-voyage.com\/wp-content\/uploads\/2015\/01\/mui-ne-cascade.jpg 350w, http:\/\/nam-viet-voyage.com\/wp-content\/uploads\/2015\/01\/mui-ne-cascade-263x300.jpg 263w, http:\/\/nam-viet-voyage.com\/wp-content\/uploads\/2015\/01\/mui-ne-cascade-150x171.jpg 150w, http:\/\/nam-viet-voyage.com\/wp-content\/uploads\/2015\/01\/mui-ne-cascade-300x343.jpg 300w, http:\/\/nam-viet-voyage.com\/wp-content\/uploads\/2015\/01\/mui-ne-cascade-175x200.jpg 175w\" sizes=\"auto, (max-width: 350px) 100vw, 350px\" \/><\/div><\/div><\/div><\/div><\/div><\/div><\/section><section class=\"l-section wpb_row height_medium color_secondary\"><div class=\"l-section-h i-cf\"><div class=\"g-cols offset_small\"><div class=\" full-width\"><div class=\"g-cols wpb_row offset_small vc_inner \"><div class=\" full-width\">[vc_custom_heading text=\u00a0\u00bbPour tout projet ou information compl\u00e9mentaire, merci de nous contacter !\u00a0\u00bb font_container=\u00a0\u00bbtag:p|font_size:24|text_align:center\u00a0\u00bb google_fonts=\u00a0\u00bbfont_family:Nothing%20You%20Could%20Do%3Aregular|font_style:400%20regular%3A400%3Anormal\u00a0\u00bb]\n<div class=\"wpcf7 no-js\" id=\"wpcf7-f5977-o1\" lang=\"fr-FR\" dir=\"ltr\" data-wpcf7-id=\"5977\">\n<div class=\"screen-reader-response\"><p role=\"status\" aria-live=\"polite\" aria-atomic=\"true\"><\/p> <ul><\/ul><\/div>\n<form action=\"\/fr\/wp-json\/wp\/v2\/pages\/3753#wpcf7-f5977-o1\" method=\"post\" class=\"wpcf7-form init\" aria-label=\"Formulaire de contact\" novalidate=\"novalidate\" data-status=\"init\">\n<fieldset class=\"hidden-fields-container\"><input type=\"hidden\" name=\"_wpcf7\" value=\"5977\" \/><input type=\"hidden\" name=\"_wpcf7_version\" value=\"6.1.5\" \/><input type=\"hidden\" name=\"_wpcf7_locale\" value=\"fr_FR\" \/><input type=\"hidden\" name=\"_wpcf7_unit_tag\" value=\"wpcf7-f5977-o1\" \/><input type=\"hidden\" name=\"_wpcf7_container_post\" value=\"0\" \/><input type=\"hidden\" name=\"_wpcf7_posted_data_hash\" value=\"\" \/>\n<\/fieldset>\n<p>Votre Nom *\n<\/p>\n<p><span class=\"wpcf7-form-control-wrap\" data-name=\"your-name\"><input size=\"40\" maxlength=\"400\" class=\"wpcf7-form-control wpcf7-text wpcf7-validates-as-required\" aria-required=\"true\" aria-invalid=\"false\" value=\"\" type=\"text\" name=\"your-name\" \/><\/span>\n<\/p>\n<p>Votre Email *\n<\/p>\n<p><span class=\"wpcf7-form-control-wrap\" data-name=\"your-email\"><input size=\"40\" maxlength=\"400\" class=\"wpcf7-form-control wpcf7-email wpcf7-validates-as-required wpcf7-text wpcf7-validates-as-email\" aria-required=\"true\" aria-invalid=\"false\" value=\"\" type=\"email\" name=\"your-email\" \/><\/span>\n<\/p>\n<p>Votre Message *\n<\/p>\n<p><span class=\"wpcf7-form-control-wrap\" data-name=\"your-message\"><textarea cols=\"40\" rows=\"10\" maxlength=\"2000\" class=\"wpcf7-form-control wpcf7-textarea wpcf7-validates-as-required\" aria-required=\"true\" aria-invalid=\"false\" name=\"your-message\"><\/textarea><\/span>\n<\/p>\n<p><input class=\"wpcf7-form-control wpcf7-submit has-spinner\" type=\"submit\" value=\"Envoyer\" \/>\n<\/p><div class=\"wpcf7-response-output\" aria-hidden=\"true\"><\/div>\n<\/form>\n<\/div>\n<\/div><\/div><\/div><\/div><\/div><\/section>\n<p><a href=\"\/\/www.pinterest.com\/pin\/create\/button\/\" data-pin-do=\"buttonBookmark\" data-pin-color=\"red\" data-pin-height=\"128\"><img decoding=\"async\" src=\"\/\/assets.pinterest.com\/images\/pidgets\/pinit_fg_en_rect_red_28.png\" \/><\/a><\/p>","protected":false},"excerpt":{"rendered":"[vc_wp_custommenu nav_menu=\"172\" title=\"Vietnam Sud - L'essentiel\"][vc_empty_space height=\"20px\"][vc_custom_heading text=\"Mui Ne\" font_container=\"tag:h2|font_size:26|text_align:center\" google_fonts=\"font_family:Droid%20Sans%3Aregular%2C700|font_style:400%20regular%3A400%3Anormal\"]Envie d\u2019un petit tour \u00e0 la plage pendant votre voyage au Vietnam ? Pourquoi ne pas choisir Mui Ne ?...","protected":false},"author":2,"featured_media":11023,"parent":0,"menu_order":0,"comment_status":"closed","ping_status":"closed","template":"","meta":{"_crdt_document":"","footnotes":""},"class_list":["post-3753","page","type-page","status-publish","has-post-thumbnail","hentry"],"yoast_head":"<!-- This site is optimized with the Yoast SEO plugin v26.9 - https:\/\/yoast.com\/product\/yoast-seo-wordpress\/ -->\n<title>Mui Ne - Nam Viet Voyage<\/title>\n<meta name=\"description\" content=\"Visitez la station baln\u00e9aire de Mui Ne durant votre voyage : ses superbes dunes de sable, sa longue plage et ses vagues id\u00e9ales pour les sports nautiques.\" \/>\n<meta name=\"robots\" content=\"index, follow, max-snippet:-1, max-image-preview:large, max-video-preview:-1\" \/>\n<link rel=\"canonical\" href=\"http:\/\/nam-viet-voyage.com\/fr\/mui-ne\/\" \/>\n<meta property=\"og:locale\" content=\"fr_FR\" \/>\n<meta property=\"og:type\" content=\"article\" \/>\n<meta property=\"og:title\" content=\"Mui Ne - Nam Viet Voyage\" \/>\n<meta property=\"og:description\" content=\"Visitez la station baln\u00e9aire de Mui Ne durant votre voyage : ses superbes dunes de sable, sa longue plage et ses vagues id\u00e9ales pour les sports nautiques.\" \/>\n<meta property=\"og:url\" content=\"http:\/\/nam-viet-voyage.com\/fr\/mui-ne\/\" \/>\n<meta property=\"og:site_name\" content=\"Nam Viet Voyage\" \/>\n<meta property=\"article:publisher\" content=\"https:\/\/www.facebook.com\/NamVietVoyage\" \/>\n<meta property=\"article:modified_time\" content=\"2016-05-25T07:45:07+00:00\" \/>\n<meta property=\"og:image\" content=\"http:\/\/nam-viet-voyage.com\/wp-content\/uploads\/2015\/01\/mui-ne-fb.jpg\" \/>\n\t<meta property=\"og:image:width\" content=\"1200\" \/>\n\t<meta property=\"og:image:height\" content=\"627\" \/>\n\t<meta property=\"og:image:type\" content=\"image\/jpeg\" \/>\n<meta name=\"twitter:card\" content=\"summary_large_image\" \/>\n<meta name=\"twitter:site\" content=\"@NamVietVoyage\" \/>\n<meta name=\"twitter:label1\" content=\"Dur\u00e9e de lecture estim\u00e9e\" \/>\n\t<meta name=\"twitter:data1\" content=\"5 minutes\" \/>\n<script type=\"application\/ld+json\" class=\"yoast-schema-graph\">{\"@context\":\"https:\/\/schema.org\",\"@graph\":[{\"@type\":\"WebPage\",\"@id\":\"http:\/\/nam-viet-voyage.com\/fr\/mui-ne\/\",\"url\":\"http:\/\/nam-viet-voyage.com\/fr\/mui-ne\/\",\"name\":\"Mui Ne - Nam Viet Voyage\",\"isPartOf\":{\"@id\":\"https:\/\/nam-viet-voyage.com\/#website\"},\"primaryImageOfPage\":{\"@id\":\"http:\/\/nam-viet-voyage.com\/fr\/mui-ne\/#primaryimage\"},\"image\":{\"@id\":\"http:\/\/nam-viet-voyage.com\/fr\/mui-ne\/#primaryimage\"},\"thumbnailUrl\":\"http:\/\/nam-viet-voyage.com\/wp-content\/uploads\/2015\/01\/mui-ne-fb.jpg\",\"datePublished\":\"2015-01-15T08:49:47+00:00\",\"dateModified\":\"2016-05-25T07:45:07+00:00\",\"description\":\"Visitez la station baln\u00e9aire de Mui Ne durant votre voyage : ses superbes dunes de sable, sa longue plage et ses vagues id\u00e9ales pour les sports nautiques.\",\"breadcrumb\":{\"@id\":\"http:\/\/nam-viet-voyage.com\/fr\/mui-ne\/#breadcrumb\"},\"inLanguage\":\"fr-FR\",\"potentialAction\":[{\"@type\":\"ReadAction\",\"target\":[\"http:\/\/nam-viet-voyage.com\/fr\/mui-ne\/\"]}]},{\"@type\":\"ImageObject\",\"inLanguage\":\"fr-FR\",\"@id\":\"http:\/\/nam-viet-voyage.com\/fr\/mui-ne\/#primaryimage\",\"url\":\"http:\/\/nam-viet-voyage.com\/wp-content\/uploads\/2015\/01\/mui-ne-fb.jpg\",\"contentUrl\":\"http:\/\/nam-viet-voyage.com\/wp-content\/uploads\/2015\/01\/mui-ne-fb.jpg\",\"width\":1200,\"height\":627},{\"@type\":\"BreadcrumbList\",\"@id\":\"http:\/\/nam-viet-voyage.com\/fr\/mui-ne\/#breadcrumb\",\"itemListElement\":[{\"@type\":\"ListItem\",\"position\":1,\"name\":\"Home\",\"item\":\"http:\/\/nam-viet-voyage.com\/fr\/\"},{\"@type\":\"ListItem\",\"position\":2,\"name\":\"Mui Ne\"}]},{\"@type\":\"WebSite\",\"@id\":\"https:\/\/nam-viet-voyage.com\/#website\",\"url\":\"https:\/\/nam-viet-voyage.com\/\",\"name\":\"Nam Viet Voyage\",\"description\":\"Voyages en Asie du Sud-Est\",\"potentialAction\":[{\"@type\":\"SearchAction\",\"target\":{\"@type\":\"EntryPoint\",\"urlTemplate\":\"https:\/\/nam-viet-voyage.com\/?s={search_term_string}\"},\"query-input\":{\"@type\":\"PropertyValueSpecification\",\"valueRequired\":true,\"valueName\":\"search_term_string\"}}],\"inLanguage\":\"fr-FR\"}]}<\/script>\n<!-- \/ Yoast SEO plugin. -->","yoast_head_json":{"title":"Mui Ne - Nam Viet Voyage","description":"Visitez la station baln\u00e9aire de Mui Ne durant votre voyage : ses superbes dunes de sable, sa longue plage et ses vagues id\u00e9ales pour les sports nautiques.","robots":{"index":"index","follow":"follow","max-snippet":"max-snippet:-1","max-image-preview":"max-image-preview:large","max-video-preview":"max-video-preview:-1"},"canonical":"http:\/\/nam-viet-voyage.com\/fr\/mui-ne\/","og_locale":"fr_FR","og_type":"article","og_title":"Mui Ne - Nam Viet Voyage","og_description":"Visitez la station baln\u00e9aire de Mui Ne durant votre voyage : ses superbes dunes de sable, sa longue plage et ses vagues id\u00e9ales pour les sports nautiques.","og_url":"http:\/\/nam-viet-voyage.com\/fr\/mui-ne\/","og_site_name":"Nam Viet Voyage","article_publisher":"https:\/\/www.facebook.com\/NamVietVoyage","article_modified_time":"2016-05-25T07:45:07+00:00","og_image":[{"width":1200,"height":627,"url":"http:\/\/nam-viet-voyage.com\/wp-content\/uploads\/2015\/01\/mui-ne-fb.jpg","type":"image\/jpeg"}],"twitter_card":"summary_large_image","twitter_site":"@NamVietVoyage","twitter_misc":{"Dur\u00e9e de lecture estim\u00e9e":"5 minutes"},"schema":{"@context":"https:\/\/schema.org","@graph":[{"@type":"WebPage","@id":"http:\/\/nam-viet-voyage.com\/fr\/mui-ne\/","url":"http:\/\/nam-viet-voyage.com\/fr\/mui-ne\/","name":"Mui Ne - Nam Viet Voyage","isPartOf":{"@id":"https:\/\/nam-viet-voyage.com\/#website"},"primaryImageOfPage":{"@id":"http:\/\/nam-viet-voyage.com\/fr\/mui-ne\/#primaryimage"},"image":{"@id":"http:\/\/nam-viet-voyage.com\/fr\/mui-ne\/#primaryimage"},"thumbnailUrl":"http:\/\/nam-viet-voyage.com\/wp-content\/uploads\/2015\/01\/mui-ne-fb.jpg","datePublished":"2015-01-15T08:49:47+00:00","dateModified":"2016-05-25T07:45:07+00:00","description":"Visitez la station baln\u00e9aire de Mui Ne durant votre voyage : ses superbes dunes de sable, sa longue plage et ses vagues id\u00e9ales pour les sports nautiques.","breadcrumb":{"@id":"http:\/\/nam-viet-voyage.com\/fr\/mui-ne\/#breadcrumb"},"inLanguage":"fr-FR","potentialAction":[{"@type":"ReadAction","target":["http:\/\/nam-viet-voyage.com\/fr\/mui-ne\/"]}]},{"@type":"ImageObject","inLanguage":"fr-FR","@id":"http:\/\/nam-viet-voyage.com\/fr\/mui-ne\/#primaryimage","url":"http:\/\/nam-viet-voyage.com\/wp-content\/uploads\/2015\/01\/mui-ne-fb.jpg","contentUrl":"http:\/\/nam-viet-voyage.com\/wp-content\/uploads\/2015\/01\/mui-ne-fb.jpg","width":1200,"height":627},{"@type":"BreadcrumbList","@id":"http:\/\/nam-viet-voyage.com\/fr\/mui-ne\/#breadcrumb","itemListElement":[{"@type":"ListItem","position":1,"name":"Home","item":"http:\/\/nam-viet-voyage.com\/fr\/"},{"@type":"ListItem","position":2,"name":"Mui Ne"}]},{"@type":"WebSite","@id":"https:\/\/nam-viet-voyage.com\/#website","url":"https:\/\/nam-viet-voyage.com\/","name":"Nam Viet Voyage","description":"Voyages en Asie du Sud-Est","potentialAction":[{"@type":"SearchAction","target":{"@type":"EntryPoint","urlTemplate":"https:\/\/nam-viet-voyage.com\/?s={search_term_string}"},"query-input":{"@type":"PropertyValueSpecification","valueRequired":true,"valueName":"search_term_string"}}],"inLanguage":"fr-FR"}]}},"_links":{"self":[{"href":"http:\/\/nam-viet-voyage.com\/fr\/wp-json\/wp\/v2\/pages\/3753","targetHints":{"allow":["GET"]}}],"collection":[{"href":"http:\/\/nam-viet-voyage.com\/fr\/wp-json\/wp\/v2\/pages"}],"about":[{"href":"http:\/\/nam-viet-voyage.com\/fr\/wp-json\/wp\/v2\/types\/page"}],"author":[{"embeddable":true,"href":"http:\/\/nam-viet-voyage.com\/fr\/wp-json\/wp\/v2\/users\/2"}],"replies":[{"embeddable":true,"href":"http:\/\/nam-viet-voyage.com\/fr\/wp-json\/wp\/v2\/comments?post=3753"}],"version-history":[{"count":24,"href":"http:\/\/nam-viet-voyage.com\/fr\/wp-json\/wp\/v2\/pages\/3753\/revisions"}],"predecessor-version":[{"id":11388,"href":"http:\/\/nam-viet-voyage.com\/fr\/wp-json\/wp\/v2\/pages\/3753\/revisions\/11388"}],"wp:featuredmedia":[{"embeddable":true,"href":"http:\/\/nam-viet-voyage.com\/fr\/wp-json\/wp\/v2\/media\/11023"}],"wp:attachment":[{"href":"http:\/\/nam-viet-voyage.com\/fr\/wp-json\/wp\/v2\/media?parent=3753"}],"curies":[{"name":"wp","href":"https:\/\/api.w.org\/{rel}","templated":true}]}}