{"id":3729,"date":"2015-01-15T04:10:18","date_gmt":"2015-01-15T04:10:18","guid":{"rendered":"http:\/\/nam-viet-voyage.com\/?page_id=3729"},"modified":"2016-05-25T07:45:07","modified_gmt":"2016-05-25T07:45:07","slug":"sin-ho","status":"publish","type":"page","link":"http:\/\/nam-viet-voyage.com\/fr\/sin-ho\/","title":{"rendered":"Sin Ho"},"content":{"rendered":"<section class=\"l-section wpb_row height_medium\"><div class=\"l-section-h i-cf\"><div class=\"g-cols offset_small\"><div class=\" one-quarter\">[vc_wp_custommenu nav_menu=\u00a0\u00bb178&Prime; title=\u00a0\u00bbVietnam Nord &#8211; Nos plus\u00a0\u00bb]<\/div><div class=\" three-quarters\"><div class=\"w-image  align_center\"><img loading=\"lazy\" decoding=\"async\" width=\"730\" height=\"200\" src=\"http:\/\/nam-viet-voyage.com\/wp-content\/uploads\/2015\/01\/sin-ho-1.png\" class=\"attachment-full size-full\" alt=\"sin-ho-\" srcset=\"http:\/\/nam-viet-voyage.com\/wp-content\/uploads\/2015\/01\/sin-ho-1.png 730w, http:\/\/nam-viet-voyage.com\/wp-content\/uploads\/2015\/01\/sin-ho-1-300x82.png 300w, http:\/\/nam-viet-voyage.com\/wp-content\/uploads\/2015\/01\/sin-ho-1-600x164.png 600w, http:\/\/nam-viet-voyage.com\/wp-content\/uploads\/2015\/01\/sin-ho-1-150x41.png 150w\" sizes=\"auto, (max-width: 730px) 100vw, 730px\" \/><\/div>[vc_empty_space height=\u00a0\u00bb20px\u00a0\u00bb][vc_custom_heading text=\u00a0\u00bbSin Ho \u00a0\u00bb font_container=\u00a0\u00bbtag:h2|font_size:26|text_align:center\u00a0\u00bb google_fonts=\u00a0\u00bbfont_family:Droid%20Sans%3Aregular%2C700|font_style:400%20regular%3A400%3Anormal\u00a0\u00bb]<div class=\"wpb_text_column \"><div class=\"wpb_wrapper\"><p>Sin Ho est un village situ\u00e9 en plein c\u0153ur des montagnes, \u00e0 3 heures de route de Dien Bien Phu. Tr\u00e8s peu touristique, il vaut le d\u00e9tour. De nombreuses minorit\u00e9s ethniques y vivent de mani\u00e8re encore traditionnelle. Le march\u00e9, qui se tient tous les samedis et dimanches, est un d\u00e9fil\u00e9 de couleurs toutes plus \u00e9clatantes les unes que les autres. Vous pourrez en outre faire des balades \u00e0 pied, et visiter des villages typiques du Vietnam recul\u00e9. De plus, la route menant \u00e0 Sin Ho est verdoyante, vous pourrez y photographier les rizi\u00e8res en gradin, la beaut\u00e9 de cette r\u00e9gion profonde.<\/p><\/div> <\/div> <\/div><\/div><\/div><\/section><section class=\"l-section wpb_row height_medium color_secondary\"><div class=\"l-section-h i-cf\"><div class=\"g-cols offset_small\"><div class=\" full-width\"><div class=\"g-cols wpb_row offset_small vc_inner \"><div class=\" full-width\">[vc_custom_heading text=\u00a0\u00bbPour tout projet ou information compl\u00e9mentaire, merci de nous contacter !\u00a0\u00bb font_container=\u00a0\u00bbtag:p|font_size:24|text_align:center\u00a0\u00bb google_fonts=\u00a0\u00bbfont_family:Nothing%20You%20Could%20Do%3Aregular|font_style:400%20regular%3A400%3Anormal\u00a0\u00bb]<\/div><\/div>\n<div class=\"wpcf7 no-js\" id=\"wpcf7-f5977-o1\" lang=\"fr-FR\" dir=\"ltr\" data-wpcf7-id=\"5977\">\n<div class=\"screen-reader-response\"><p role=\"status\" aria-live=\"polite\" aria-atomic=\"true\"><\/p> <ul><\/ul><\/div>\n<form action=\"\/fr\/wp-json\/wp\/v2\/pages\/3729#wpcf7-f5977-o1\" method=\"post\" class=\"wpcf7-form init\" aria-label=\"Formulaire de contact\" novalidate=\"novalidate\" data-status=\"init\">\n<fieldset class=\"hidden-fields-container\"><input type=\"hidden\" name=\"_wpcf7\" value=\"5977\" \/><input type=\"hidden\" name=\"_wpcf7_version\" value=\"6.1.5\" \/><input type=\"hidden\" name=\"_wpcf7_locale\" value=\"fr_FR\" \/><input type=\"hidden\" name=\"_wpcf7_unit_tag\" value=\"wpcf7-f5977-o1\" \/><input type=\"hidden\" name=\"_wpcf7_container_post\" value=\"0\" \/><input type=\"hidden\" name=\"_wpcf7_posted_data_hash\" value=\"\" \/>\n<\/fieldset>\n<p>Votre Nom *\n<\/p>\n<p><span class=\"wpcf7-form-control-wrap\" data-name=\"your-name\"><input size=\"40\" maxlength=\"400\" class=\"wpcf7-form-control wpcf7-text wpcf7-validates-as-required\" aria-required=\"true\" aria-invalid=\"false\" value=\"\" type=\"text\" name=\"your-name\" \/><\/span>\n<\/p>\n<p>Votre Email *\n<\/p>\n<p><span class=\"wpcf7-form-control-wrap\" data-name=\"your-email\"><input size=\"40\" maxlength=\"400\" class=\"wpcf7-form-control wpcf7-email wpcf7-validates-as-required wpcf7-text wpcf7-validates-as-email\" aria-required=\"true\" aria-invalid=\"false\" value=\"\" type=\"email\" name=\"your-email\" \/><\/span>\n<\/p>\n<p>Votre Message *\n<\/p>\n<p><span class=\"wpcf7-form-control-wrap\" data-name=\"your-message\"><textarea cols=\"40\" rows=\"10\" maxlength=\"2000\" class=\"wpcf7-form-control wpcf7-textarea wpcf7-validates-as-required\" aria-required=\"true\" aria-invalid=\"false\" name=\"your-message\"><\/textarea><\/span>\n<\/p>\n<p><input class=\"wpcf7-form-control wpcf7-submit has-spinner\" type=\"submit\" value=\"Envoyer\" \/>\n<\/p><div class=\"wpcf7-response-output\" aria-hidden=\"true\"><\/div>\n<\/form>\n<\/div>\n<\/div><\/div><\/div><\/section>\n<p><a href=\"\/\/www.pinterest.com\/pin\/create\/button\/\" data-pin-do=\"buttonBookmark\" data-pin-color=\"red\" data-pin-height=\"128\"><img decoding=\"async\" src=\"\/\/assets.pinterest.com\/images\/pidgets\/pinit_fg_en_rect_red_28.png\" \/><\/a><\/p>","protected":false},"excerpt":{"rendered":"[vc_wp_custommenu nav_menu=\"178\" title=\"Vietnam Nord - Nos plus\"][vc_empty_space height=\"20px\"][vc_custom_heading text=\"Sin Ho \" font_container=\"tag:h2|font_size:26|text_align:center\" google_fonts=\"font_family:Droid%20Sans%3Aregular%2C700|font_style:400%20regular%3A400%3Anormal\"]Sin Ho est un village situ\u00e9 en plein c\u0153ur des montagnes, \u00e0 3 heures de route de Dien...","protected":false},"author":2,"featured_media":0,"parent":0,"menu_order":0,"comment_status":"closed","ping_status":"closed","template":"","meta":{"_crdt_document":"","footnotes":""},"class_list":["post-3729","page","type-page","status-publish","hentry"],"yoast_head":"<!-- This site is optimized with the Yoast SEO plugin v26.9 - https:\/\/yoast.com\/product\/yoast-seo-wordpress\/ -->\n<title>Sin Ho - Nam Viet Voyage<\/title>\n<meta name=\"description\" content=\"Dans la province de Lai Chau, Sin Ho est un village traditionnel et peu touristique o\u00f9 se croisent de nombreuses minorit\u00e9s ethniques du Nord du Vietnam.\" \/>\n<meta name=\"robots\" content=\"index, follow, max-snippet:-1, max-image-preview:large, max-video-preview:-1\" \/>\n<link rel=\"canonical\" href=\"https:\/\/nam-viet-voyage.com\/fr\/sin-ho\/\" \/>\n<meta property=\"og:locale\" content=\"fr_FR\" \/>\n<meta property=\"og:type\" content=\"article\" \/>\n<meta property=\"og:title\" content=\"Sin Ho - Nam Viet Voyage\" \/>\n<meta property=\"og:description\" content=\"Dans la province de Lai Chau, Sin Ho est un village traditionnel et peu touristique o\u00f9 se croisent de nombreuses minorit\u00e9s ethniques du Nord du Vietnam.\" \/>\n<meta property=\"og:url\" content=\"https:\/\/nam-viet-voyage.com\/fr\/sin-ho\/\" \/>\n<meta property=\"og:site_name\" content=\"Nam Viet Voyage\" \/>\n<meta property=\"article:publisher\" content=\"https:\/\/www.facebook.com\/NamVietVoyage\" \/>\n<meta property=\"article:modified_time\" content=\"2016-05-25T07:45:07+00:00\" \/>\n<meta name=\"twitter:card\" content=\"summary_large_image\" \/>\n<meta name=\"twitter:site\" content=\"@NamVietVoyage\" \/>\n<meta name=\"twitter:label1\" content=\"Dur\u00e9e de lecture estim\u00e9e\" \/>\n\t<meta name=\"twitter:data1\" content=\"1 minute\" \/>\n<script type=\"application\/ld+json\" class=\"yoast-schema-graph\">{\"@context\":\"https:\/\/schema.org\",\"@graph\":[{\"@type\":\"WebPage\",\"@id\":\"https:\/\/nam-viet-voyage.com\/fr\/sin-ho\/\",\"url\":\"https:\/\/nam-viet-voyage.com\/fr\/sin-ho\/\",\"name\":\"Sin Ho - Nam Viet Voyage\",\"isPartOf\":{\"@id\":\"http:\/\/nam-viet-voyage.com\/fr\/#website\"},\"datePublished\":\"2015-01-15T04:10:18+00:00\",\"dateModified\":\"2016-05-25T07:45:07+00:00\",\"description\":\"Dans la province de Lai Chau, Sin Ho est un village traditionnel et peu touristique o\u00f9 se croisent de nombreuses minorit\u00e9s ethniques du Nord du Vietnam.\",\"breadcrumb\":{\"@id\":\"https:\/\/nam-viet-voyage.com\/fr\/sin-ho\/#breadcrumb\"},\"inLanguage\":\"fr-FR\",\"potentialAction\":[{\"@type\":\"ReadAction\",\"target\":[\"https:\/\/nam-viet-voyage.com\/fr\/sin-ho\/\"]}]},{\"@type\":\"BreadcrumbList\",\"@id\":\"https:\/\/nam-viet-voyage.com\/fr\/sin-ho\/#breadcrumb\",\"itemListElement\":[{\"@type\":\"ListItem\",\"position\":1,\"name\":\"Home\",\"item\":\"http:\/\/nam-viet-voyage.com\/fr\/\"},{\"@type\":\"ListItem\",\"position\":2,\"name\":\"Sin Ho\"}]},{\"@type\":\"WebSite\",\"@id\":\"http:\/\/nam-viet-voyage.com\/fr\/#website\",\"url\":\"http:\/\/nam-viet-voyage.com\/fr\/\",\"name\":\"Nam Viet Voyage\",\"description\":\"Voyages en Asie du Sud-Est\",\"potentialAction\":[{\"@type\":\"SearchAction\",\"target\":{\"@type\":\"EntryPoint\",\"urlTemplate\":\"http:\/\/nam-viet-voyage.com\/fr\/?s={search_term_string}\"},\"query-input\":{\"@type\":\"PropertyValueSpecification\",\"valueRequired\":true,\"valueName\":\"search_term_string\"}}],\"inLanguage\":\"fr-FR\"}]}<\/script>\n<!-- \/ Yoast SEO plugin. -->","yoast_head_json":{"title":"Sin Ho - Nam Viet Voyage","description":"Dans la province de Lai Chau, Sin Ho est un village traditionnel et peu touristique o\u00f9 se croisent de nombreuses minorit\u00e9s ethniques du Nord du Vietnam.","robots":{"index":"index","follow":"follow","max-snippet":"max-snippet:-1","max-image-preview":"max-image-preview:large","max-video-preview":"max-video-preview:-1"},"canonical":"https:\/\/nam-viet-voyage.com\/fr\/sin-ho\/","og_locale":"fr_FR","og_type":"article","og_title":"Sin Ho - Nam Viet Voyage","og_description":"Dans la province de Lai Chau, Sin Ho est un village traditionnel et peu touristique o\u00f9 se croisent de nombreuses minorit\u00e9s ethniques du Nord du Vietnam.","og_url":"https:\/\/nam-viet-voyage.com\/fr\/sin-ho\/","og_site_name":"Nam Viet Voyage","article_publisher":"https:\/\/www.facebook.com\/NamVietVoyage","article_modified_time":"2016-05-25T07:45:07+00:00","twitter_card":"summary_large_image","twitter_site":"@NamVietVoyage","twitter_misc":{"Dur\u00e9e de lecture estim\u00e9e":"1 minute"},"schema":{"@context":"https:\/\/schema.org","@graph":[{"@type":"WebPage","@id":"https:\/\/nam-viet-voyage.com\/fr\/sin-ho\/","url":"https:\/\/nam-viet-voyage.com\/fr\/sin-ho\/","name":"Sin Ho - Nam Viet Voyage","isPartOf":{"@id":"http:\/\/nam-viet-voyage.com\/fr\/#website"},"datePublished":"2015-01-15T04:10:18+00:00","dateModified":"2016-05-25T07:45:07+00:00","description":"Dans la province de Lai Chau, Sin Ho est un village traditionnel et peu touristique o\u00f9 se croisent de nombreuses minorit\u00e9s ethniques du Nord du Vietnam.","breadcrumb":{"@id":"https:\/\/nam-viet-voyage.com\/fr\/sin-ho\/#breadcrumb"},"inLanguage":"fr-FR","potentialAction":[{"@type":"ReadAction","target":["https:\/\/nam-viet-voyage.com\/fr\/sin-ho\/"]}]},{"@type":"BreadcrumbList","@id":"https:\/\/nam-viet-voyage.com\/fr\/sin-ho\/#breadcrumb","itemListElement":[{"@type":"ListItem","position":1,"name":"Home","item":"http:\/\/nam-viet-voyage.com\/fr\/"},{"@type":"ListItem","position":2,"name":"Sin Ho"}]},{"@type":"WebSite","@id":"http:\/\/nam-viet-voyage.com\/fr\/#website","url":"http:\/\/nam-viet-voyage.com\/fr\/","name":"Nam Viet Voyage","description":"Voyages en Asie du Sud-Est","potentialAction":[{"@type":"SearchAction","target":{"@type":"EntryPoint","urlTemplate":"http:\/\/nam-viet-voyage.com\/fr\/?s={search_term_string}"},"query-input":{"@type":"PropertyValueSpecification","valueRequired":true,"valueName":"search_term_string"}}],"inLanguage":"fr-FR"}]}},"_links":{"self":[{"href":"http:\/\/nam-viet-voyage.com\/fr\/wp-json\/wp\/v2\/pages\/3729","targetHints":{"allow":["GET"]}}],"collection":[{"href":"http:\/\/nam-viet-voyage.com\/fr\/wp-json\/wp\/v2\/pages"}],"about":[{"href":"http:\/\/nam-viet-voyage.com\/fr\/wp-json\/wp\/v2\/types\/page"}],"author":[{"embeddable":true,"href":"http:\/\/nam-viet-voyage.com\/fr\/wp-json\/wp\/v2\/users\/2"}],"replies":[{"embeddable":true,"href":"http:\/\/nam-viet-voyage.com\/fr\/wp-json\/wp\/v2\/comments?post=3729"}],"version-history":[{"count":10,"href":"http:\/\/nam-viet-voyage.com\/fr\/wp-json\/wp\/v2\/pages\/3729\/revisions"}],"predecessor-version":[{"id":9743,"href":"http:\/\/nam-viet-voyage.com\/fr\/wp-json\/wp\/v2\/pages\/3729\/revisions\/9743"}],"wp:attachment":[{"href":"http:\/\/nam-viet-voyage.com\/fr\/wp-json\/wp\/v2\/media?parent=3729"}],"curies":[{"name":"wp","href":"https:\/\/api.w.org\/{rel}","templated":true}]}}