{"id":3704,"date":"2015-01-15T02:20:42","date_gmt":"2015-01-15T02:20:42","guid":{"rendered":"http:\/\/nam-viet-voyage.com\/?page_id=3704"},"modified":"2016-05-25T07:45:08","modified_gmt":"2016-05-25T07:45:08","slug":"mekong","status":"publish","type":"page","link":"http:\/\/nam-viet-voyage.com\/fr\/mekong\/","title":{"rendered":"Le delta du M\u00e9kong"},"content":{"rendered":"<section class=\"l-section wpb_row height_medium\"><div class=\"l-section-h i-cf\"><div class=\"g-cols offset_small\"><div class=\" one-quarter\">[vc_wp_custommenu nav_menu=\u00a0\u00bb172&Prime; title=\u00a0\u00bbVietnam Sud &#8211; L&rsquo;essentiel\u00a0\u00bb]<\/div><div class=\" three-quarters\"><div class=\"w-image  align_center\"><img loading=\"lazy\" decoding=\"async\" width=\"730\" height=\"200\" src=\"http:\/\/nam-viet-voyage.com\/wp-content\/uploads\/2015\/01\/delta-du-mekong.png\" class=\"attachment-full size-full\" alt=\"delta-du-mekong\" srcset=\"http:\/\/nam-viet-voyage.com\/wp-content\/uploads\/2015\/01\/delta-du-mekong.png 730w, http:\/\/nam-viet-voyage.com\/wp-content\/uploads\/2015\/01\/delta-du-mekong-300x82.png 300w, http:\/\/nam-viet-voyage.com\/wp-content\/uploads\/2015\/01\/delta-du-mekong-600x164.png 600w, http:\/\/nam-viet-voyage.com\/wp-content\/uploads\/2015\/01\/delta-du-mekong-150x41.png 150w\" sizes=\"auto, (max-width: 730px) 100vw, 730px\" \/><\/div>[vc_empty_space height=\u00a0\u00bb20px\u00a0\u00bb][vc_custom_heading text=\u00a0\u00bbLe delta du Mekong\u00a0\u00bb font_container=\u00a0\u00bbtag:h2|font_size:26|text_align:center\u00a0\u00bb google_fonts=\u00a0\u00bbfont_family:Droid%20Sans%3Aregular%2C700|font_style:400%20regular%3A400%3Anormal\u00a0\u00bb]<div class=\"wpb_text_column \"><div class=\"wpb_wrapper\"><p>Impossible de voyager dans le sud du Vietnam sans visiter le delta du Mekong. Il na\u00eet aux confins du Tibet, et apr\u00e8s 4800 km de travers\u00e9e par la Tha\u00eflande, le Laos, le Cambodge, la Chine et la Birmanie, se d\u00e9verse finalement au sud du Vietnam, dans un delta de 9 branches (aussi appel\u00e9 \u00ab delta des 9 Dragons \u00bb). M\u00e9lange de nature luxuriante, fleuves, petits villages et march\u00e9s flottants, le delta du Mekong est l\u2019une des r\u00e9gions les plus accueillantes de tout le pays.<\/p><\/div> <\/div> <\/div><\/div><\/div><\/section><section class=\"l-section wpb_row height_medium color_secondary with_img\"><div class=\"l-section-img\" style=\"background-image: url(http:\/\/nam-viet-voyage.com\/wp-content\/uploads\/2015\/01\/fond-ardoise-reduit-meilleur.jpg);\" data-img-width=\"1200\" data-img-height=\"960\"><\/div><div class=\"l-section-h i-cf\"><div class=\"g-cols offset_small\"><div class=\" full-width\"><div class=\"g-cols wpb_row offset_small vc_inner \"><div class=\" one-third\"><div class=\"wpb_text_column \"><div class=\"wpb_wrapper\">\n<h5 style=\"text-align: center;\"><a ref=\"magnificPopup\" href=\"http:\/\/nam-viet-voyage.com\/wp-content\/uploads\/2015\/01\/cai-be.png\"><img loading=\"lazy\" decoding=\"async\" class=\"aligncenter wp-image-3705\" src=\"http:\/\/nam-viet-voyage.com\/wp-content\/uploads\/2015\/01\/cai-be.png\" alt=\"cai be mekong vietnam \" width=\"237\" height=\"284\" srcset=\"http:\/\/nam-viet-voyage.com\/wp-content\/uploads\/2015\/01\/cai-be.png 350w, http:\/\/nam-viet-voyage.com\/wp-content\/uploads\/2015\/01\/cai-be-250x300.png 250w, http:\/\/nam-viet-voyage.com\/wp-content\/uploads\/2015\/01\/cai-be-150x180.png 150w, http:\/\/nam-viet-voyage.com\/wp-content\/uploads\/2015\/01\/cai-be-300x360.png 300w, http:\/\/nam-viet-voyage.com\/wp-content\/uploads\/2015\/01\/cai-be-166x200.png 166w\" sizes=\"auto, (max-width: 237px) 100vw, 237px\" \/><\/a><\/h5>\n<p style=\"text-align: justify;\">Petite ville typique et authentique du Mekong, <strong>Cai Be<\/strong> vit au rythme de son <strong>march\u00e9 flottant<\/strong>. C\u2019est t\u00f4t le matin que vous assisterez \u00e0 la fr\u00e9n\u00e9sie des ventes de ce <strong>march\u00e9 de gros<\/strong>. D\u00e9couvrez les<strong> bonbons au coco<\/strong>, produit artisanal du <strong>Mekong<\/strong> et les maisons coloniales, m\u00ealant charme et nature luxuriante. Laissez-vous porter par les rives des \u00ab\u00a0<strong>neuf dragons<\/strong>\u00a0\u00bb lors d\u2019une croisi\u00e8re priv\u00e9e en sampan.<\/p>\n<\/div> <\/div> <\/div><div class=\" one-third\"><div class=\"wpb_text_column \"><div class=\"wpb_wrapper\">\n<h5 style=\"text-align: center;\"><a ref=\"magnificPopup\" href=\"http:\/\/nam-viet-voyage.com\/wp-content\/uploads\/2015\/01\/my-tho.png\"><img loading=\"lazy\" decoding=\"async\" class=\"aligncenter wp-image-3706\" src=\"http:\/\/nam-viet-voyage.com\/wp-content\/uploads\/2015\/01\/my-tho.png\" alt=\"my tho delta mekong vietnam\" width=\"230\" height=\"285\" srcset=\"http:\/\/nam-viet-voyage.com\/wp-content\/uploads\/2015\/01\/my-tho.png 297w, http:\/\/nam-viet-voyage.com\/wp-content\/uploads\/2015\/01\/my-tho-242x300.png 242w, http:\/\/nam-viet-voyage.com\/wp-content\/uploads\/2015\/01\/my-tho-150x185.png 150w, http:\/\/nam-viet-voyage.com\/wp-content\/uploads\/2015\/01\/my-tho-161x200.png 161w\" sizes=\"auto, (max-width: 230px) 100vw, 230px\" \/><\/a><\/h5>\n<p style=\"text-align: justify;\">Cette partie du <strong>Mekong<\/strong> est connue pour sa <strong>nature abondante et verdoyante,<\/strong> et ses \u00eeles. Premier port fluvial du Mekong, la petite ville de My Tho, \u00ab\u00a0<strong>la bonne herbe parfum\u00e9e<\/strong>\u00a0\u00bb, attire les paquebots faisant une halte pour ensuite repartir au Cambodge. L\u2019aspect religieux est repr\u00e9sent\u00e9 par la c\u00e9l\u00e8bre<strong> pagode Vinh Trang<\/strong>, la plus grande du Sud du <strong>Vietnam<\/strong>, r\u00e9put\u00e9e pour son grand jardin, m\u00ealant styles chinois, fran\u00e7ais et khmer.<\/p>\n<\/div> <\/div> <\/div><div class=\" one-third\"><div class=\"wpb_text_column \"><div class=\"wpb_wrapper\">\n<h5><a ref=\"magnificPopup\" href=\"http:\/\/nam-viet-voyage.com\/wp-content\/uploads\/2015\/01\/can-tho.png\"><img loading=\"lazy\" decoding=\"async\" class=\"aligncenter wp-image-3707\" src=\"http:\/\/nam-viet-voyage.com\/wp-content\/uploads\/2015\/01\/can-tho.png\" alt=\"can tho marche flottant mekong\" width=\"230\" height=\"285\" srcset=\"http:\/\/nam-viet-voyage.com\/wp-content\/uploads\/2015\/01\/can-tho.png 297w, http:\/\/nam-viet-voyage.com\/wp-content\/uploads\/2015\/01\/can-tho-242x300.png 242w, http:\/\/nam-viet-voyage.com\/wp-content\/uploads\/2015\/01\/can-tho-150x185.png 150w, http:\/\/nam-viet-voyage.com\/wp-content\/uploads\/2015\/01\/can-tho-161x200.png 161w\" sizes=\"auto, (max-width: 230px) 100vw, 230px\" \/><\/a><\/h5>\n<p style=\"text-align: justify;\">Centre \u00e9conomique, politique, universitaire, mais \u00e9galement centre g\u00e9ographique, <strong>Can Tho<\/strong> est la plus grande ville du <strong>delta du Mekong<\/strong>. March\u00e9 flottant, chapeaux coniques, <strong>march\u00e9 traditionnel<\/strong> sur le quai Linh Kieu, confiseries artisanales \u00e0 base de coco, croisi\u00e8re personnalis\u00e9e en bassac sur le Mekong\u00a0 et <strong>maison indochinoise Binh Thuy <\/strong>(dont la cave\u00a0appara\u00eet\u00a0dans le film <em>L\u2019Amant<\/em>), c&rsquo;est le centre du delta du Mekong.<\/p>\n<\/div> <\/div> <\/div><\/div>[vc_empty_space height=\u00a0\u00bb32px\u00a0\u00bb]<\/div><\/div><\/div><\/section><section class=\"l-section wpb_row height_medium\"><div class=\"l-section-h i-cf\"><div class=\"g-cols offset_small\"><div class=\" full-width\"><div class=\"wpb_text_column \"><div class=\"wpb_wrapper\">\n<h4><strong>Le \u00ab grenier \u00e0 riz \u00bb du Vietnam<\/strong><\/h4>\n<p>Il assure pr\u00e8s d\u2019un tiers de la production alimentaire du pays, avec l\u2019une des plus abondantes r\u00e9coltes de riz au monde. Ses eaux nourrici\u00e8res permettent de cultiver toutes sortes d&rsquo;aliments comme la canne \u00e0 sucre, mais aussi des l\u00e9gumes et fruits tropicaux, comme des noix de coco, ramboutans, fruits du dragon, litchis, jacquiers, bananes, et bien d\u2019autres.<\/div> <\/div> <\/div><\/div><\/div><\/section><section class=\"l-section wpb_row height_auto color_secondary\"><div class=\"l-section-h i-cf\"><div class=\"g-cols offset_small\"><div class=\" full-width\"><div class=\"w-separator type_default size_small thick_1 style_solid color_border cont_text\"><span class=\"w-separator-h\"><h6>Que faire, que voir ?<\/h6><\/span><\/div><\/div><\/div><\/div><\/section><section class=\"l-section wpb_row height_medium\"><div class=\"l-section-h i-cf\"><div class=\"g-cols offset_small\"><div class=\" one-half\"><div class=\"w-image  align_center\"><img loading=\"lazy\" decoding=\"async\" width=\"400\" height=\"300\" src=\"http:\/\/nam-viet-voyage.com\/wp-content\/uploads\/2015\/01\/Mekong-riviere-delta-petit.jpg\" class=\"attachment-full size-full\" alt=\"\" srcset=\"http:\/\/nam-viet-voyage.com\/wp-content\/uploads\/2015\/01\/Mekong-riviere-delta-petit.jpg 400w, http:\/\/nam-viet-voyage.com\/wp-content\/uploads\/2015\/01\/Mekong-riviere-delta-petit-300x225.jpg 300w, http:\/\/nam-viet-voyage.com\/wp-content\/uploads\/2015\/01\/Mekong-riviere-delta-petit-150x113.jpg 150w, http:\/\/nam-viet-voyage.com\/wp-content\/uploads\/2015\/01\/Mekong-riviere-delta-petit-267x200.jpg 267w\" sizes=\"auto, (max-width: 400px) 100vw, 400px\" \/><\/div><\/div><div class=\" one-half\">[vc_empty_space height=\u00a0\u00bb16px\u00a0\u00bb]<div class=\"wpb_text_column \"><div class=\"wpb_wrapper\"><p>Les<strong> jardins fruitiers<\/strong> sont partout, n&rsquo;h\u00e9sitez pas \u00e0 vous servir ! Certaines maisons d\u2019h\u00f4tes proposent des <strong>balades en v\u00e9lo<\/strong> dans les vergers des alentours. Il est aussi possible d\u2019\u00e9couter des chants traditionnels, pour une exp\u00e9rience plus authentique, et les invit\u00e9s ont la possibilit\u00e9 de participer \u00e0 la pr\u00e9paration du diner.<\/p>\n<p>Le delta du Mekong se compose de larges rivi\u00e8res, mais aussi de petits cours d\u2019eau o\u00f9 il est difficile de passer en bateau. Pour une d\u00e9couverte plus en profondeur de la r\u00e9gion, nous vous conseillons une balade en pirogue. Les march\u00e9s flottants sont partout dans le delta, de diff\u00e9rentes tailles suivant la ville, chacun proposant de grandes quantit\u00e9s de l\u00e9gumes, \u00e9pices, et fruits. Les march\u00e9s commencent tr\u00e8s t\u00f4t le matin, il faut donc se lever aux aurores pour profiter des moments les plus anim\u00e9s.<\/p><\/div> <\/div> <\/div><\/div><\/div><\/section><section class=\"l-section wpb_row height_auto color_secondary\"><div class=\"l-section-h i-cf\"><div class=\"g-cols offset_small\"><div class=\" full-width\"><div class=\"w-separator type_default size_small thick_1 style_solid color_border cont_text\"><span class=\"w-separator-h\"><h6>Les villes du Mekong<\/h6><\/span><\/div><\/div><\/div><\/div><\/section><section class=\"l-section wpb_row height_medium\"><div class=\"l-section-h i-cf\"><div class=\"g-cols offset_small\"><div class=\" one-half\">[vc_empty_space height=\u00a0\u00bb15px\u00a0\u00bb]<div class=\"wpb_text_column \"><div class=\"wpb_wrapper\"><p>Le delta du Mekong est vaste, et chaque endroit, chaque ville ou village a son propre charme.<\/p>\n<p>Parmi les principales villes de la r\u00e9gion se trouve <strong>Sa Dec<\/strong>, connue pour avoir accueilli <a href=\"http:\/\/nam-viet-voyage.com\/marguerite-duras-souvenirs-du-vietnam\/\" target=\"_blank\">Marguerite Duras<\/a> dans les ann\u00e9es 20. Il est possible de visiter la maison familiale de son amant chinois (la \u00ab Maison bleue \u00bb), et m\u00eame d\u2019y passer une nuit. La ville en elle-m\u00eame est remplie de grandes p\u00e9pini\u00e8res, qui la rendent tr\u00e8s fleurie et color\u00e9e.<\/p>\n<p><strong>Can Tho<\/strong> est la plus grande ville du Mekong, et un p\u00f4le \u00e9conomique et universitaire pour la r\u00e9gion. Son march\u00e9 flottant Cai Rang est tr\u00e8s c\u00e9l\u00e8bre. La ville abrite aussi une ferme d\u2019\u00e9levage de crocodiles, ainsi qu\u2019un jardin de cigognes, Bang Lang. Le quai Ninh Kieu est le symbole de la ville.<\/p>\n<p><strong>Chau Doc<\/strong>, proche de la fronti\u00e8re cambodgienne poss\u00e8de une magnifique for\u00eat de cajeputiers, Tra Su. D\u2019autres comme <strong>Cai Be<\/strong>, <strong>My Tho <\/strong>(nom d\u2019origine cambodgienne signifiant \u00ab belle femme \u00bb), ou <strong>Vinh Long<\/strong> se doivent elles aussi d\u2019\u00eatre explor\u00e9es.<\/p><\/div> <\/div> <\/div><div class=\" one-half\"><div class=\"w-image  align_center\"><img loading=\"lazy\" decoding=\"async\" width=\"350\" height=\"400\" src=\"http:\/\/nam-viet-voyage.com\/wp-content\/uploads\/2015\/01\/mekong-fruit-delta.jpg\" class=\"attachment-full size-full\" alt=\"\" srcset=\"http:\/\/nam-viet-voyage.com\/wp-content\/uploads\/2015\/01\/mekong-fruit-delta.jpg 350w, http:\/\/nam-viet-voyage.com\/wp-content\/uploads\/2015\/01\/mekong-fruit-delta-263x300.jpg 263w, http:\/\/nam-viet-voyage.com\/wp-content\/uploads\/2015\/01\/mekong-fruit-delta-150x171.jpg 150w, http:\/\/nam-viet-voyage.com\/wp-content\/uploads\/2015\/01\/mekong-fruit-delta-300x343.jpg 300w, http:\/\/nam-viet-voyage.com\/wp-content\/uploads\/2015\/01\/mekong-fruit-delta-175x200.jpg 175w\" sizes=\"auto, (max-width: 350px) 100vw, 350px\" \/><\/div><\/div><\/div><\/div><\/section><section class=\"l-section wpb_row height_auto color_secondary\"><div class=\"l-section-h i-cf\"><div class=\"g-cols offset_small\"><div class=\" full-width\"><div class=\"w-separator type_default size_small thick_1 style_solid color_border cont_text\"><span class=\"w-separator-h\"><h6>Les croisi\u00e8res<\/h6><\/span><\/div><\/div><\/div><\/div><\/section><section class=\"l-section wpb_row height_medium\"><div class=\"l-section-h i-cf\"><div class=\"g-cols offset_small\"><div class=\" one-half\"><div class=\"w-image  align_center\"><img loading=\"lazy\" decoding=\"async\" width=\"1018\" height=\"604\" src=\"http:\/\/nam-viet-voyage.com\/wp-content\/uploads\/2015\/01\/mekong-croisiere-delta.jpg\" class=\"attachment-full size-full\" alt=\"\" srcset=\"http:\/\/nam-viet-voyage.com\/wp-content\/uploads\/2015\/01\/mekong-croisiere-delta.jpg 1018w, http:\/\/nam-viet-voyage.com\/wp-content\/uploads\/2015\/01\/mekong-croisiere-delta-300x178.jpg 300w, http:\/\/nam-viet-voyage.com\/wp-content\/uploads\/2015\/01\/mekong-croisiere-delta-600x356.jpg 600w, http:\/\/nam-viet-voyage.com\/wp-content\/uploads\/2015\/01\/mekong-croisiere-delta-150x89.jpg 150w\" sizes=\"auto, (max-width: 1018px) 100vw, 1018px\" \/><\/div><\/div><div class=\" one-half\">[vc_empty_space height=\u00a0\u00bb40px\u00a0\u00bb]<div class=\"wpb_text_column \"><div class=\"wpb_wrapper\"><p>Sur place, vous pouvez embarquer pour une <strong>croisi\u00e8re<\/strong>. Vous remarquerez que chaque bateau a deux yeux peints \u00e0 l\u2019avant : chaque nouveau bateau passe par une s\u00e9rie de c\u00e9r\u00e9monies, dont l\u2019une appel\u00e9e \u00ab ouvrir les yeux \u00bb, durant laquelle on dessine ce symbole dans le but de lui porter chance, et lui \u00e9viter les accidents.<\/p>\n<p>Parmi <strong>les compagnies<\/strong> proposant des croisi\u00e8res sur le delta du Mekong, vous pouvez choisir un magnifique sampan avec le <a href=\"http:\/\/www.lecochinchine.com\/\" target=\"_blank\">Cochinchine MeKong River Cruise<\/a>, ou <a href=\"http:\/\/www.songxanhcruisemekong.com\/\" target=\"_blank\">Song Xanh<\/a> pour une exp\u00e9rience plus priv\u00e9e. Pour un style plus colonial \u00e0 l\u2019architecture fran\u00e7aise, nous vous recommandons l\u2019<a href=\"http:\/\/www.lamant-cruises.com\/fr\/\" target=\"_blank\">Amant Cruises<\/a>. Enfin, pour une excursion plus courte, r\u00e9servez un bateau ouvert sur l\u2019ext\u00e9rieur, appel\u00e9 bassac.<\/p><\/div> <\/div> <\/div><\/div><\/div><\/section><section class=\"l-section wpb_row height_medium color_secondary\"><div class=\"l-section-h i-cf\"><div class=\"g-cols offset_small\"><div class=\" full-width\"><div class=\"g-cols wpb_row offset_small vc_inner \"><div class=\" full-width\">[vc_custom_heading text=\u00a0\u00bbPour tout projet ou information compl\u00e9mentaire, merci de nous contacter !\u00a0\u00bb font_container=\u00a0\u00bbtag:p|font_size:24|text_align:center\u00a0\u00bb google_fonts=\u00a0\u00bbfont_family:Nothing%20You%20Could%20Do%3Aregular|font_style:400%20regular%3A400%3Anormal\u00a0\u00bb]<\/div><\/div>\n<div class=\"wpcf7 no-js\" id=\"wpcf7-f5977-o1\" lang=\"fr-FR\" dir=\"ltr\" data-wpcf7-id=\"5977\">\n<div class=\"screen-reader-response\"><p role=\"status\" aria-live=\"polite\" aria-atomic=\"true\"><\/p> <ul><\/ul><\/div>\n<form action=\"\/fr\/wp-json\/wp\/v2\/pages\/3704#wpcf7-f5977-o1\" method=\"post\" class=\"wpcf7-form init\" aria-label=\"Formulaire de contact\" novalidate=\"novalidate\" data-status=\"init\">\n<fieldset class=\"hidden-fields-container\"><input type=\"hidden\" name=\"_wpcf7\" value=\"5977\" \/><input type=\"hidden\" name=\"_wpcf7_version\" value=\"6.1.5\" \/><input type=\"hidden\" name=\"_wpcf7_locale\" value=\"fr_FR\" \/><input type=\"hidden\" name=\"_wpcf7_unit_tag\" value=\"wpcf7-f5977-o1\" \/><input type=\"hidden\" name=\"_wpcf7_container_post\" value=\"0\" \/><input type=\"hidden\" name=\"_wpcf7_posted_data_hash\" value=\"\" \/>\n<\/fieldset>\n<p>Votre Nom *\n<\/p>\n<p><span class=\"wpcf7-form-control-wrap\" data-name=\"your-name\"><input size=\"40\" maxlength=\"400\" class=\"wpcf7-form-control wpcf7-text wpcf7-validates-as-required\" aria-required=\"true\" aria-invalid=\"false\" value=\"\" type=\"text\" name=\"your-name\" \/><\/span>\n<\/p>\n<p>Votre Email *\n<\/p>\n<p><span class=\"wpcf7-form-control-wrap\" data-name=\"your-email\"><input size=\"40\" maxlength=\"400\" class=\"wpcf7-form-control wpcf7-email wpcf7-validates-as-required wpcf7-text wpcf7-validates-as-email\" aria-required=\"true\" aria-invalid=\"false\" value=\"\" type=\"email\" name=\"your-email\" \/><\/span>\n<\/p>\n<p>Votre Message *\n<\/p>\n<p><span class=\"wpcf7-form-control-wrap\" data-name=\"your-message\"><textarea cols=\"40\" rows=\"10\" maxlength=\"2000\" class=\"wpcf7-form-control wpcf7-textarea wpcf7-validates-as-required\" aria-required=\"true\" aria-invalid=\"false\" name=\"your-message\"><\/textarea><\/span>\n<\/p>\n<p><input class=\"wpcf7-form-control wpcf7-submit has-spinner\" type=\"submit\" value=\"Envoyer\" \/>\n<\/p><div class=\"wpcf7-response-output\" aria-hidden=\"true\"><\/div>\n<\/form>\n<\/div>\n<\/div><\/div><\/div><\/section>\n<p><a href=\"\/\/www.pinterest.com\/pin\/create\/button\/\" data-pin-do=\"buttonBookmark\" data-pin-color=\"red\" data-pin-height=\"128\"><img decoding=\"async\" src=\"\/\/assets.pinterest.com\/images\/pidgets\/pinit_fg_en_rect_red_28.png\" \/><\/a><\/p>","protected":false},"excerpt":{"rendered":"[vc_wp_custommenu nav_menu=\"172\" title=\"Vietnam Sud - L'essentiel\"][vc_empty_space height=\"20px\"][vc_custom_heading text=\"Le delta du Mekong\" font_container=\"tag:h2|font_size:26|text_align:center\" google_fonts=\"font_family:Droid%20Sans%3Aregular%2C700|font_style:400%20regular%3A400%3Anormal\"]Impossible de voyager dans le sud du Vietnam sans visiter le delta du Mekong. Il na\u00eet aux confins...","protected":false},"author":2,"featured_media":0,"parent":0,"menu_order":0,"comment_status":"closed","ping_status":"closed","template":"","meta":{"_crdt_document":"","footnotes":""},"class_list":["post-3704","page","type-page","status-publish","hentry"],"yoast_head":"<!-- This site is optimized with the Yoast SEO plugin v26.9 - https:\/\/yoast.com\/product\/yoast-seo-wordpress\/ -->\n<title>Le delta du M\u00e9kong - Nam Viet Voyage<\/title>\n<meta name=\"description\" content=\"Symbole de l&#039;Asie du Sud-Est, le delta du Mekong fait partie des incontournables d&#039;un voyage au Vietnam. Venez le visiter \u00e0 pied, en v\u00e9lo ou en bateau !\" \/>\n<meta name=\"robots\" content=\"index, follow, max-snippet:-1, max-image-preview:large, max-video-preview:-1\" \/>\n<link rel=\"canonical\" href=\"http:\/\/nam-viet-voyage.com\/fr\/mekong\/\" \/>\n<meta property=\"og:locale\" content=\"fr_FR\" \/>\n<meta property=\"og:type\" content=\"article\" \/>\n<meta property=\"og:title\" content=\"Le delta du M\u00e9kong - Nam Viet Voyage\" \/>\n<meta property=\"og:description\" content=\"Symbole de l&#039;Asie du Sud-Est, le delta du Mekong fait partie des incontournables d&#039;un voyage au Vietnam. Venez le visiter \u00e0 pied, en v\u00e9lo ou en bateau !\" \/>\n<meta property=\"og:url\" content=\"http:\/\/nam-viet-voyage.com\/fr\/mekong\/\" \/>\n<meta property=\"og:site_name\" content=\"Nam Viet Voyage\" \/>\n<meta property=\"article:publisher\" content=\"https:\/\/www.facebook.com\/NamVietVoyage\" \/>\n<meta property=\"article:modified_time\" content=\"2016-05-25T07:45:08+00:00\" \/>\n<meta property=\"og:image\" content=\"http:\/\/nam-viet-voyage.com\/wp-content\/uploads\/2015\/01\/cai-be.png\" \/>\n<meta name=\"twitter:card\" content=\"summary_large_image\" \/>\n<meta name=\"twitter:site\" content=\"@NamVietVoyage\" \/>\n<meta name=\"twitter:label1\" content=\"Dur\u00e9e de lecture estim\u00e9e\" \/>\n\t<meta name=\"twitter:data1\" content=\"6 minutes\" \/>\n<script type=\"application\/ld+json\" class=\"yoast-schema-graph\">{\"@context\":\"https:\/\/schema.org\",\"@graph\":[{\"@type\":\"WebPage\",\"@id\":\"http:\/\/nam-viet-voyage.com\/fr\/mekong\/\",\"url\":\"http:\/\/nam-viet-voyage.com\/fr\/mekong\/\",\"name\":\"Le delta du M\u00e9kong - Nam Viet Voyage\",\"isPartOf\":{\"@id\":\"https:\/\/nam-viet-voyage.com\/#website\"},\"primaryImageOfPage\":{\"@id\":\"http:\/\/nam-viet-voyage.com\/fr\/mekong\/#primaryimage\"},\"image\":{\"@id\":\"http:\/\/nam-viet-voyage.com\/fr\/mekong\/#primaryimage\"},\"thumbnailUrl\":\"http:\/\/nam-viet-voyage.com\/wp-content\/uploads\/2015\/01\/cai-be.png\",\"datePublished\":\"2015-01-15T02:20:42+00:00\",\"dateModified\":\"2016-05-25T07:45:08+00:00\",\"description\":\"Symbole de l'Asie du Sud-Est, le delta du Mekong fait partie des incontournables d'un voyage au Vietnam. Venez le visiter \u00e0 pied, en v\u00e9lo ou en bateau !\",\"breadcrumb\":{\"@id\":\"http:\/\/nam-viet-voyage.com\/fr\/mekong\/#breadcrumb\"},\"inLanguage\":\"fr-FR\",\"potentialAction\":[{\"@type\":\"ReadAction\",\"target\":[\"http:\/\/nam-viet-voyage.com\/fr\/mekong\/\"]}]},{\"@type\":\"ImageObject\",\"inLanguage\":\"fr-FR\",\"@id\":\"http:\/\/nam-viet-voyage.com\/fr\/mekong\/#primaryimage\",\"url\":\"http:\/\/nam-viet-voyage.com\/wp-content\/uploads\/2015\/01\/cai-be.png\",\"contentUrl\":\"http:\/\/nam-viet-voyage.com\/wp-content\/uploads\/2015\/01\/cai-be.png\"},{\"@type\":\"BreadcrumbList\",\"@id\":\"http:\/\/nam-viet-voyage.com\/fr\/mekong\/#breadcrumb\",\"itemListElement\":[{\"@type\":\"ListItem\",\"position\":1,\"name\":\"Home\",\"item\":\"http:\/\/nam-viet-voyage.com\/fr\/\"},{\"@type\":\"ListItem\",\"position\":2,\"name\":\"Le delta du M\u00e9kong\"}]},{\"@type\":\"WebSite\",\"@id\":\"https:\/\/nam-viet-voyage.com\/#website\",\"url\":\"https:\/\/nam-viet-voyage.com\/\",\"name\":\"Nam Viet Voyage\",\"description\":\"Voyages en Asie du Sud-Est\",\"potentialAction\":[{\"@type\":\"SearchAction\",\"target\":{\"@type\":\"EntryPoint\",\"urlTemplate\":\"https:\/\/nam-viet-voyage.com\/?s={search_term_string}\"},\"query-input\":{\"@type\":\"PropertyValueSpecification\",\"valueRequired\":true,\"valueName\":\"search_term_string\"}}],\"inLanguage\":\"fr-FR\"}]}<\/script>\n<!-- \/ Yoast SEO plugin. -->","yoast_head_json":{"title":"Le delta du M\u00e9kong - Nam Viet Voyage","description":"Symbole de l'Asie du Sud-Est, le delta du Mekong fait partie des incontournables d'un voyage au Vietnam. Venez le visiter \u00e0 pied, en v\u00e9lo ou en bateau !","robots":{"index":"index","follow":"follow","max-snippet":"max-snippet:-1","max-image-preview":"max-image-preview:large","max-video-preview":"max-video-preview:-1"},"canonical":"http:\/\/nam-viet-voyage.com\/fr\/mekong\/","og_locale":"fr_FR","og_type":"article","og_title":"Le delta du M\u00e9kong - Nam Viet Voyage","og_description":"Symbole de l'Asie du Sud-Est, le delta du Mekong fait partie des incontournables d'un voyage au Vietnam. Venez le visiter \u00e0 pied, en v\u00e9lo ou en bateau !","og_url":"http:\/\/nam-viet-voyage.com\/fr\/mekong\/","og_site_name":"Nam Viet Voyage","article_publisher":"https:\/\/www.facebook.com\/NamVietVoyage","article_modified_time":"2016-05-25T07:45:08+00:00","og_image":[{"url":"http:\/\/nam-viet-voyage.com\/wp-content\/uploads\/2015\/01\/cai-be.png","type":"","width":"","height":""}],"twitter_card":"summary_large_image","twitter_site":"@NamVietVoyage","twitter_misc":{"Dur\u00e9e de lecture estim\u00e9e":"6 minutes"},"schema":{"@context":"https:\/\/schema.org","@graph":[{"@type":"WebPage","@id":"http:\/\/nam-viet-voyage.com\/fr\/mekong\/","url":"http:\/\/nam-viet-voyage.com\/fr\/mekong\/","name":"Le delta du M\u00e9kong - Nam Viet Voyage","isPartOf":{"@id":"https:\/\/nam-viet-voyage.com\/#website"},"primaryImageOfPage":{"@id":"http:\/\/nam-viet-voyage.com\/fr\/mekong\/#primaryimage"},"image":{"@id":"http:\/\/nam-viet-voyage.com\/fr\/mekong\/#primaryimage"},"thumbnailUrl":"http:\/\/nam-viet-voyage.com\/wp-content\/uploads\/2015\/01\/cai-be.png","datePublished":"2015-01-15T02:20:42+00:00","dateModified":"2016-05-25T07:45:08+00:00","description":"Symbole de l'Asie du Sud-Est, le delta du Mekong fait partie des incontournables d'un voyage au Vietnam. Venez le visiter \u00e0 pied, en v\u00e9lo ou en bateau !","breadcrumb":{"@id":"http:\/\/nam-viet-voyage.com\/fr\/mekong\/#breadcrumb"},"inLanguage":"fr-FR","potentialAction":[{"@type":"ReadAction","target":["http:\/\/nam-viet-voyage.com\/fr\/mekong\/"]}]},{"@type":"ImageObject","inLanguage":"fr-FR","@id":"http:\/\/nam-viet-voyage.com\/fr\/mekong\/#primaryimage","url":"http:\/\/nam-viet-voyage.com\/wp-content\/uploads\/2015\/01\/cai-be.png","contentUrl":"http:\/\/nam-viet-voyage.com\/wp-content\/uploads\/2015\/01\/cai-be.png"},{"@type":"BreadcrumbList","@id":"http:\/\/nam-viet-voyage.com\/fr\/mekong\/#breadcrumb","itemListElement":[{"@type":"ListItem","position":1,"name":"Home","item":"http:\/\/nam-viet-voyage.com\/fr\/"},{"@type":"ListItem","position":2,"name":"Le delta du M\u00e9kong"}]},{"@type":"WebSite","@id":"https:\/\/nam-viet-voyage.com\/#website","url":"https:\/\/nam-viet-voyage.com\/","name":"Nam Viet Voyage","description":"Voyages en Asie du Sud-Est","potentialAction":[{"@type":"SearchAction","target":{"@type":"EntryPoint","urlTemplate":"https:\/\/nam-viet-voyage.com\/?s={search_term_string}"},"query-input":{"@type":"PropertyValueSpecification","valueRequired":true,"valueName":"search_term_string"}}],"inLanguage":"fr-FR"}]}},"_links":{"self":[{"href":"http:\/\/nam-viet-voyage.com\/fr\/wp-json\/wp\/v2\/pages\/3704","targetHints":{"allow":["GET"]}}],"collection":[{"href":"http:\/\/nam-viet-voyage.com\/fr\/wp-json\/wp\/v2\/pages"}],"about":[{"href":"http:\/\/nam-viet-voyage.com\/fr\/wp-json\/wp\/v2\/types\/page"}],"author":[{"embeddable":true,"href":"http:\/\/nam-viet-voyage.com\/fr\/wp-json\/wp\/v2\/users\/2"}],"replies":[{"embeddable":true,"href":"http:\/\/nam-viet-voyage.com\/fr\/wp-json\/wp\/v2\/comments?post=3704"}],"version-history":[{"count":22,"href":"http:\/\/nam-viet-voyage.com\/fr\/wp-json\/wp\/v2\/pages\/3704\/revisions"}],"predecessor-version":[{"id":11394,"href":"http:\/\/nam-viet-voyage.com\/fr\/wp-json\/wp\/v2\/pages\/3704\/revisions\/11394"}],"wp:attachment":[{"href":"http:\/\/nam-viet-voyage.com\/fr\/wp-json\/wp\/v2\/media?parent=3704"}],"curies":[{"name":"wp","href":"https:\/\/api.w.org\/{rel}","templated":true}]}}