{"id":11055,"date":"2016-05-02T05:42:21","date_gmt":"2016-05-02T05:42:21","guid":{"rendered":"http:\/\/nam-viet-voyage.com\/?page_id=11055"},"modified":"2016-05-25T07:44:48","modified_gmt":"2016-05-25T07:44:48","slug":"tour-bien-etre-2016","status":"publish","type":"page","link":"http:\/\/nam-viet-voyage.com\/fr\/tour-bien-etre-2016\/","title":{"rendered":"Tour Bien-\u00eatre au Vietnam, yoga, Tai chi,massage"},"content":{"rendered":"<p><strong>Tour Bien-\u00eatre \u00e9t\u00e9 2016 au Vietnam du 08 au 19 Juillet\u00a0<a href=\"http:\/\/nam-viet-voyage.com\/wp-content\/uploads\/2016\/05\/Tour-Bien-Etre-PDF.pdf\">Tour Bien-Etre PDF<\/a><\/strong><\/p>\n<p><img loading=\"lazy\" decoding=\"async\" class=\"wp-image-11061 alignright\" src=\"http:\/\/nam-viet-voyage.com\/wp-content\/uploads\/2016\/05\/pilgrimage-1024x768.jpg\" alt=\"pilgrimage\" width=\"431\" height=\"323\" srcset=\"http:\/\/nam-viet-voyage.com\/wp-content\/uploads\/2016\/05\/pilgrimage-1024x768.jpg 1024w, http:\/\/nam-viet-voyage.com\/wp-content\/uploads\/2016\/05\/pilgrimage-300x225.jpg 300w, http:\/\/nam-viet-voyage.com\/wp-content\/uploads\/2016\/05\/pilgrimage-768x576.jpg 768w, http:\/\/nam-viet-voyage.com\/wp-content\/uploads\/2016\/05\/pilgrimage-600x450.jpg 600w, http:\/\/nam-viet-voyage.com\/wp-content\/uploads\/2016\/05\/pilgrimage.jpg 1181w\" sizes=\"auto, (max-width: 431px) 100vw, 431px\" \/>Ce tour a \u00e9t\u00e9 sp\u00e9cialement \u00a0cr\u00e9\u00e9 pour les personnes souhaitant visiter le Vietnam\u00a0et se ressourcer \u00e0\u00a0travers diff\u00e9rentes activit\u00e9s \u00ab\u00a0<strong><em>bien-\u00eatre\u00a0\u00bb<\/em><\/strong>.<\/p>\n<p>Durant ce s\u00e9jour vous pratiquerez diff\u00e9rentes formes de Yoga, du Tai Chi, Qi Gong (prononc\u00e9\u00a0<em>Tchi Cong<\/em>), de la m\u00e9ditation dans diff\u00e9rents endroits avec une forte vibration bouddhiste.<\/p>\n<p>Vous vous relaxerez avec des\u00a0massages mais vous apprendrez aussi comment en faire afin de pouvoir pratiquer \u00e0 votre\u00a0retour de vacances.<\/p>\n<p>Bien entendu durant ce voyage, vous visiterez les<strong> incontournables du Vietnam<\/strong> comme la ville de Saigon, la cit\u00e9 imp\u00e9riale de Hue, la vieille ville de Hoi An et la somptueuse Baie d&rsquo;Halong.<\/p>\n<p><em><img loading=\"lazy\" decoding=\"async\" class=\"wp-image-11059 alignleft\" src=\"http:\/\/nam-viet-voyage.com\/wp-content\/uploads\/2016\/05\/aa3cf395f28e379595301fce90dda2dc9c9769ad3da3842f73269bfd3596b324-590x1024.jpg\" alt=\"aa3cf395f28e379595301fce90dda2dc9c9769ad3da3842f73269bfd3596b324\" width=\"258\" height=\"448\" srcset=\"http:\/\/nam-viet-voyage.com\/wp-content\/uploads\/2016\/05\/aa3cf395f28e379595301fce90dda2dc9c9769ad3da3842f73269bfd3596b324-590x1024.jpg 590w, http:\/\/nam-viet-voyage.com\/wp-content\/uploads\/2016\/05\/aa3cf395f28e379595301fce90dda2dc9c9769ad3da3842f73269bfd3596b324-173x300.jpg 173w, http:\/\/nam-viet-voyage.com\/wp-content\/uploads\/2016\/05\/aa3cf395f28e379595301fce90dda2dc9c9769ad3da3842f73269bfd3596b324-600x1041.jpg 600w, http:\/\/nam-viet-voyage.com\/wp-content\/uploads\/2016\/05\/aa3cf395f28e379595301fce90dda2dc9c9769ad3da3842f73269bfd3596b324.jpg 670w\" sizes=\"auto, (max-width: 258px) 100vw, 258px\" \/>Un Voyage Zen pour d\u00e9couvrir et se red\u00e9couvrir.<\/em><\/p>\n<p><strong>Informations importantes:<\/strong><\/p>\n<ul>\n<li>Ce voyage se fera sur la base d&rsquo;un groupe constitu\u00e9 avec <strong>un minimum de 10 participants<\/strong> et un maximum de 16.<\/li>\n<li>Pas besoin d\u2019\u00eatre un expert dans chacune des disciplines. <strong>Les d\u00e9butants peuvent se joindre au groupe.<\/strong> Nos ma\u00eetres ont l\u2019exp\u00e9rience pour g\u00e9rer les diff\u00e9rents niveaux de chacun.<\/li>\n<li>Pour<strong> les vols internationaux depuis la France<\/strong>, nous pouvons vous conseiller. <strong>Air France<\/strong> est notre premier choix avec un vol direct depuis Paris.<\/li>\n<li>Paiement s\u00e9curis\u00e9 par One Pay (l\u2019\u00e9quivalent de Paypal au Vietnam) ou bien par transfert bancaire sur notre\u00a0compte de soci\u00e9t\u00e9.<\/li>\n<\/ul>\n<p>Merci de t\u00e9l\u00e9charger le programme <a href=\"http:\/\/nam-viet-voyage.com\/wp-content\/uploads\/2016\/05\/Tour-Bien-Etre-PDF.pdf\">Tour Bien-Etre PDF<\/a>\u00a0et de nous adresser vos questions \u00e0 &#x66;a&#x75;s&#x74;&#105;&#x6e;&#x40;n&#x61;m&#x2d;&#118;&#x69;&#101;t&#x2d;v&#x6f;&#121;&#x61;&#103;e&#x2e;c&#x6f;m<\/p>\n<p>R\u00e9servez vite vos prochaines vacances!<\/p>\n<p><a href=\"\/\/www.pinterest.com\/pin\/create\/button\/\" data-pin-do=\"buttonBookmark\" data-pin-color=\"red\" data-pin-height=\"128\"><img decoding=\"async\" src=\"\/\/assets.pinterest.com\/images\/pidgets\/pinit_fg_en_rect_red_28.png\" \/><\/a><\/p>","protected":false},"excerpt":{"rendered":"<p>Tour Bien-\u00eatre \u00e9t\u00e9 2016 au Vietnam du 08 au 19 Juillet\u00a0Tour Bien-Etre PDF Ce tour a \u00e9t\u00e9 sp\u00e9cialement \u00a0cr\u00e9\u00e9 pour les personnes souhaitant visiter le Vietnam\u00a0et se ressourcer \u00e0\u00a0travers diff\u00e9rentes&#8230;<\/p>\n","protected":false},"author":5,"featured_media":0,"parent":0,"menu_order":0,"comment_status":"closed","ping_status":"closed","template":"","meta":{"_crdt_document":"","footnotes":""},"class_list":["post-11055","page","type-page","status-publish","hentry"],"yoast_head":"<!-- This site is optimized with the Yoast SEO plugin v26.9 - https:\/\/yoast.com\/product\/yoast-seo-wordpress\/ -->\n<title>Tour Bien-\u00eatre au Vietnam, yoga, Tai chi,massage - Nam Viet Voyage<\/title>\n<meta name=\"description\" content=\"Du 08 au 19 juillet 2016. Les incontournables du Vietnam autour du Bien-Etre (Yoga, Tai Chi, m\u00e9ditation). Spa &amp; massage dans les meilleurs h\u00f4tels d&#039;Asie\" \/>\n<meta name=\"robots\" content=\"index, follow, max-snippet:-1, max-image-preview:large, max-video-preview:-1\" \/>\n<link rel=\"canonical\" href=\"http:\/\/nam-viet-voyage.com\/fr\/tour-bien-etre-2016\/\" \/>\n<meta property=\"og:locale\" content=\"fr_FR\" \/>\n<meta property=\"og:type\" content=\"article\" \/>\n<meta property=\"og:title\" content=\"Se relaxer au Vietnam - Juillet 2016 - 1.590\u20ac\/personne\" \/>\n<meta property=\"og:description\" content=\"Un voyage d&#039;exception du 08 au 19 juillet 2016 \u00e0 un prix direct sans interm\u00e9diaire! D\u00e9couvrez le Vietnam et relaxez-vous autour d&#039;activit\u00e9s bien-\u00eatre: Yoga sur la plage de Hoi An, Tai Chi sur la Baie d&#039;Halong... Une s\u00e9lection de massages &amp; Spas dans les plus beaux h\u00f4tels d&#039;Asie du Sud Est.\" \/>\n<meta property=\"og:url\" content=\"http:\/\/nam-viet-voyage.com\/fr\/tour-bien-etre-2016\/\" \/>\n<meta property=\"og:site_name\" content=\"Nam Viet Voyage\" \/>\n<meta property=\"article:publisher\" content=\"https:\/\/www.facebook.com\/NamVietVoyage\" \/>\n<meta property=\"article:modified_time\" content=\"2016-05-25T07:44:48+00:00\" \/>\n<meta property=\"og:image\" content=\"http:\/\/nam-viet-voyage.com\/wp-content\/uploads\/2016\/05\/TRAME-AFFICHE-FAUSTIN-1.jpg\" \/>\n\t<meta property=\"og:image:width\" content=\"1200\" \/>\n\t<meta property=\"og:image:height\" content=\"630\" \/>\n\t<meta property=\"og:image:type\" content=\"image\/jpeg\" \/>\n<meta name=\"twitter:card\" content=\"summary_large_image\" \/>\n<meta name=\"twitter:site\" content=\"@NamVietVoyage\" \/>\n<meta name=\"twitter:label1\" content=\"Dur\u00e9e de lecture estim\u00e9e\" \/>\n\t<meta name=\"twitter:data1\" content=\"1 minute\" \/>\n<script type=\"application\/ld+json\" class=\"yoast-schema-graph\">{\"@context\":\"https:\/\/schema.org\",\"@graph\":[{\"@type\":\"WebPage\",\"@id\":\"http:\/\/nam-viet-voyage.com\/fr\/tour-bien-etre-2016\/\",\"url\":\"http:\/\/nam-viet-voyage.com\/fr\/tour-bien-etre-2016\/\",\"name\":\"Tour Bien-\u00eatre au Vietnam, yoga, Tai chi,massage - Nam Viet Voyage\",\"isPartOf\":{\"@id\":\"https:\/\/nam-viet-voyage.com\/#website\"},\"primaryImageOfPage\":{\"@id\":\"http:\/\/nam-viet-voyage.com\/fr\/tour-bien-etre-2016\/#primaryimage\"},\"image\":{\"@id\":\"http:\/\/nam-viet-voyage.com\/fr\/tour-bien-etre-2016\/#primaryimage\"},\"thumbnailUrl\":\"http:\/\/nam-viet-voyage.com\/wp-content\/uploads\/2016\/05\/pilgrimage-1024x768.jpg\",\"datePublished\":\"2016-05-02T05:42:21+00:00\",\"dateModified\":\"2016-05-25T07:44:48+00:00\",\"description\":\"Du 08 au 19 juillet 2016. Les incontournables du Vietnam autour du Bien-Etre (Yoga, Tai Chi, m\u00e9ditation). Spa & massage dans les meilleurs h\u00f4tels d'Asie\",\"breadcrumb\":{\"@id\":\"http:\/\/nam-viet-voyage.com\/fr\/tour-bien-etre-2016\/#breadcrumb\"},\"inLanguage\":\"fr-FR\",\"potentialAction\":[{\"@type\":\"ReadAction\",\"target\":[\"http:\/\/nam-viet-voyage.com\/fr\/tour-bien-etre-2016\/\"]}]},{\"@type\":\"ImageObject\",\"inLanguage\":\"fr-FR\",\"@id\":\"http:\/\/nam-viet-voyage.com\/fr\/tour-bien-etre-2016\/#primaryimage\",\"url\":\"http:\/\/nam-viet-voyage.com\/wp-content\/uploads\/2016\/05\/pilgrimage-1024x768.jpg\",\"contentUrl\":\"http:\/\/nam-viet-voyage.com\/wp-content\/uploads\/2016\/05\/pilgrimage-1024x768.jpg\"},{\"@type\":\"BreadcrumbList\",\"@id\":\"http:\/\/nam-viet-voyage.com\/fr\/tour-bien-etre-2016\/#breadcrumb\",\"itemListElement\":[{\"@type\":\"ListItem\",\"position\":1,\"name\":\"Home\",\"item\":\"https:\/\/nam-viet-voyage.com\/fr\/sample-page-2\/\"},{\"@type\":\"ListItem\",\"position\":2,\"name\":\"Tour Bien-\u00eatre au Vietnam, yoga, Tai chi,massage\"}]},{\"@type\":\"WebSite\",\"@id\":\"https:\/\/nam-viet-voyage.com\/#website\",\"url\":\"https:\/\/nam-viet-voyage.com\/\",\"name\":\"Nam Viet Voyage\",\"description\":\"Voyages en Asie du Sud-Est\",\"potentialAction\":[{\"@type\":\"SearchAction\",\"target\":{\"@type\":\"EntryPoint\",\"urlTemplate\":\"https:\/\/nam-viet-voyage.com\/?s={search_term_string}\"},\"query-input\":{\"@type\":\"PropertyValueSpecification\",\"valueRequired\":true,\"valueName\":\"search_term_string\"}}],\"inLanguage\":\"fr-FR\"}]}<\/script>\n<!-- \/ Yoast SEO plugin. -->","yoast_head_json":{"title":"Tour Bien-\u00eatre au Vietnam, yoga, Tai chi,massage - Nam Viet Voyage","description":"Du 08 au 19 juillet 2016. Les incontournables du Vietnam autour du Bien-Etre (Yoga, Tai Chi, m\u00e9ditation). Spa & massage dans les meilleurs h\u00f4tels d'Asie","robots":{"index":"index","follow":"follow","max-snippet":"max-snippet:-1","max-image-preview":"max-image-preview:large","max-video-preview":"max-video-preview:-1"},"canonical":"http:\/\/nam-viet-voyage.com\/fr\/tour-bien-etre-2016\/","og_locale":"fr_FR","og_type":"article","og_title":"Se relaxer au Vietnam - Juillet 2016 - 1.590\u20ac\/personne","og_description":"Un voyage d'exception du 08 au 19 juillet 2016 \u00e0 un prix direct sans interm\u00e9diaire! D\u00e9couvrez le Vietnam et relaxez-vous autour d'activit\u00e9s bien-\u00eatre: Yoga sur la plage de Hoi An, Tai Chi sur la Baie d'Halong... Une s\u00e9lection de massages & Spas dans les plus beaux h\u00f4tels d'Asie du Sud Est.","og_url":"http:\/\/nam-viet-voyage.com\/fr\/tour-bien-etre-2016\/","og_site_name":"Nam Viet Voyage","article_publisher":"https:\/\/www.facebook.com\/NamVietVoyage","article_modified_time":"2016-05-25T07:44:48+00:00","og_image":[{"width":1200,"height":630,"url":"http:\/\/nam-viet-voyage.com\/wp-content\/uploads\/2016\/05\/TRAME-AFFICHE-FAUSTIN-1.jpg","type":"image\/jpeg"}],"twitter_card":"summary_large_image","twitter_site":"@NamVietVoyage","twitter_misc":{"Dur\u00e9e de lecture estim\u00e9e":"1 minute"},"schema":{"@context":"https:\/\/schema.org","@graph":[{"@type":"WebPage","@id":"http:\/\/nam-viet-voyage.com\/fr\/tour-bien-etre-2016\/","url":"http:\/\/nam-viet-voyage.com\/fr\/tour-bien-etre-2016\/","name":"Tour Bien-\u00eatre au Vietnam, yoga, Tai chi,massage - Nam Viet Voyage","isPartOf":{"@id":"https:\/\/nam-viet-voyage.com\/#website"},"primaryImageOfPage":{"@id":"http:\/\/nam-viet-voyage.com\/fr\/tour-bien-etre-2016\/#primaryimage"},"image":{"@id":"http:\/\/nam-viet-voyage.com\/fr\/tour-bien-etre-2016\/#primaryimage"},"thumbnailUrl":"http:\/\/nam-viet-voyage.com\/wp-content\/uploads\/2016\/05\/pilgrimage-1024x768.jpg","datePublished":"2016-05-02T05:42:21+00:00","dateModified":"2016-05-25T07:44:48+00:00","description":"Du 08 au 19 juillet 2016. Les incontournables du Vietnam autour du Bien-Etre (Yoga, Tai Chi, m\u00e9ditation). Spa & massage dans les meilleurs h\u00f4tels d'Asie","breadcrumb":{"@id":"http:\/\/nam-viet-voyage.com\/fr\/tour-bien-etre-2016\/#breadcrumb"},"inLanguage":"fr-FR","potentialAction":[{"@type":"ReadAction","target":["http:\/\/nam-viet-voyage.com\/fr\/tour-bien-etre-2016\/"]}]},{"@type":"ImageObject","inLanguage":"fr-FR","@id":"http:\/\/nam-viet-voyage.com\/fr\/tour-bien-etre-2016\/#primaryimage","url":"http:\/\/nam-viet-voyage.com\/wp-content\/uploads\/2016\/05\/pilgrimage-1024x768.jpg","contentUrl":"http:\/\/nam-viet-voyage.com\/wp-content\/uploads\/2016\/05\/pilgrimage-1024x768.jpg"},{"@type":"BreadcrumbList","@id":"http:\/\/nam-viet-voyage.com\/fr\/tour-bien-etre-2016\/#breadcrumb","itemListElement":[{"@type":"ListItem","position":1,"name":"Home","item":"https:\/\/nam-viet-voyage.com\/fr\/sample-page-2\/"},{"@type":"ListItem","position":2,"name":"Tour Bien-\u00eatre au Vietnam, yoga, Tai chi,massage"}]},{"@type":"WebSite","@id":"https:\/\/nam-viet-voyage.com\/#website","url":"https:\/\/nam-viet-voyage.com\/","name":"Nam Viet Voyage","description":"Voyages en Asie du Sud-Est","potentialAction":[{"@type":"SearchAction","target":{"@type":"EntryPoint","urlTemplate":"https:\/\/nam-viet-voyage.com\/?s={search_term_string}"},"query-input":{"@type":"PropertyValueSpecification","valueRequired":true,"valueName":"search_term_string"}}],"inLanguage":"fr-FR"}]}},"_links":{"self":[{"href":"http:\/\/nam-viet-voyage.com\/fr\/wp-json\/wp\/v2\/pages\/11055","targetHints":{"allow":["GET"]}}],"collection":[{"href":"http:\/\/nam-viet-voyage.com\/fr\/wp-json\/wp\/v2\/pages"}],"about":[{"href":"http:\/\/nam-viet-voyage.com\/fr\/wp-json\/wp\/v2\/types\/page"}],"author":[{"embeddable":true,"href":"http:\/\/nam-viet-voyage.com\/fr\/wp-json\/wp\/v2\/users\/5"}],"replies":[{"embeddable":true,"href":"http:\/\/nam-viet-voyage.com\/fr\/wp-json\/wp\/v2\/comments?post=11055"}],"version-history":[{"count":22,"href":"http:\/\/nam-viet-voyage.com\/fr\/wp-json\/wp\/v2\/pages\/11055\/revisions"}],"predecessor-version":[{"id":11091,"href":"http:\/\/nam-viet-voyage.com\/fr\/wp-json\/wp\/v2\/pages\/11055\/revisions\/11091"}],"wp:attachment":[{"href":"http:\/\/nam-viet-voyage.com\/fr\/wp-json\/wp\/v2\/media?parent=11055"}],"curies":[{"name":"wp","href":"https:\/\/api.w.org\/{rel}","templated":true}]}}