{"id":10182,"date":"2015-12-14T08:40:55","date_gmt":"2015-12-14T08:40:55","guid":{"rendered":"http:\/\/nam-viet-voyage.com\/fr\/?page_id=10182"},"modified":"2016-05-25T07:44:51","modified_gmt":"2016-05-25T07:44:51","slug":"silverland-sakyo-hotel-saigon","status":"publish","type":"page","link":"http:\/\/nam-viet-voyage.com\/fr\/silverland-sakyo-hotel-saigon\/","title":{"rendered":"Silverland Sakyo Hotel &#8211; Saigon"},"content":{"rendered":"<section class=\"l-section wpb_row height_medium\"><div class=\"l-section-h i-cf\"><div class=\"g-cols offset_small\"><div class=\" one-quarter\">[vc_wp_custommenu nav_menu=\u00a0\u00bb167&Prime; title=\u00a0\u00bbVotre h\u00f4tel &#8211; Ville\u00a0\u00bb]<\/div><div class=\" three-quarters\"><div class=\"w-image  align_center\"><img loading=\"lazy\" decoding=\"async\" width=\"672\" height=\"200\" src=\"http:\/\/nam-viet-voyage.com\/wp-content\/uploads\/2015\/12\/sakyo-silverland-saigon.png\" class=\"attachment-full size-full\" alt=\"Polaroids Silverland Sakyo Saigon\" srcset=\"http:\/\/nam-viet-voyage.com\/wp-content\/uploads\/2015\/12\/sakyo-silverland-saigon.png 672w, http:\/\/nam-viet-voyage.com\/wp-content\/uploads\/2015\/12\/sakyo-silverland-saigon-300x89.png 300w, http:\/\/nam-viet-voyage.com\/wp-content\/uploads\/2015\/12\/sakyo-silverland-saigon-600x179.png 600w\" sizes=\"auto, (max-width: 672px) 100vw, 672px\" \/><\/div><div class=\"wpb_text_column \"><div class=\"wpb_wrapper\">\n<h2 style=\"text-align: center\">Silverland Sakyo Hotel &amp; Spa<\/h2>\n<p style=\"text-align: justify\">L\u2019h\u00f4tel Silverland Sakyo est id\u00e9alement situ\u00e9 : en plein c\u0153ur du quartier japonais d\u2019H\u00f4 Chi Minh-Ville, sur la rue Le Thanh Ton, \u00e0 deux pas des grandes attractions. M\u00ealant influences des deux pays, son nom provient d\u2019ailleurs de la contraction des noms \u00ab Saigon \u00bb et \u00ab Tokyo \u00bb. Son design \u00e9pur\u00e9 refl\u00e8te la sobri\u00e9t\u00e9 japonaise. Le personnel, tr\u00e8s serviable, met tout en \u0153uvre pour que la client\u00e8le s\u2019y sente calme et d\u00e9tendue. Les chambres sont \u00e9l\u00e9gamment d\u00e9cor\u00e9es. Au dernier \u00e9tage de l\u2019h\u00f4tel se trouve l\u2019espace jacuzzi : deux bassins, l\u2019un chaud et l\u2019autre froid, offrant un superbe panorama sur la ville. Une petite salle de sport est aussi \u00e0 disposition des clients. Le restaurant de l\u2019h\u00f4tel, Sakyo Sushi &amp; Hot Pot propose de la cuisine japonaise de qualit\u00e9.<\/p>\n<\/div> <\/div> <div class=\"g-cols wpb_row offset_small vc_inner \"><div class=\" full-width\">[vc_empty_space height=\u00a0\u00bb30px\u00a0\u00bb]<\/div><\/div><div class=\"g-cols wpb_row offset_small vc_inner \"><div class=\" one-half\"><div class=\"w-image  align_center\"><img loading=\"lazy\" decoding=\"async\" width=\"320\" height=\"213\" src=\"http:\/\/nam-viet-voyage.com\/wp-content\/uploads\/2015\/12\/sakyo-silverland-saigon-lobby.jpg\" class=\"attachment-full size-full\" alt=\"Lobby de l&#039;h\u00f4tel Silverland Sakyo\" srcset=\"http:\/\/nam-viet-voyage.com\/wp-content\/uploads\/2015\/12\/sakyo-silverland-saigon-lobby.jpg 320w, http:\/\/nam-viet-voyage.com\/wp-content\/uploads\/2015\/12\/sakyo-silverland-saigon-lobby-300x200.jpg 300w\" sizes=\"auto, (max-width: 320px) 100vw, 320px\" \/><\/div><div class=\"w-image  align_center\"><img loading=\"lazy\" decoding=\"async\" width=\"320\" height=\"215\" src=\"http:\/\/nam-viet-voyage.com\/wp-content\/uploads\/2015\/12\/sakyo-silverland-saigon-room.jpg\" class=\"attachment-full size-full\" alt=\"Chambre avec baignoire Silverland Sakyo\" srcset=\"http:\/\/nam-viet-voyage.com\/wp-content\/uploads\/2015\/12\/sakyo-silverland-saigon-room.jpg 320w, http:\/\/nam-viet-voyage.com\/wp-content\/uploads\/2015\/12\/sakyo-silverland-saigon-room-300x202.jpg 300w\" sizes=\"auto, (max-width: 320px) 100vw, 320px\" \/><\/div><\/div><div class=\" one-half\"><div class=\"w-image  align_center\"><img loading=\"lazy\" decoding=\"async\" width=\"320\" height=\"213\" src=\"http:\/\/nam-viet-voyage.com\/wp-content\/uploads\/2015\/12\/sakyo-silverland-saigon-room-bathtub.jpg\" class=\"attachment-full size-full\" alt=\"Chambre au Silverland Sakyo\" srcset=\"http:\/\/nam-viet-voyage.com\/wp-content\/uploads\/2015\/12\/sakyo-silverland-saigon-room-bathtub.jpg 320w, http:\/\/nam-viet-voyage.com\/wp-content\/uploads\/2015\/12\/sakyo-silverland-saigon-room-bathtub-300x200.jpg 300w\" sizes=\"auto, (max-width: 320px) 100vw, 320px\" \/><\/div><div class=\"w-image  align_center\"><img loading=\"lazy\" decoding=\"async\" width=\"320\" height=\"210\" src=\"http:\/\/nam-viet-voyage.com\/wp-content\/uploads\/2015\/12\/sakyo-silverland-saigon-lobby-bar.jpg\" class=\"attachment-full size-full\" alt=\"Vue du bar au Silverland Sakyo Saigon\" srcset=\"http:\/\/nam-viet-voyage.com\/wp-content\/uploads\/2015\/12\/sakyo-silverland-saigon-lobby-bar.jpg 320w, http:\/\/nam-viet-voyage.com\/wp-content\/uploads\/2015\/12\/sakyo-silverland-saigon-lobby-bar-300x197.jpg 300w\" sizes=\"auto, (max-width: 320px) 100vw, 320px\" \/><\/div><\/div><\/div><\/div><\/div><\/div><\/section><section class=\"l-section wpb_row height_medium color_secondary\"><div class=\"l-section-h i-cf\"><div class=\"g-cols offset_small\"><div class=\" full-width\"><div class=\"g-cols wpb_row offset_small vc_inner \"><div class=\" full-width\">[vc_custom_heading text=\u00a0\u00bbPour tout projet ou information compl\u00e9mentaire, merci de nous contacter !\u00a0\u00bb font_container=\u00a0\u00bbtag:p|font_size:24|text_align:center\u00a0\u00bb google_fonts=\u00a0\u00bbfont_family:Nothing%20You%20Could%20Do%3Aregular|font_style:400%20regular%3A400%3Anormal\u00a0\u00bb]\n<div class=\"wpcf7 no-js\" id=\"wpcf7-f5977-o1\" lang=\"fr-FR\" dir=\"ltr\" data-wpcf7-id=\"5977\">\n<div class=\"screen-reader-response\"><p role=\"status\" aria-live=\"polite\" aria-atomic=\"true\"><\/p> <ul><\/ul><\/div>\n<form action=\"\/fr\/wp-json\/wp\/v2\/pages\/10182#wpcf7-f5977-o1\" method=\"post\" class=\"wpcf7-form init\" aria-label=\"Formulaire de contact\" novalidate=\"novalidate\" data-status=\"init\">\n<fieldset class=\"hidden-fields-container\"><input type=\"hidden\" name=\"_wpcf7\" value=\"5977\" \/><input type=\"hidden\" name=\"_wpcf7_version\" value=\"6.1.5\" \/><input type=\"hidden\" name=\"_wpcf7_locale\" value=\"fr_FR\" \/><input type=\"hidden\" name=\"_wpcf7_unit_tag\" value=\"wpcf7-f5977-o1\" \/><input type=\"hidden\" name=\"_wpcf7_container_post\" value=\"0\" \/><input type=\"hidden\" name=\"_wpcf7_posted_data_hash\" value=\"\" \/>\n<\/fieldset>\n<p>Votre Nom *\n<\/p>\n<p><span class=\"wpcf7-form-control-wrap\" data-name=\"your-name\"><input size=\"40\" maxlength=\"400\" class=\"wpcf7-form-control wpcf7-text wpcf7-validates-as-required\" aria-required=\"true\" aria-invalid=\"false\" value=\"\" type=\"text\" name=\"your-name\" \/><\/span>\n<\/p>\n<p>Votre Email *\n<\/p>\n<p><span class=\"wpcf7-form-control-wrap\" data-name=\"your-email\"><input size=\"40\" maxlength=\"400\" class=\"wpcf7-form-control wpcf7-email wpcf7-validates-as-required wpcf7-text wpcf7-validates-as-email\" aria-required=\"true\" aria-invalid=\"false\" value=\"\" type=\"email\" name=\"your-email\" \/><\/span>\n<\/p>\n<p>Votre Message *\n<\/p>\n<p><span class=\"wpcf7-form-control-wrap\" data-name=\"your-message\"><textarea cols=\"40\" rows=\"10\" maxlength=\"2000\" class=\"wpcf7-form-control wpcf7-textarea wpcf7-validates-as-required\" aria-required=\"true\" aria-invalid=\"false\" name=\"your-message\"><\/textarea><\/span>\n<\/p>\n<p><input class=\"wpcf7-form-control wpcf7-submit has-spinner\" type=\"submit\" value=\"Envoyer\" \/>\n<\/p><div class=\"wpcf7-response-output\" aria-hidden=\"true\"><\/div>\n<\/form>\n<\/div>\n<\/div><\/div><\/div><\/div><\/div><\/section>\n<p><a href=\"\/\/www.pinterest.com\/pin\/create\/button\/\" data-pin-do=\"buttonBookmark\" data-pin-color=\"red\" data-pin-height=\"128\"><img decoding=\"async\" src=\"\/\/assets.pinterest.com\/images\/pidgets\/pinit_fg_en_rect_red_28.png\" \/><\/a><\/p>","protected":false},"excerpt":{"rendered":"[vc_wp_custommenu nav_menu=\"167\" title=\"Votre h\u00f4tel - Ville\"] Silverland Sakyo Hotel &amp; Spa L\u2019h\u00f4tel Silverland Sakyo est id\u00e9alement situ\u00e9 : en plein c\u0153ur du quartier japonais d\u2019H\u00f4 Chi Minh-Ville, sur la rue...","protected":false},"author":5,"featured_media":0,"parent":0,"menu_order":0,"comment_status":"closed","ping_status":"closed","template":"","meta":{"_crdt_document":"","footnotes":""},"class_list":["post-10182","page","type-page","status-publish","hentry"],"yoast_head":"<!-- This site is optimized with the Yoast SEO plugin v26.9 - https:\/\/yoast.com\/product\/yoast-seo-wordpress\/ -->\n<title>Silverland Sakyo Hotel - Saigon - Nam Viet Voyage<\/title>\n<meta name=\"description\" content=\"Une atmsoph\u00e8re zen issue de la culture japonaise, un design soign\u00e9 et un personnel aux petits soins : bienvenue \u00e0 l\u2019h\u00f4tel Silverland Sakyo.\" \/>\n<meta name=\"robots\" content=\"index, follow, max-snippet:-1, max-image-preview:large, max-video-preview:-1\" \/>\n<link rel=\"canonical\" href=\"http:\/\/nam-viet-voyage.com\/fr\/silverland-sakyo-hotel-saigon\/\" \/>\n<meta property=\"og:locale\" content=\"fr_FR\" \/>\n<meta property=\"og:type\" content=\"article\" \/>\n<meta property=\"og:title\" content=\"Silverland Sakyo Hotel - Saigon - Nam Viet Voyage\" \/>\n<meta property=\"og:description\" content=\"Une atmsoph\u00e8re zen issue de la culture japonaise, un design soign\u00e9 et un personnel aux petits soins : bienvenue \u00e0 l\u2019h\u00f4tel Silverland Sakyo.\" \/>\n<meta property=\"og:url\" content=\"http:\/\/nam-viet-voyage.com\/fr\/silverland-sakyo-hotel-saigon\/\" \/>\n<meta property=\"og:site_name\" content=\"Nam Viet Voyage\" \/>\n<meta property=\"article:publisher\" content=\"https:\/\/www.facebook.com\/NamVietVoyage\" \/>\n<meta property=\"article:modified_time\" content=\"2016-05-25T07:44:51+00:00\" \/>\n<meta name=\"twitter:card\" content=\"summary_large_image\" \/>\n<meta name=\"twitter:site\" content=\"@NamVietVoyage\" \/>\n<meta name=\"twitter:label1\" content=\"Dur\u00e9e de lecture estim\u00e9e\" \/>\n\t<meta name=\"twitter:data1\" content=\"2 minutes\" \/>\n<script type=\"application\/ld+json\" class=\"yoast-schema-graph\">{\"@context\":\"https:\/\/schema.org\",\"@graph\":[{\"@type\":\"WebPage\",\"@id\":\"http:\/\/nam-viet-voyage.com\/fr\/silverland-sakyo-hotel-saigon\/\",\"url\":\"http:\/\/nam-viet-voyage.com\/fr\/silverland-sakyo-hotel-saigon\/\",\"name\":\"Silverland Sakyo Hotel - Saigon - Nam Viet Voyage\",\"isPartOf\":{\"@id\":\"https:\/\/nam-viet-voyage.com\/#website\"},\"datePublished\":\"2015-12-14T08:40:55+00:00\",\"dateModified\":\"2016-05-25T07:44:51+00:00\",\"description\":\"Une atmsoph\u00e8re zen issue de la culture japonaise, un design soign\u00e9 et un personnel aux petits soins : bienvenue \u00e0 l\u2019h\u00f4tel Silverland Sakyo.\",\"breadcrumb\":{\"@id\":\"http:\/\/nam-viet-voyage.com\/fr\/silverland-sakyo-hotel-saigon\/#breadcrumb\"},\"inLanguage\":\"fr-FR\",\"potentialAction\":[{\"@type\":\"ReadAction\",\"target\":[\"http:\/\/nam-viet-voyage.com\/fr\/silverland-sakyo-hotel-saigon\/\"]}]},{\"@type\":\"BreadcrumbList\",\"@id\":\"http:\/\/nam-viet-voyage.com\/fr\/silverland-sakyo-hotel-saigon\/#breadcrumb\",\"itemListElement\":[{\"@type\":\"ListItem\",\"position\":1,\"name\":\"Home\",\"item\":\"http:\/\/nam-viet-voyage.com\/fr\/\"},{\"@type\":\"ListItem\",\"position\":2,\"name\":\"Silverland Sakyo Hotel &#8211; Saigon\"}]},{\"@type\":\"WebSite\",\"@id\":\"https:\/\/nam-viet-voyage.com\/#website\",\"url\":\"https:\/\/nam-viet-voyage.com\/\",\"name\":\"Nam Viet Voyage\",\"description\":\"Voyages en Asie du Sud-Est\",\"potentialAction\":[{\"@type\":\"SearchAction\",\"target\":{\"@type\":\"EntryPoint\",\"urlTemplate\":\"https:\/\/nam-viet-voyage.com\/?s={search_term_string}\"},\"query-input\":{\"@type\":\"PropertyValueSpecification\",\"valueRequired\":true,\"valueName\":\"search_term_string\"}}],\"inLanguage\":\"fr-FR\"}]}<\/script>\n<!-- \/ Yoast SEO plugin. -->","yoast_head_json":{"title":"Silverland Sakyo Hotel - Saigon - Nam Viet Voyage","description":"Une atmsoph\u00e8re zen issue de la culture japonaise, un design soign\u00e9 et un personnel aux petits soins : bienvenue \u00e0 l\u2019h\u00f4tel Silverland Sakyo.","robots":{"index":"index","follow":"follow","max-snippet":"max-snippet:-1","max-image-preview":"max-image-preview:large","max-video-preview":"max-video-preview:-1"},"canonical":"http:\/\/nam-viet-voyage.com\/fr\/silverland-sakyo-hotel-saigon\/","og_locale":"fr_FR","og_type":"article","og_title":"Silverland Sakyo Hotel - Saigon - Nam Viet Voyage","og_description":"Une atmsoph\u00e8re zen issue de la culture japonaise, un design soign\u00e9 et un personnel aux petits soins : bienvenue \u00e0 l\u2019h\u00f4tel Silverland Sakyo.","og_url":"http:\/\/nam-viet-voyage.com\/fr\/silverland-sakyo-hotel-saigon\/","og_site_name":"Nam Viet Voyage","article_publisher":"https:\/\/www.facebook.com\/NamVietVoyage","article_modified_time":"2016-05-25T07:44:51+00:00","twitter_card":"summary_large_image","twitter_site":"@NamVietVoyage","twitter_misc":{"Dur\u00e9e de lecture estim\u00e9e":"2 minutes"},"schema":{"@context":"https:\/\/schema.org","@graph":[{"@type":"WebPage","@id":"http:\/\/nam-viet-voyage.com\/fr\/silverland-sakyo-hotel-saigon\/","url":"http:\/\/nam-viet-voyage.com\/fr\/silverland-sakyo-hotel-saigon\/","name":"Silverland Sakyo Hotel - Saigon - Nam Viet Voyage","isPartOf":{"@id":"https:\/\/nam-viet-voyage.com\/#website"},"datePublished":"2015-12-14T08:40:55+00:00","dateModified":"2016-05-25T07:44:51+00:00","description":"Une atmsoph\u00e8re zen issue de la culture japonaise, un design soign\u00e9 et un personnel aux petits soins : bienvenue \u00e0 l\u2019h\u00f4tel Silverland Sakyo.","breadcrumb":{"@id":"http:\/\/nam-viet-voyage.com\/fr\/silverland-sakyo-hotel-saigon\/#breadcrumb"},"inLanguage":"fr-FR","potentialAction":[{"@type":"ReadAction","target":["http:\/\/nam-viet-voyage.com\/fr\/silverland-sakyo-hotel-saigon\/"]}]},{"@type":"BreadcrumbList","@id":"http:\/\/nam-viet-voyage.com\/fr\/silverland-sakyo-hotel-saigon\/#breadcrumb","itemListElement":[{"@type":"ListItem","position":1,"name":"Home","item":"http:\/\/nam-viet-voyage.com\/fr\/"},{"@type":"ListItem","position":2,"name":"Silverland Sakyo Hotel &#8211; Saigon"}]},{"@type":"WebSite","@id":"https:\/\/nam-viet-voyage.com\/#website","url":"https:\/\/nam-viet-voyage.com\/","name":"Nam Viet Voyage","description":"Voyages en Asie du Sud-Est","potentialAction":[{"@type":"SearchAction","target":{"@type":"EntryPoint","urlTemplate":"https:\/\/nam-viet-voyage.com\/?s={search_term_string}"},"query-input":{"@type":"PropertyValueSpecification","valueRequired":true,"valueName":"search_term_string"}}],"inLanguage":"fr-FR"}]}},"_links":{"self":[{"href":"http:\/\/nam-viet-voyage.com\/fr\/wp-json\/wp\/v2\/pages\/10182","targetHints":{"allow":["GET"]}}],"collection":[{"href":"http:\/\/nam-viet-voyage.com\/fr\/wp-json\/wp\/v2\/pages"}],"about":[{"href":"http:\/\/nam-viet-voyage.com\/fr\/wp-json\/wp\/v2\/types\/page"}],"author":[{"embeddable":true,"href":"http:\/\/nam-viet-voyage.com\/fr\/wp-json\/wp\/v2\/users\/5"}],"replies":[{"embeddable":true,"href":"http:\/\/nam-viet-voyage.com\/fr\/wp-json\/wp\/v2\/comments?post=10182"}],"version-history":[{"count":3,"href":"http:\/\/nam-viet-voyage.com\/fr\/wp-json\/wp\/v2\/pages\/10182\/revisions"}],"predecessor-version":[{"id":11123,"href":"http:\/\/nam-viet-voyage.com\/fr\/wp-json\/wp\/v2\/pages\/10182\/revisions\/11123"}],"wp:attachment":[{"href":"http:\/\/nam-viet-voyage.com\/fr\/wp-json\/wp\/v2\/media?parent=10182"}],"curies":[{"name":"wp","href":"https:\/\/api.w.org\/{rel}","templated":true}]}}